{"id":11704,"date":"2024-11-27T20:10:38","date_gmt":"2024-11-27T17:10:38","guid":{"rendered":"https:\/\/www.makitamarket.com.tr\/site\/urun\/makita-ni-mh-serisi-aku-9-6-v-1-8ah-bh9020\/"},"modified":"2026-04-06T13:48:09","modified_gmt":"2026-04-06T10:48:09","slug":"makita-ni-mh-serisi-aku-9-6-v-1-8ah-bh9020","status":"publish","type":"product","link":"https:\/\/www.makitamarket.com.tr\/site\/urun\/makita-ni-mh-serisi-aku-9-6-v-1-8ah-bh9020\/","title":{"rendered":"Makita 193631-3 N\u0130 &#8211; MH SER\u0130S\u0130 AK\u00dc 9.6 V 1.8AH BH9020"},"content":{"rendered":"<table>\n<tr>\n<td>Model<\/td>\n<td>BH9020<\/td>\n<\/tr>\n<tr>\n<td>G\u00fc\u00e7 \/ Kapasite<\/td>\n<td>9.6 V \/ 1.8 Ah \/ Ni-MH<\/td>\n<\/tr>\n<tr>\n<td>A\u00e7\u0131klama<\/td>\n<td>S\u00fcrg\u00fcl\u00fc<\/td>\n<\/tr>\n<\/table>\n","protected":false},"excerpt":{"rendered":"<p>Model BH9020 G\u00fc\u00e7 \/ Kapasite 9.6 V \/ 1.8 Ah \/ Ni-MH A\u00e7\u0131klama S\u00fcrg\u00fcl\u00fc<\/p>\n","protected":false},"featured_media":11703,"comment_status":"open","ping_status":"closed","template":"","meta":{"_acf_changed":false},"product_brand":[1485],"product_cat":[1032],"product_tag":[],"class_list":{"0":"post-11704","1":"product","2":"type-product","3":"status-publish","4":"has-post-thumbnail","6":"product_brand-makita","7":"product_cat-nikel-metal-hibrid-ni-mh-akuler","9":"first","10":"instock","11":"taxable","12":"shipping-taxable","13":"purchasable","14":"product-type-simple","15":"add-to-wishlist-after_add_to_cart"},"acf":[],"_links":{"self":[{"href":"https:\/\/www.makitamarket.com.tr\/site\/wp-json\/wp\/v2\/product\/11704","targetHints":{"allow":["GET"]}}],"collection":[{"href":"https:\/\/www.makitamarket.com.tr\/site\/wp-json\/wp\/v2\/product"}],"about":[{"href":"https:\/\/www.makitamarket.com.tr\/site\/wp-json\/wp\/v2\/types\/product"}],"replies":[{"embeddable":true,"href":"https:\/\/www.makitamarket.com.tr\/site\/wp-json\/wp\/v2\/comments?post=11704"}],"wp:featuredmedia":[{"embeddable":true,"href":"https:\/\/www.makitamarket.com.tr\/site\/wp-json\/wp\/v2\/media\/11703"}],"wp:attachment":[{"href":"https:\/\/www.makitamarket.com.tr\/site\/wp-json\/wp\/v2\/media?parent=11704"}],"wp:term":[{"taxonomy":"product_brand","embeddable":true,"href":"https:\/\/www.makitamarket.com.tr\/site\/wp-json\/wp\/v2\/product_brand?post=11704"},{"taxonomy":"product_cat","embeddable":true,"href":"https:\/\/www.makitamarket.com.tr\/site\/wp-json\/wp\/v2\/product_cat?post=11704"},{"taxonomy":"product_tag","embeddable":true,"href":"https:\/\/www.makitamarket.com.tr\/site\/wp-json\/wp\/v2\/product_tag?post=11704"}],"curies":[{"name":"wp","href":"https:\/\/api.w.org\/{rel}","templated":true}]}}