{"id":11726,"date":"2024-11-27T20:10:46","date_gmt":"2024-11-27T17:10:46","guid":{"rendered":"https:\/\/www.makitamarket.com.tr\/site\/urun\/todrill-3-lu-sds-plus-adaptor-seti\/"},"modified":"2026-03-30T08:08:21","modified_gmt":"2026-03-30T05:08:21","slug":"todrill-3-lu-sds-plus-adaptor-seti","status":"publish","type":"product","link":"https:\/\/www.makitamarket.com.tr\/site\/urun\/todrill-3-lu-sds-plus-adaptor-seti\/","title":{"rendered":"Todrill TD50738 3 L\u00dc SDS &#8211; PLUS ADAPT\u00d6R SET\u0130"},"content":{"rendered":"<table>\n<tr>\n<td>\u00d6l\u00e7\u00fc<\/td>\n<td>1\/4&#8243;, 3\/8&#8243;, 1\/2&#8243;<\/td>\n<\/tr>\n<tr>\n<td>Kutu\/Koli \u0130\u00e7i Adedi<\/td>\n<td>20\/100<\/td>\n<\/tr>\n<\/table>\n","protected":false},"excerpt":{"rendered":"<p>\u00d6l\u00e7\u00fc 1\/4&#8243;, 3\/8&#8243;, 1\/2&#8243; Kutu\/Koli \u0130\u00e7i Adedi 20\/100<\/p>\n","protected":false},"featured_media":11725,"comment_status":"open","ping_status":"closed","template":"","meta":{"_acf_changed":false},"product_brand":[1544],"product_cat":[1047],"product_tag":[],"class_list":{"0":"post-11726","1":"product","2":"type-product","3":"status-publish","4":"has-post-thumbnail","6":"product_brand-todrill","7":"product_cat-bits-uclar-aparatlar-adaptorler","9":"first","10":"instock","11":"taxable","12":"shipping-taxable","13":"purchasable","14":"product-type-simple","15":"add-to-wishlist-after_add_to_cart"},"acf":[],"_links":{"self":[{"href":"https:\/\/www.makitamarket.com.tr\/site\/wp-json\/wp\/v2\/product\/11726","targetHints":{"allow":["GET"]}}],"collection":[{"href":"https:\/\/www.makitamarket.com.tr\/site\/wp-json\/wp\/v2\/product"}],"about":[{"href":"https:\/\/www.makitamarket.com.tr\/site\/wp-json\/wp\/v2\/types\/product"}],"replies":[{"embeddable":true,"href":"https:\/\/www.makitamarket.com.tr\/site\/wp-json\/wp\/v2\/comments?post=11726"}],"wp:featuredmedia":[{"embeddable":true,"href":"https:\/\/www.makitamarket.com.tr\/site\/wp-json\/wp\/v2\/media\/11725"}],"wp:attachment":[{"href":"https:\/\/www.makitamarket.com.tr\/site\/wp-json\/wp\/v2\/media?parent=11726"}],"wp:term":[{"taxonomy":"product_brand","embeddable":true,"href":"https:\/\/www.makitamarket.com.tr\/site\/wp-json\/wp\/v2\/product_brand?post=11726"},{"taxonomy":"product_cat","embeddable":true,"href":"https:\/\/www.makitamarket.com.tr\/site\/wp-json\/wp\/v2\/product_cat?post=11726"},{"taxonomy":"product_tag","embeddable":true,"href":"https:\/\/www.makitamarket.com.tr\/site\/wp-json\/wp\/v2\/product_tag?post=11726"}],"curies":[{"name":"wp","href":"https:\/\/api.w.org\/{rel}","templated":true}]}}