{"id":11732,"date":"2024-11-27T20:10:50","date_gmt":"2024-11-27T17:10:50","guid":{"rendered":"https:\/\/www.makitamarket.com.tr\/site\/urun\/proxxon-proxxon-28650-mic-mikro-el-testeresi\/"},"modified":"2026-04-06T13:48:18","modified_gmt":"2026-04-06T10:48:18","slug":"proxxon-proxxon-28650-mic-mikro-el-testeresi","status":"publish","type":"product","link":"https:\/\/www.makitamarket.com.tr\/site\/urun\/proxxon-proxxon-28650-mic-mikro-el-testeresi\/","title":{"rendered":"Proxxon 28650 MIC MIKRO PROXXON 28650 MIC MIKRO EL TESTERESI"},"content":{"rendered":"<div>\n\t<strong><span style=\"font-family:tahoma,geneva,sans-serif;\"><span style=\"font-size:12px;\">Kullan\u0131m Alanlar\u0131 : <\/span><\/span><\/strong><span style=\"font-family:tahoma,geneva,sans-serif;\"><span style=\"font-size:12px;\">Ah\u015fap, plastik, cam elyaf takviyeli plastik, ka\u011f\u0131t, karton, folyo ve benzeri malzemeler i\u00e7in idealdir.0.5 mm kesme geni\u015fli\u011fi.<\/span><\/span><\/div>\n<div>\n\t<strong>Uyumlu Aksesuarlar:<\/strong><\/div>\n<div>\n\t<strong>PROX28652:<\/strong> Testere (1)<\/div>\n<div>\n\t<strong>PROX28654: <\/strong>Elmas Testere (1)<\/div>\n<table>\n<tr>\n<td>A\u011f\u0131rl\u0131k<\/td>\n<td>300gr<\/td>\n<\/tr>\n<tr>\n<td>G\u00fc\u00e7<\/td>\n<td>10 W<\/td>\n<\/tr>\n<tr>\n<td>Kesme Kapasitesi<\/td>\n<td>4mm<\/td>\n<\/tr>\n<tr>\n<td>\u00c7al\u0131\u015fma gerilimi<\/td>\n<td>220-240V<\/td>\n<\/tr>\n<tr>\n<td>Devir<\/td>\n<td>15.000 d\/dak<\/td>\n<\/tr>\n<tr>\n<td>Testere \u00d6l\u00e7\u00fcs\u00fc<\/td>\n<td>23&#215;0.3&#215;2.6 mm<\/td>\n<\/tr>\n<\/table>\n","protected":false},"excerpt":{"rendered":"<div>\n\t<strong><span style=\"font-family:tahoma,geneva,sans-serif;\"><span style=\"font-size:12px;\">Kullan\u0131m Alanlar\u0131 : <\/span><\/span><\/strong><span style=\"font-family:tahoma,geneva,sans-serif;\"><span style=\"font-size:12px;\">Ah\u015fap, plastik, cam elyaf takviyeli plastik, ka\u011f\u0131t, karton, folyo ve benzeri malzemeler i\u00e7in idealdir.0.5 mm kesme geni\u015fli\u011fi.<\/span><\/span><\/div>\n<div>\n\t<strong>Uyumlu Aksesuarlar:<\/strong><\/div>\n<div>\n\t<strong>PROX28652:<\/strong> Testere (1)<\/div>\n<div>\n\t<strong>PROX28654: <\/strong>Elmas Testere (1)<\/div>\n","protected":false},"featured_media":11731,"comment_status":"open","ping_status":"closed","template":"","meta":{"_acf_changed":false},"product_brand":[1501],"product_cat":[1140],"product_tag":[],"class_list":{"0":"post-11732","1":"product","2":"type-product","3":"status-publish","4":"has-post-thumbnail","6":"product_brand-proxxon","7":"product_cat-el-tipi-testereler","9":"first","10":"instock","11":"taxable","12":"shipping-taxable","13":"purchasable","14":"product-type-simple","15":"add-to-wishlist-after_add_to_cart"},"acf":[],"_links":{"self":[{"href":"https:\/\/www.makitamarket.com.tr\/site\/wp-json\/wp\/v2\/product\/11732","targetHints":{"allow":["GET"]}}],"collection":[{"href":"https:\/\/www.makitamarket.com.tr\/site\/wp-json\/wp\/v2\/product"}],"about":[{"href":"https:\/\/www.makitamarket.com.tr\/site\/wp-json\/wp\/v2\/types\/product"}],"replies":[{"embeddable":true,"href":"https:\/\/www.makitamarket.com.tr\/site\/wp-json\/wp\/v2\/comments?post=11732"}],"wp:featuredmedia":[{"embeddable":true,"href":"https:\/\/www.makitamarket.com.tr\/site\/wp-json\/wp\/v2\/media\/11731"}],"wp:attachment":[{"href":"https:\/\/www.makitamarket.com.tr\/site\/wp-json\/wp\/v2\/media?parent=11732"}],"wp:term":[{"taxonomy":"product_brand","embeddable":true,"href":"https:\/\/www.makitamarket.com.tr\/site\/wp-json\/wp\/v2\/product_brand?post=11732"},{"taxonomy":"product_cat","embeddable":true,"href":"https:\/\/www.makitamarket.com.tr\/site\/wp-json\/wp\/v2\/product_cat?post=11732"},{"taxonomy":"product_tag","embeddable":true,"href":"https:\/\/www.makitamarket.com.tr\/site\/wp-json\/wp\/v2\/product_tag?post=11732"}],"curies":[{"name":"wp","href":"https:\/\/api.w.org\/{rel}","templated":true}]}}