{"id":11738,"date":"2024-11-27T20:10:53","date_gmt":"2024-11-27T17:10:53","guid":{"rendered":"https:\/\/www.makitamarket.com.tr\/site\/urun\/makita-inox-kesme-tasi-duz-125x1-2-mm\/"},"modified":"2026-04-06T13:48:51","modified_gmt":"2026-04-06T10:48:51","slug":"makita-inox-kesme-tasi-duz-125x1-2-mm","status":"publish","type":"product","link":"https:\/\/www.makitamarket.com.tr\/site\/urun\/makita-inox-kesme-tasi-duz-125x1-2-mm\/","title":{"rendered":"Makita D-18770 \u0130NOX KESME TA\u015eI &#8211; D\u00dcZ 125&#215;1.2 mm"},"content":{"rendered":"<table>\n<tr>\n<td>\u00d6l\u00e7\u00fcler<\/td>\n<td>125 X 1.2 mm<\/td>\n<\/tr>\n<tr>\n<td>Kalite<\/td>\n<td>WA60T<\/td>\n<\/tr>\n<tr>\n<td>Malzeme<\/td>\n<td>\u0130nox Kesme<\/td>\n<\/tr>\n<tr>\n<td>Tip<\/td>\n<td>D\u00fcz<\/td>\n<\/tr>\n<tr>\n<td>Kutu<\/td>\n<td>100<\/td>\n<\/tr>\n<\/table>\n","protected":false},"excerpt":{"rendered":"<p>\u00d6l\u00e7\u00fcler 125 X 1.2 mm Kalite WA60T Malzeme \u0130nox Kesme Tip D\u00fcz Kutu 100<\/p>\n","protected":false},"featured_media":11737,"comment_status":"open","ping_status":"closed","template":"","meta":{"_acf_changed":false},"product_brand":[1485],"product_cat":[1141],"product_tag":[],"class_list":{"0":"post-11738","1":"product","2":"type-product","3":"status-publish","4":"has-post-thumbnail","6":"product_brand-makita","7":"product_cat-125mm-kesme-taslari","9":"first","10":"instock","11":"taxable","12":"shipping-taxable","13":"purchasable","14":"product-type-simple","15":"add-to-wishlist-after_add_to_cart"},"acf":[],"_links":{"self":[{"href":"https:\/\/www.makitamarket.com.tr\/site\/wp-json\/wp\/v2\/product\/11738","targetHints":{"allow":["GET"]}}],"collection":[{"href":"https:\/\/www.makitamarket.com.tr\/site\/wp-json\/wp\/v2\/product"}],"about":[{"href":"https:\/\/www.makitamarket.com.tr\/site\/wp-json\/wp\/v2\/types\/product"}],"replies":[{"embeddable":true,"href":"https:\/\/www.makitamarket.com.tr\/site\/wp-json\/wp\/v2\/comments?post=11738"}],"wp:featuredmedia":[{"embeddable":true,"href":"https:\/\/www.makitamarket.com.tr\/site\/wp-json\/wp\/v2\/media\/11737"}],"wp:attachment":[{"href":"https:\/\/www.makitamarket.com.tr\/site\/wp-json\/wp\/v2\/media?parent=11738"}],"wp:term":[{"taxonomy":"product_brand","embeddable":true,"href":"https:\/\/www.makitamarket.com.tr\/site\/wp-json\/wp\/v2\/product_brand?post=11738"},{"taxonomy":"product_cat","embeddable":true,"href":"https:\/\/www.makitamarket.com.tr\/site\/wp-json\/wp\/v2\/product_cat?post=11738"},{"taxonomy":"product_tag","embeddable":true,"href":"https:\/\/www.makitamarket.com.tr\/site\/wp-json\/wp\/v2\/product_tag?post=11738"}],"curies":[{"name":"wp","href":"https:\/\/api.w.org\/{rel}","templated":true}]}}