{"id":11750,"date":"2024-11-27T20:10:56","date_gmt":"2024-11-27T17:10:56","guid":{"rendered":"https:\/\/www.makitamarket.com.tr\/site\/urun\/makita-sarjli-el-supurgesi-bez-filtreli-18v\/"},"modified":"2025-01-06T20:35:09","modified_gmt":"2025-01-06T17:35:09","slug":"makita-sarjli-el-supurgesi-bez-filtreli-18v","status":"publish","type":"product","link":"https:\/\/www.makitamarket.com.tr\/site\/urun\/makita-sarjli-el-supurgesi-bez-filtreli-18v\/","title":{"rendered":"Makita DCL180Z \u015eARJLI EL S\u00dcP\u00dcRGES\u0130 (BEZ F\u0130LTREL\u0130) 18V"},"content":{"rendered":"<p>\n\tAk\u00fc ve \u015farj cihaz\u0131 dahil de\u011fildir.<\/p>\n<table>\n<tr>\n<td>Kapasite<\/td>\n<td>600 mL<\/td>\n<\/tr>\n<tr>\n<td>Maksimum Hava Hacmi<\/td>\n<td>1.2 m\u00b3\/ min<\/td>\n<\/tr>\n<tr>\n<td>Batarya \u00f6mr\u00fc \/ \u015earz dolum (dk)<\/td>\n<td>24\/60 dk<\/td>\n<\/tr>\n<tr>\n<td>Max. debi hava<\/td>\n<td>2.2kPa (220 mm H20)<\/td>\n<\/tr>\n<tr>\n<td>\u00d6l\u00e7\u00fcler (LxWxH)<\/td>\n<td>454x102x148 mm<\/td>\n<\/tr>\n<tr>\n<td>A\u011f\u0131rl\u0131k<\/td>\n<td>1.10kg (2.5 lbs)<\/td>\n<\/tr>\n<tr>\n<td>Ak\u00fc<\/td>\n<td>BL1830B\/1840\/1850B\/1860B<\/td>\n<\/tr>\n<tr>\n<td>\u015earj Cihaz\u0131<\/td>\n<td>DC18RD (\u00c7iftli) DC18RC<\/td>\n<\/tr>\n<\/table>\n","protected":false},"excerpt":{"rendered":"<p>\n\tAk\u00fc ve \u015farj cihaz\u0131 dahil de\u011fildir.<\/p>\n","protected":false},"featured_media":11749,"comment_status":"open","ping_status":"closed","template":"","meta":{"_acf_changed":false},"product_brand":[],"product_cat":[771],"product_tag":[],"class_list":{"0":"post-11750","1":"product","2":"type-product","3":"status-publish","4":"has-post-thumbnail","6":"product_cat-endustriyel-temizlik-makinalari","8":"first","9":"outofstock","10":"taxable","11":"shipping-taxable","12":"purchasable","13":"product-type-simple","14":"add-to-wishlist-after_add_to_cart"},"acf":[],"_links":{"self":[{"href":"https:\/\/www.makitamarket.com.tr\/site\/wp-json\/wp\/v2\/product\/11750","targetHints":{"allow":["GET"]}}],"collection":[{"href":"https:\/\/www.makitamarket.com.tr\/site\/wp-json\/wp\/v2\/product"}],"about":[{"href":"https:\/\/www.makitamarket.com.tr\/site\/wp-json\/wp\/v2\/types\/product"}],"replies":[{"embeddable":true,"href":"https:\/\/www.makitamarket.com.tr\/site\/wp-json\/wp\/v2\/comments?post=11750"}],"wp:featuredmedia":[{"embeddable":true,"href":"https:\/\/www.makitamarket.com.tr\/site\/wp-json\/wp\/v2\/media\/11749"}],"wp:attachment":[{"href":"https:\/\/www.makitamarket.com.tr\/site\/wp-json\/wp\/v2\/media?parent=11750"}],"wp:term":[{"taxonomy":"product_brand","embeddable":true,"href":"https:\/\/www.makitamarket.com.tr\/site\/wp-json\/wp\/v2\/product_brand?post=11750"},{"taxonomy":"product_cat","embeddable":true,"href":"https:\/\/www.makitamarket.com.tr\/site\/wp-json\/wp\/v2\/product_cat?post=11750"},{"taxonomy":"product_tag","embeddable":true,"href":"https:\/\/www.makitamarket.com.tr\/site\/wp-json\/wp\/v2\/product_tag?post=11750"}],"curies":[{"name":"wp","href":"https:\/\/api.w.org\/{rel}","templated":true}]}}