{"id":11756,"date":"2024-11-27T20:10:59","date_gmt":"2024-11-27T17:10:59","guid":{"rendered":"https:\/\/www.makitamarket.com.tr\/site\/urun\/virax-pafta-taragi-1-2-3-4\/"},"modified":"2026-03-30T08:26:25","modified_gmt":"2026-03-30T05:26:25","slug":"virax-pafta-taragi-1-2-3-4","status":"publish","type":"product","link":"https:\/\/www.makitamarket.com.tr\/site\/urun\/virax-pafta-taragi-1-2-3-4\/","title":{"rendered":"Virax 123502 PAFTA TARA\u011eI 1\/2&#8243; &#8211; 3\/4&#8243;"},"content":{"rendered":"<table>\n<tr>\n<td>Tarak Tipi<\/td>\n<td>Sa\u011f BSPT<\/td>\n<\/tr>\n<tr>\n<td>Boru \u00d6l\u00e7\u00fcs\u00fc<\/td>\n<td>1\/2&#8243; &#8211; 3\/4&#8243;<\/td>\n<\/tr>\n<tr>\n<td>Boru \u00d6l\u00e7\u00fcs\u00fc<\/td>\n<td>15\/21 &#8211; 20\/27 mm<\/td>\n<\/tr>\n<tr>\n<td>Uyumlu Makina<\/td>\n<td>1235 i\u00e7in<\/td>\n<\/tr>\n<\/table>\n","protected":false},"excerpt":{"rendered":"<p>Tarak Tipi Sa\u011f BSPT Boru \u00d6l\u00e7\u00fcs\u00fc 1\/2&#8243; &#8211; 3\/4&#8243; Boru \u00d6l\u00e7\u00fcs\u00fc 15\/21 &#8211; 20\/27 mm Uyumlu Makina 1235 i\u00e7in<\/p>\n","protected":false},"featured_media":12845,"comment_status":"open","ping_status":"closed","template":"","meta":{"_acf_changed":false},"product_brand":[1495],"product_cat":[854],"product_tag":[],"class_list":{"0":"post-11756","1":"product","2":"type-product","3":"status-publish","4":"has-post-thumbnail","6":"product_brand-virax","7":"product_cat-pafta-taraklari","9":"first","10":"instock","11":"taxable","12":"shipping-taxable","13":"purchasable","14":"product-type-simple","15":"add-to-wishlist-after_add_to_cart"},"acf":[],"_links":{"self":[{"href":"https:\/\/www.makitamarket.com.tr\/site\/wp-json\/wp\/v2\/product\/11756","targetHints":{"allow":["GET"]}}],"collection":[{"href":"https:\/\/www.makitamarket.com.tr\/site\/wp-json\/wp\/v2\/product"}],"about":[{"href":"https:\/\/www.makitamarket.com.tr\/site\/wp-json\/wp\/v2\/types\/product"}],"replies":[{"embeddable":true,"href":"https:\/\/www.makitamarket.com.tr\/site\/wp-json\/wp\/v2\/comments?post=11756"}],"wp:featuredmedia":[{"embeddable":true,"href":"https:\/\/www.makitamarket.com.tr\/site\/wp-json\/wp\/v2\/media\/12845"}],"wp:attachment":[{"href":"https:\/\/www.makitamarket.com.tr\/site\/wp-json\/wp\/v2\/media?parent=11756"}],"wp:term":[{"taxonomy":"product_brand","embeddable":true,"href":"https:\/\/www.makitamarket.com.tr\/site\/wp-json\/wp\/v2\/product_brand?post=11756"},{"taxonomy":"product_cat","embeddable":true,"href":"https:\/\/www.makitamarket.com.tr\/site\/wp-json\/wp\/v2\/product_cat?post=11756"},{"taxonomy":"product_tag","embeddable":true,"href":"https:\/\/www.makitamarket.com.tr\/site\/wp-json\/wp\/v2\/product_tag?post=11756"}],"curies":[{"name":"wp","href":"https:\/\/api.w.org\/{rel}","templated":true}]}}