{"id":11783,"date":"2024-11-27T20:11:07","date_gmt":"2024-11-27T17:11:07","guid":{"rendered":"https:\/\/www.makitamarket.com.tr\/site\/urun\/knipex-kablo-siyirici-130-mm\/"},"modified":"2026-04-06T13:49:08","modified_gmt":"2026-04-06T10:49:08","slug":"knipex-kablo-siyirici-130-mm","status":"publish","type":"product","link":"https:\/\/www.makitamarket.com.tr\/site\/urun\/knipex-kablo-siyirici-130-mm\/","title":{"rendered":"Knipex 1282130 KABLO SIYIRICI 130 mm"},"content":{"rendered":"<p><b>12 82 130 SB Kablo S\u0131y\u0131rma Pensesi (Fiber optik kablolar i\u00e7in)<\/b><br \/>Fiber optik kablolarda, fiber \u00f6rt\u00fc ve i\u00e7 plastik koruyucu k\u0131l\u0131f\u0131n \u00e7\u0131kar\u0131lmas\u0131. <\/p>\n<li><b>Kablo s\u0131y\u0131rma de\u011ferleri (\u00e7ap): <\/b>Fiber \u00f6rt\u00fc: 0,125 mm; i\u00e7 plastik kaplama: 0,250 mm<\/li>\n<table>\n<tr>\n<td>Uzunluk<\/td>\n<td>130<\/td>\n<\/tr>\n<tr>\n<td>S\u0131y\u0131rma Kapasitesi<\/td>\n<td>\u00d6n izole 0.125mm i\u00e7 izole 0.250mm<\/td>\n<\/tr>\n<tr>\n<td>A\u011f\u0131rl\u0131k<\/td>\n<td>69 gr<\/td>\n<\/tr>\n<\/table>\n","protected":false},"excerpt":{"rendered":"<p><b>12 82 130 SB Kablo S\u0131y\u0131rma Pensesi (Fiber optik kablolar i\u00e7in)<\/b><br \/>Fiber optik kablolarda, fiber \u00f6rt\u00fc ve i\u00e7 plastik koruyucu k\u0131l\u0131f\u0131n \u00e7\u0131kar\u0131lmas\u0131. <\/p>\n<li><b>Kablo s\u0131y\u0131rma de\u011ferleri (\u00e7ap): <\/b>Fiber \u00f6rt\u00fc: 0,125 mm; i\u00e7 plastik kaplama: 0,250 mm<\/li>\n","protected":false},"featured_media":11782,"comment_status":"open","ping_status":"closed","template":"","meta":{"_acf_changed":false},"product_brand":[1486],"product_cat":[991],"product_tag":[],"class_list":{"0":"post-11783","1":"product","2":"type-product","3":"status-publish","4":"has-post-thumbnail","6":"product_brand-knipex","7":"product_cat-kablo-siyirmalar","9":"first","10":"instock","11":"taxable","12":"shipping-taxable","13":"purchasable","14":"product-type-simple","15":"add-to-wishlist-after_add_to_cart"},"acf":[],"_links":{"self":[{"href":"https:\/\/www.makitamarket.com.tr\/site\/wp-json\/wp\/v2\/product\/11783","targetHints":{"allow":["GET"]}}],"collection":[{"href":"https:\/\/www.makitamarket.com.tr\/site\/wp-json\/wp\/v2\/product"}],"about":[{"href":"https:\/\/www.makitamarket.com.tr\/site\/wp-json\/wp\/v2\/types\/product"}],"replies":[{"embeddable":true,"href":"https:\/\/www.makitamarket.com.tr\/site\/wp-json\/wp\/v2\/comments?post=11783"}],"wp:featuredmedia":[{"embeddable":true,"href":"https:\/\/www.makitamarket.com.tr\/site\/wp-json\/wp\/v2\/media\/11782"}],"wp:attachment":[{"href":"https:\/\/www.makitamarket.com.tr\/site\/wp-json\/wp\/v2\/media?parent=11783"}],"wp:term":[{"taxonomy":"product_brand","embeddable":true,"href":"https:\/\/www.makitamarket.com.tr\/site\/wp-json\/wp\/v2\/product_brand?post=11783"},{"taxonomy":"product_cat","embeddable":true,"href":"https:\/\/www.makitamarket.com.tr\/site\/wp-json\/wp\/v2\/product_cat?post=11783"},{"taxonomy":"product_tag","embeddable":true,"href":"https:\/\/www.makitamarket.com.tr\/site\/wp-json\/wp\/v2\/product_tag?post=11783"}],"curies":[{"name":"wp","href":"https:\/\/api.w.org\/{rel}","templated":true}]}}