{"id":11815,"date":"2024-11-27T20:11:17","date_gmt":"2024-11-27T17:11:17","guid":{"rendered":"https:\/\/www.makitamarket.com.tr\/site\/urun\/knipex-alligator-fort-pense-seti\/"},"modified":"2026-04-06T13:50:07","modified_gmt":"2026-04-06T10:50:07","slug":"knipex-alligator-fort-pense-seti","status":"publish","type":"product","link":"https:\/\/www.makitamarket.com.tr\/site\/urun\/knipex-alligator-fort-pense-seti\/","title":{"rendered":"Knipex 002009V03 ALLIGATOR FORT PENSE SET\u0130"},"content":{"rendered":"<p><b>00 20 09 V03 KNIPEX Alligator\u00ae paketi<\/b><br \/>Self servis delikli \u015f\u0131k sat\u0131\u015f ambalaj\u0131. Tak\u0131mlar \u015feffaf kapakl\u0131 plastik vakum \u00e7ekmeli ambalaj i\u00e7indedir. \u00d6l\u00e7\u00fcler (G x Y x D): 170 x 370 x 40 mm. Parlat\u0131lm\u0131\u015f kafal\u0131 penseler; kaymay\u0131 \u00f6nleyen plastik ile kaplanm\u0131\u015f saplar. self servis kart\/kabartma. <br \/><b>Teslimat kapsam\u0131:<\/b> 1 x 88 01 180 KNIPEX Alligator\u00ae Fort pense (180 mm), 1 x 88 01 250 KNIPEX Alligator\u00ae Fort pense (250 mm), 1 x 88 01 300 KNIPEX Alligator\u00ae Fort pense (300 mm),<\/p>\n<table><\/table>\n","protected":false},"excerpt":{"rendered":"<p><b>00 20 09 V03 KNIPEX Alligator\u00ae paketi<\/b><br \/>Self servis delikli \u015f\u0131k sat\u0131\u015f ambalaj\u0131. Tak\u0131mlar \u015feffaf kapakl\u0131 plastik vakum \u00e7ekmeli ambalaj i\u00e7indedir. \u00d6l\u00e7\u00fcler (G x Y x D): 170 x 370 x 40 mm. Parlat\u0131lm\u0131\u015f kafal\u0131 penseler; kaymay\u0131 \u00f6nleyen plastik ile kaplanm\u0131\u015f saplar. self servis kart\/kabartma. <br \/><b>Teslimat kapsam\u0131:<\/b> 1 x 88 01 180 KNIPEX Alligator\u00ae Fort pense (180 mm), 1 x 88 01 250 KNIPEX Alligator\u00ae Fort pense (250 mm), 1 x 88 01 300 KNIPEX Alligator\u00ae Fort pense (300 mm),<\/p>\n","protected":false},"featured_media":11814,"comment_status":"open","ping_status":"closed","template":"","meta":{"_acf_changed":false},"product_brand":[1486],"product_cat":[956],"product_tag":[],"class_list":{"0":"post-11815","1":"product","2":"type-product","3":"status-publish","4":"has-post-thumbnail","6":"product_brand-knipex","7":"product_cat-ayarli-penseler","9":"first","10":"instock","11":"taxable","12":"shipping-taxable","13":"purchasable","14":"product-type-simple","15":"add-to-wishlist-after_add_to_cart"},"acf":[],"_links":{"self":[{"href":"https:\/\/www.makitamarket.com.tr\/site\/wp-json\/wp\/v2\/product\/11815","targetHints":{"allow":["GET"]}}],"collection":[{"href":"https:\/\/www.makitamarket.com.tr\/site\/wp-json\/wp\/v2\/product"}],"about":[{"href":"https:\/\/www.makitamarket.com.tr\/site\/wp-json\/wp\/v2\/types\/product"}],"replies":[{"embeddable":true,"href":"https:\/\/www.makitamarket.com.tr\/site\/wp-json\/wp\/v2\/comments?post=11815"}],"wp:featuredmedia":[{"embeddable":true,"href":"https:\/\/www.makitamarket.com.tr\/site\/wp-json\/wp\/v2\/media\/11814"}],"wp:attachment":[{"href":"https:\/\/www.makitamarket.com.tr\/site\/wp-json\/wp\/v2\/media?parent=11815"}],"wp:term":[{"taxonomy":"product_brand","embeddable":true,"href":"https:\/\/www.makitamarket.com.tr\/site\/wp-json\/wp\/v2\/product_brand?post=11815"},{"taxonomy":"product_cat","embeddable":true,"href":"https:\/\/www.makitamarket.com.tr\/site\/wp-json\/wp\/v2\/product_cat?post=11815"},{"taxonomy":"product_tag","embeddable":true,"href":"https:\/\/www.makitamarket.com.tr\/site\/wp-json\/wp\/v2\/product_tag?post=11815"}],"curies":[{"name":"wp","href":"https:\/\/api.w.org\/{rel}","templated":true}]}}