{"id":11819,"date":"2024-11-27T20:11:18","date_gmt":"2024-11-27T17:11:18","guid":{"rendered":"https:\/\/www.makitamarket.com.tr\/site\/urun\/proxxon-akulu-matkap-taslama-ibs-a-govde\/"},"modified":"2026-04-06T13:50:09","modified_gmt":"2026-04-06T10:50:09","slug":"proxxon-akulu-matkap-taslama-ibs-a-govde","status":"publish","type":"product","link":"https:\/\/www.makitamarket.com.tr\/site\/urun\/proxxon-akulu-matkap-taslama-ibs-a-govde\/","title":{"rendered":"Proxxon 29802 AK\u00dcL\u00dc MATKAP TA\u015eLAMA IBS\/A G\u00d6VDE"},"content":{"rendered":"<div>\n\t<strong>Kullan\u0131m Alanlar\u0131 :\u00a0<\/strong>Delme, frezeleme, ta\u015flama, z\u0131mparalama, polisaj, temizleme, oyuk a\u00e7ma ve grav\u00fcr i\u015flerinde kullan\u0131l\u0131r.<\/div>\n<div>\n\t<strong>Sevkiyat Kapsam\u0131 :\u00a0<\/strong>34 par\u00e7a u\u00e7 ve kesici ile birlikte.<\/div>\n<div>\n\t<strong>Uyumlu aksesuarlar :<\/strong>\u00a0Aksesuarlar b\u00f6l\u00fcm\u00fcndeki delme, frezeleme, z\u0131mparalama, polisaj ve ta\u015flama u\u00e7lar\u0131 ile birlikte kullan\u0131labilir.<\/div>\n<div>\n\t\u015earz aleti ve batarya dahil de\u011fildir.<\/div>\n<table>\n<tr>\n<td>G\u00fc\u00e7<\/td>\n<td>10,8 V<\/td>\n<\/tr>\n<tr>\n<td>Devir H\u0131z\u0131<\/td>\n<td>7000-23000 d\/dak<\/td>\n<\/tr>\n<tr>\n<td>Uzunluk<\/td>\n<td>27 cm<\/td>\n<\/tr>\n<tr>\n<td>A\u011f\u0131rl\u0131k<\/td>\n<td>700g<\/td>\n<\/tr>\n<tr>\n<td>Muhafaza<\/td>\n<td>Dayan\u0131kl\u0131 Plastik Kutu<\/td>\n<\/tr>\n<\/table>\n","protected":false},"excerpt":{"rendered":"<div>\n\t<strong>Kullan\u0131m Alanlar\u0131 :\u00a0<\/strong>Delme, frezeleme, ta\u015flama, z\u0131mparalama, polisaj, temizleme, oyuk a\u00e7ma ve grav\u00fcr i\u015flerinde kullan\u0131l\u0131r.<\/div>\n<div>\n\t<strong>Sevkiyat Kapsam\u0131 :\u00a0<\/strong>34 par\u00e7a u\u00e7 ve kesici ile birlikte.<\/div>\n<div>\n\t<strong>Uyumlu aksesuarlar :<\/strong>\u00a0Aksesuarlar b\u00f6l\u00fcm\u00fcndeki delme, frezeleme, z\u0131mparalama, polisaj ve ta\u015flama u\u00e7lar\u0131 ile birlikte kullan\u0131labilir.<\/div>\n<div>\n\t\u015earz aleti ve batarya dahil de\u011fildir.<\/div>\n","protected":false},"featured_media":11818,"comment_status":"open","ping_status":"closed","template":"","meta":{"_acf_changed":false},"product_brand":[1501],"product_cat":[1565],"product_tag":[],"class_list":{"0":"post-11819","1":"product","2":"type-product","3":"status-publish","4":"has-post-thumbnail","6":"product_brand-proxxon","7":"product_cat-yok-yok","9":"first","10":"instock","11":"taxable","12":"shipping-taxable","13":"purchasable","14":"product-type-simple","15":"add-to-wishlist-after_add_to_cart"},"acf":[],"_links":{"self":[{"href":"https:\/\/www.makitamarket.com.tr\/site\/wp-json\/wp\/v2\/product\/11819","targetHints":{"allow":["GET"]}}],"collection":[{"href":"https:\/\/www.makitamarket.com.tr\/site\/wp-json\/wp\/v2\/product"}],"about":[{"href":"https:\/\/www.makitamarket.com.tr\/site\/wp-json\/wp\/v2\/types\/product"}],"replies":[{"embeddable":true,"href":"https:\/\/www.makitamarket.com.tr\/site\/wp-json\/wp\/v2\/comments?post=11819"}],"wp:featuredmedia":[{"embeddable":true,"href":"https:\/\/www.makitamarket.com.tr\/site\/wp-json\/wp\/v2\/media\/11818"}],"wp:attachment":[{"href":"https:\/\/www.makitamarket.com.tr\/site\/wp-json\/wp\/v2\/media?parent=11819"}],"wp:term":[{"taxonomy":"product_brand","embeddable":true,"href":"https:\/\/www.makitamarket.com.tr\/site\/wp-json\/wp\/v2\/product_brand?post=11819"},{"taxonomy":"product_cat","embeddable":true,"href":"https:\/\/www.makitamarket.com.tr\/site\/wp-json\/wp\/v2\/product_cat?post=11819"},{"taxonomy":"product_tag","embeddable":true,"href":"https:\/\/www.makitamarket.com.tr\/site\/wp-json\/wp\/v2\/product_tag?post=11819"}],"curies":[{"name":"wp","href":"https:\/\/api.w.org\/{rel}","templated":true}]}}