{"id":11836,"date":"2024-11-27T20:11:27","date_gmt":"2024-11-27T17:11:27","guid":{"rendered":"https:\/\/www.makitamarket.com.tr\/site\/urun\/makita-mt-avuc-taslama-115-mm\/"},"modified":"2026-04-06T13:50:59","modified_gmt":"2026-04-06T10:50:59","slug":"makita-mt-avuc-taslama-115-mm","status":"publish","type":"product","link":"https:\/\/www.makitamarket.com.tr\/site\/urun\/makita-mt-avuc-taslama-115-mm\/","title":{"rendered":"Makita MT M9502RB AVU\u00c7 TA\u015eLAMA 115 mm"},"content":{"rendered":"<div>\n\t<strong>Kompakt Avu\u00e7 Ta\u015flama<br \/>\n\t<\/strong><\/div>\n<div>\n\t\u2022 \u0130\u015flenmi\u015f metal di\u015fliler\u00a0<\/div>\n<div>\n\t\u2022 Kolay kavran\u0131labilir avu\u00e7 i\u00e7ine oturan g\u00f6vde<\/div>\n<div>\n\t\u2022\u00a0194mm g\u00f6vde \u00e7ap\u0131 ile ince motor muhafazas\u0131<\/div>\n<table>\n<tr>\n<td>S\u00fcrekli Ak\u0131m Giri\u015fi<\/td>\n<td>570W<\/td>\n<\/tr>\n<tr>\n<td>Bo\u015ftaki devir say\u0131s\u0131<\/td>\n<td>11.000 devir\/dk<\/td>\n<\/tr>\n<tr>\n<td>Disk \u00c7ap\u0131<\/td>\n<td>115<\/td>\n<\/tr>\n<tr>\n<td>Net A\u011f\u0131rl\u0131k<\/td>\n<td>2 kg<\/td>\n<\/tr>\n<tr>\n<td>Ak\u0131m<\/td>\n<td>2.6Ah<\/td>\n<\/tr>\n<tr>\n<td>Ambalaj \u0130\u00e7eri\u011fi<\/td>\n<td>Yan sap, Siper, Anahtar<\/td>\n<\/tr>\n<\/table>\n","protected":false},"excerpt":{"rendered":"<div>\n\t<strong>Kompakt Avu\u00e7 Ta\u015flama<br \/>\n\t<\/strong><\/div>\n<div>\n\t\u2022 \u0130\u015flenmi\u015f metal di\u015fliler\u00a0<\/div>\n<div>\n\t\u2022 Kolay kavran\u0131labilir avu\u00e7 i\u00e7ine oturan g\u00f6vde<\/div>\n<div>\n\t\u2022\u00a0194mm g\u00f6vde \u00e7ap\u0131 ile ince motor muhafazas\u0131<\/div>\n","protected":false},"featured_media":11835,"comment_status":"open","ping_status":"closed","template":"","meta":{"_acf_changed":false},"product_brand":[1528],"product_cat":[1565],"product_tag":[],"class_list":{"0":"post-11836","1":"product","2":"type-product","3":"status-publish","4":"has-post-thumbnail","6":"product_brand-makita-mt","7":"product_cat-yok-yok","9":"first","10":"instock","11":"taxable","12":"shipping-taxable","13":"purchasable","14":"product-type-simple","15":"add-to-wishlist-after_add_to_cart"},"acf":[],"_links":{"self":[{"href":"https:\/\/www.makitamarket.com.tr\/site\/wp-json\/wp\/v2\/product\/11836","targetHints":{"allow":["GET"]}}],"collection":[{"href":"https:\/\/www.makitamarket.com.tr\/site\/wp-json\/wp\/v2\/product"}],"about":[{"href":"https:\/\/www.makitamarket.com.tr\/site\/wp-json\/wp\/v2\/types\/product"}],"replies":[{"embeddable":true,"href":"https:\/\/www.makitamarket.com.tr\/site\/wp-json\/wp\/v2\/comments?post=11836"}],"wp:featuredmedia":[{"embeddable":true,"href":"https:\/\/www.makitamarket.com.tr\/site\/wp-json\/wp\/v2\/media\/11835"}],"wp:attachment":[{"href":"https:\/\/www.makitamarket.com.tr\/site\/wp-json\/wp\/v2\/media?parent=11836"}],"wp:term":[{"taxonomy":"product_brand","embeddable":true,"href":"https:\/\/www.makitamarket.com.tr\/site\/wp-json\/wp\/v2\/product_brand?post=11836"},{"taxonomy":"product_cat","embeddable":true,"href":"https:\/\/www.makitamarket.com.tr\/site\/wp-json\/wp\/v2\/product_cat?post=11836"},{"taxonomy":"product_tag","embeddable":true,"href":"https:\/\/www.makitamarket.com.tr\/site\/wp-json\/wp\/v2\/product_tag?post=11836"}],"curies":[{"name":"wp","href":"https:\/\/api.w.org\/{rel}","templated":true}]}}