{"id":11838,"date":"2024-11-27T20:11:27","date_gmt":"2024-11-27T17:11:27","guid":{"rendered":"https:\/\/www.makitamarket.com.tr\/site\/urun\/scheppach-scheppach-sm200l-tas-motoru\/"},"modified":"2026-03-30T08:10:21","modified_gmt":"2026-03-30T05:10:21","slug":"scheppach-scheppach-sm200l-tas-motoru","status":"publish","type":"product","link":"https:\/\/www.makitamarket.com.tr\/site\/urun\/scheppach-scheppach-sm200l-tas-motoru\/","title":{"rendered":"Scheppach SM200L SCHEPPACH SM200L TA\u015e MOTORU"},"content":{"rendered":"<table>\n<tr>\n<td>Ebatlar (UxGxY)<\/td>\n<td>360x220x255 mm<\/td>\n<\/tr>\n<tr>\n<td>Ta\u015flama Diski Kum \u00d6l\u00e7\u00fcs\u00fc<\/td>\n<td>36\/60 kum<\/td>\n<\/tr>\n<tr>\n<td>Ta\u015flama Diski G\u00f6bek<\/td>\n<td>159 mm<\/td>\n<\/tr>\n<tr>\n<td>A\u011f\u0131rl\u0131k<\/td>\n<td>12 kg<\/td>\n<\/tr>\n<tr>\n<td>Motor<\/td>\n<td>220-240V ~\/50 Hz<\/td>\n<\/tr>\n<tr>\n<td>Giri\u015f<\/td>\n<td>500 W<\/td>\n<\/tr>\n<tr>\n<td>H\u0131z<\/td>\n<td>2.850 d\/dk<\/td>\n<\/tr>\n<tr>\n<td>Ta\u015flama Diski \u00d6l\u00e7\u00fcs\u00fc<\/td>\n<td>200 mm<\/td>\n<\/tr>\n<tr>\n<td>LED<\/td>\n<td>\u221a<\/td>\n<\/tr>\n<\/table>\n","protected":false},"excerpt":{"rendered":"<p>Ebatlar (UxGxY) 360x220x255 mm Ta\u015flama Diski Kum \u00d6l\u00e7\u00fcs\u00fc 36\/60 kum Ta\u015flama Diski G\u00f6bek 159 mm A\u011f\u0131rl\u0131k 12 kg Motor 220-240V ~\/50 Hz Giri\u015f 500 W H\u0131z 2.850 d\/dk Ta\u015flama Diski<\/p>\n","protected":false},"featured_media":11837,"comment_status":"open","ping_status":"closed","template":"","meta":{"_acf_changed":false},"product_brand":[1514],"product_cat":[1018],"product_tag":[],"class_list":{"0":"post-11838","1":"product","2":"type-product","3":"status-publish","4":"has-post-thumbnail","6":"product_brand-scheppach","7":"product_cat-matkap-ucu-bileme-makinalari","9":"first","10":"outofstock","11":"taxable","12":"shipping-taxable","13":"purchasable","14":"product-type-simple","15":"add-to-wishlist-after_add_to_cart"},"acf":[],"_links":{"self":[{"href":"https:\/\/www.makitamarket.com.tr\/site\/wp-json\/wp\/v2\/product\/11838","targetHints":{"allow":["GET"]}}],"collection":[{"href":"https:\/\/www.makitamarket.com.tr\/site\/wp-json\/wp\/v2\/product"}],"about":[{"href":"https:\/\/www.makitamarket.com.tr\/site\/wp-json\/wp\/v2\/types\/product"}],"replies":[{"embeddable":true,"href":"https:\/\/www.makitamarket.com.tr\/site\/wp-json\/wp\/v2\/comments?post=11838"}],"wp:featuredmedia":[{"embeddable":true,"href":"https:\/\/www.makitamarket.com.tr\/site\/wp-json\/wp\/v2\/media\/11837"}],"wp:attachment":[{"href":"https:\/\/www.makitamarket.com.tr\/site\/wp-json\/wp\/v2\/media?parent=11838"}],"wp:term":[{"taxonomy":"product_brand","embeddable":true,"href":"https:\/\/www.makitamarket.com.tr\/site\/wp-json\/wp\/v2\/product_brand?post=11838"},{"taxonomy":"product_cat","embeddable":true,"href":"https:\/\/www.makitamarket.com.tr\/site\/wp-json\/wp\/v2\/product_cat?post=11838"},{"taxonomy":"product_tag","embeddable":true,"href":"https:\/\/www.makitamarket.com.tr\/site\/wp-json\/wp\/v2\/product_tag?post=11838"}],"curies":[{"name":"wp","href":"https:\/\/api.w.org\/{rel}","templated":true}]}}