{"id":11844,"date":"2024-11-27T20:11:29","date_gmt":"2024-11-27T17:11:29","guid":{"rendered":"https:\/\/www.makitamarket.com.tr\/site\/urun\/gison-havali-keski-seti\/"},"modified":"2026-04-06T13:51:02","modified_gmt":"2026-04-06T10:51:02","slug":"gison-havali-keski-seti","status":"publish","type":"product","link":"https:\/\/www.makitamarket.com.tr\/site\/urun\/gison-havali-keski-seti\/","title":{"rendered":"Gison GP190K HAVALI KESK\u0130 SET\u0130"},"content":{"rendered":"<div>\n\t\u2022<strong><span style=\"color:#f00;\">\u00a0<\/span><\/strong>Kabzal\u0131<\/div>\n<div>\n\t<strong>\u00a0A\u00e7\u0131klama<\/strong>\u00a0 A\u015fa\u011f\u0131da ki listede aksesuarlar\u0131 i\u00e7eren kabzal\u0131 keski (GP190) seti.<\/div>\n<div>\n\t\u00a0<\/div>\n<div>\n\t<strong>Set \u0130\u00e7eri\u011fi<\/strong><\/div>\n<table border=\"0\" cellpadding=\"1\" cellspacing=\"0\" style=\"width: 200px;\">\n<tbody>\n<tr>\n<td>\n\t\t\t\tGP190 Kabzal\u0131 Keski<\/td>\n<td style=\"text-align: right;\">\n\t\t\t\t\u00a0 \u00a01 Adet<\/td>\n<\/tr>\n<tr>\n<td>\n\t\t\t\tKeski(Yuvarlak Sapl\u0131)<\/td>\n<td style=\"text-align: right;\">\n\t\t\t\t\u00a0 \u00a05 Adet<\/td>\n<\/tr>\n<tr>\n<td>\n\t\t\t\tTutucu Yay\u00a0<\/td>\n<td style=\"text-align: right;\">\n\t\t\t\t\u00a0 1 Adet<\/td>\n<\/tr>\n<tr>\n<td>\n\t\t\t\tMini Ya\u011flay\u0131c\u0131<\/td>\n<td style=\"text-align: right;\">\n\t\t\t\t\u00a0 1 Adet<\/td>\n<\/tr>\n<tr>\n<td>\n\t\t\t\tH\u0131zl\u0131 Hava Ba\u011flant\u0131s\u0131<\/td>\n<td style=\"text-align: right;\">\n\t\t\t\t\u00a0 1 Adet<\/td>\n<\/tr>\n<tr>\n<td>\n\t\t\t\tPlastik Ta\u015f\u0131ma \u00c7antas\u0131\u00a0<\/td>\n<td style=\"text-align: right;\">\n\t\t\t\t\u00a0 1 Adet<\/td>\n<\/tr>\n<\/tbody>\n<\/table>\n<div>\n<div id=\"cke_pastebin\">\n\t\t\u00a0<\/div>\n<\/div>\n<table>\n<tr>\n<td>Keski Sap\u0131<\/td>\n<td>Yuvarlak (10.2 mm)<\/td>\n<\/tr>\n<tr>\n<td>Darbe H\u0131z\u0131<\/td>\n<td>3.200 bpm.<\/td>\n<\/tr>\n<tr>\n<td>Darbe Uzunlu\u011fu<\/td>\n<td>67 mm.<\/td>\n<\/tr>\n<tr>\n<td>Net A\u011f\u0131rl\u0131k<\/td>\n<td>1.60 kg.<\/td>\n<\/tr>\n<tr>\n<td>Uzunluk<\/td>\n<td>190 mm.<\/td>\n<\/tr>\n<tr>\n<td>Hava T\u00fcketimi<\/td>\n<td>0.11 m\u00b3\/dak.<\/td>\n<\/tr>\n<tr>\n<td>Hava Giri\u015fi<\/td>\n<td>1\/4&#8243;<\/td>\n<\/tr>\n<tr>\n<td>Hortum \u00d6l\u00e7\u00fcs\u00fc <\/td>\n<td>6.5 mm<\/td>\n<\/tr>\n<tr>\n<td>Hava Bas\u0131nc\u0131<\/td>\n<td>90 psi. (6.3 kg\/cm\u00b2)<\/td>\n<\/tr>\n<tr>\n<td>G\u00fcr\u00fclt\u00fc Seviyesi<\/td>\n<td>99 dBA<\/td>\n<\/tr>\n<tr>\n<td>Sars\u0131nt\u0131 Seviyesi<\/td>\n<td>13.7 m\/S\u00b2<\/td>\n<\/tr>\n<tr>\n<td>Standart\u0131<\/td>\n<td>CE-Made in Taiwan<\/td>\n<\/tr>\n<\/table>\n","protected":false},"excerpt":{"rendered":"<div>\n\t\u2022<strong><span style=\"color:#f00;\">\u00a0<\/span><\/strong>Kabzal\u0131<\/div>\n<div>\n\t<strong>\u00a0A\u00e7\u0131klama<\/strong>\u00a0 A\u015fa\u011f\u0131da ki listede aksesuarlar\u0131 i\u00e7eren kabzal\u0131 keski (GP190) seti.<\/div>\n<div>\n\t\u00a0<\/div>\n<div>\n\t<strong>Set \u0130\u00e7eri\u011fi<\/strong><\/div>\n<table border=\"0\" cellpadding=\"1\" cellspacing=\"0\" style=\"width: 200px;\">\n<tbody>\n<tr>\n<td>\n\t\t\t\tGP190 Kabzal\u0131 Keski<\/td>\n<td style=\"text-align: right;\">\n\t\t\t\t\u00a0 \u00a01 Adet<\/td>\n<\/tr>\n<tr>\n<td>\n\t\t\t\tKeski(Yuvarlak Sapl\u0131)<\/td>\n<td style=\"text-align: right;\">\n\t\t\t\t\u00a0 \u00a05 Adet<\/td>\n<\/tr>\n<tr>\n<td>\n\t\t\t\tTutucu Yay\u00a0<\/td>\n<td style=\"text-align: right;\">\n\t\t\t\t\u00a0 1 Adet<\/td>\n<\/tr>\n<tr>\n<td>\n\t\t\t\tMini Ya\u011flay\u0131c\u0131<\/td>\n<td style=\"text-align: right;\">\n\t\t\t\t\u00a0 1 Adet<\/td>\n<\/tr>\n<tr>\n<td>\n\t\t\t\tH\u0131zl\u0131 Hava Ba\u011flant\u0131s\u0131<\/td>\n<td style=\"text-align: right;\">\n\t\t\t\t\u00a0 1 Adet<\/td>\n<\/tr>\n<tr>\n<td>\n\t\t\t\tPlastik Ta\u015f\u0131ma \u00c7antas\u0131\u00a0<\/td>\n<td style=\"text-align: right;\">\n\t\t\t\t\u00a0 1 Adet<\/td>\n<\/tr>\n<\/tbody>\n<\/table>\n<div>\n<div id=\"cke_pastebin\">\n\t\t\u00a0<\/div>\n<\/div>\n","protected":false},"featured_media":11843,"comment_status":"open","ping_status":"closed","template":"","meta":{"_acf_changed":false},"product_brand":[1512],"product_cat":[1565],"product_tag":[],"class_list":{"0":"post-11844","1":"product","2":"type-product","3":"status-publish","4":"has-post-thumbnail","6":"product_brand-gison","7":"product_cat-yok-yok","9":"first","10":"outofstock","11":"taxable","12":"shipping-taxable","13":"purchasable","14":"product-type-simple","15":"add-to-wishlist-after_add_to_cart"},"acf":[],"_links":{"self":[{"href":"https:\/\/www.makitamarket.com.tr\/site\/wp-json\/wp\/v2\/product\/11844","targetHints":{"allow":["GET"]}}],"collection":[{"href":"https:\/\/www.makitamarket.com.tr\/site\/wp-json\/wp\/v2\/product"}],"about":[{"href":"https:\/\/www.makitamarket.com.tr\/site\/wp-json\/wp\/v2\/types\/product"}],"replies":[{"embeddable":true,"href":"https:\/\/www.makitamarket.com.tr\/site\/wp-json\/wp\/v2\/comments?post=11844"}],"wp:featuredmedia":[{"embeddable":true,"href":"https:\/\/www.makitamarket.com.tr\/site\/wp-json\/wp\/v2\/media\/11843"}],"wp:attachment":[{"href":"https:\/\/www.makitamarket.com.tr\/site\/wp-json\/wp\/v2\/media?parent=11844"}],"wp:term":[{"taxonomy":"product_brand","embeddable":true,"href":"https:\/\/www.makitamarket.com.tr\/site\/wp-json\/wp\/v2\/product_brand?post=11844"},{"taxonomy":"product_cat","embeddable":true,"href":"https:\/\/www.makitamarket.com.tr\/site\/wp-json\/wp\/v2\/product_cat?post=11844"},{"taxonomy":"product_tag","embeddable":true,"href":"https:\/\/www.makitamarket.com.tr\/site\/wp-json\/wp\/v2\/product_tag?post=11844"}],"curies":[{"name":"wp","href":"https:\/\/api.w.org\/{rel}","templated":true}]}}