{"id":11864,"date":"2024-11-27T20:11:37","date_gmt":"2024-11-27T17:11:37","guid":{"rendered":"https:\/\/www.makitamarket.com.tr\/site\/urun\/turcoboor-kesici-uc-70x55-mm\/"},"modified":"2026-03-30T08:10:28","modified_gmt":"2026-03-30T05:10:28","slug":"turcoboor-kesici-uc-70x55-mm","status":"publish","type":"product","link":"https:\/\/www.makitamarket.com.tr\/site\/urun\/turcoboor-kesici-uc-70x55-mm\/","title":{"rendered":"Turcoboor THM70 KES\u0130C\u0130 U\u00c7 70&#215;55 mm"},"content":{"rendered":"<table>\n<tr>\n<td>\u00c7ap<\/td>\n<td>\u00d8 70 mm<\/td>\n<\/tr>\n<tr>\n<td>\u00c7ene \u00d6l\u00e7\u00fcs\u00fc<\/td>\n<td>32mm weldon<\/td>\n<\/tr>\n<tr>\n<td>Kesme Derinli\u011fi<\/td>\n<td>55 mm<\/td>\n<\/tr>\n<\/table>\n","protected":false},"excerpt":{"rendered":"<p>\u00c7ap \u00d8 70 mm \u00c7ene \u00d6l\u00e7\u00fcs\u00fc 32mm weldon Kesme Derinli\u011fi 55 mm<\/p>\n","protected":false},"featured_media":11863,"comment_status":"open","ping_status":"closed","template":"","meta":{"_acf_changed":false},"product_brand":[1506],"product_cat":[801],"product_tag":[],"class_list":{"0":"post-11864","1":"product","2":"type-product","3":"status-publish","4":"has-post-thumbnail","6":"product_brand-turcoboor","7":"product_cat-aksesuarlar-matkaplar","9":"first","10":"outofstock","11":"taxable","12":"shipping-taxable","13":"purchasable","14":"product-type-simple","15":"add-to-wishlist-after_add_to_cart"},"acf":[],"_links":{"self":[{"href":"https:\/\/www.makitamarket.com.tr\/site\/wp-json\/wp\/v2\/product\/11864","targetHints":{"allow":["GET"]}}],"collection":[{"href":"https:\/\/www.makitamarket.com.tr\/site\/wp-json\/wp\/v2\/product"}],"about":[{"href":"https:\/\/www.makitamarket.com.tr\/site\/wp-json\/wp\/v2\/types\/product"}],"replies":[{"embeddable":true,"href":"https:\/\/www.makitamarket.com.tr\/site\/wp-json\/wp\/v2\/comments?post=11864"}],"wp:featuredmedia":[{"embeddable":true,"href":"https:\/\/www.makitamarket.com.tr\/site\/wp-json\/wp\/v2\/media\/11863"}],"wp:attachment":[{"href":"https:\/\/www.makitamarket.com.tr\/site\/wp-json\/wp\/v2\/media?parent=11864"}],"wp:term":[{"taxonomy":"product_brand","embeddable":true,"href":"https:\/\/www.makitamarket.com.tr\/site\/wp-json\/wp\/v2\/product_brand?post=11864"},{"taxonomy":"product_cat","embeddable":true,"href":"https:\/\/www.makitamarket.com.tr\/site\/wp-json\/wp\/v2\/product_cat?post=11864"},{"taxonomy":"product_tag","embeddable":true,"href":"https:\/\/www.makitamarket.com.tr\/site\/wp-json\/wp\/v2\/product_tag?post=11864"}],"curies":[{"name":"wp","href":"https:\/\/api.w.org\/{rel}","templated":true}]}}