{"id":11874,"date":"2024-11-27T20:11:39","date_gmt":"2024-11-27T17:11:39","guid":{"rendered":"https:\/\/www.makitamarket.com.tr\/site\/urun\/prosaw-asfalt-testere-350-a\/"},"modified":"2026-03-15T09:12:20","modified_gmt":"2026-03-15T06:12:20","slug":"prosaw-asfalt-testere-350-a","status":"publish","type":"product","link":"https:\/\/www.makitamarket.com.tr\/site\/urun\/prosaw-asfalt-testere-350-a\/","title":{"rendered":"Prosaw PS56111 ASFALT TESTERE 350 A"},"content":{"rendered":"<table>\n<tr>\n<td>Model<\/td>\n<td>350 A<\/td>\n<\/tr>\n<tr>\n<td>D\u0131\u015f \u00c7ap (mm)<\/td>\n<td>350<\/td>\n<\/tr>\n<tr>\n<td>Kal\u0131nl\u0131k (mm)<\/td>\n<td>3.6<\/td>\n<\/tr>\n<tr>\n<td>Elmas Y\u00fcksekli\u011fi (mm)<\/td>\n<td>10.0<\/td>\n<\/tr>\n<tr>\n<td>G\u00f6bek \u00c7ap\u0131 (mm)<\/td>\n<td>25.40<\/td>\n<\/tr>\n<\/table>\n","protected":false},"excerpt":{"rendered":"<p>Model 350 A D\u0131\u015f \u00c7ap (mm) 350 Kal\u0131nl\u0131k (mm) 3.6 Elmas Y\u00fcksekli\u011fi (mm) 10.0 G\u00f6bek \u00c7ap\u0131 (mm) 25.40<\/p>\n","protected":false},"featured_media":11873,"comment_status":"open","ping_status":"closed","template":"","meta":{"_acf_changed":false},"product_brand":[1524],"product_cat":[1150],"product_tag":[],"class_list":{"0":"post-11874","1":"product","2":"type-product","3":"status-publish","4":"has-post-thumbnail","6":"product_brand-prosaw","7":"product_cat-350mm-testereler","9":"first","10":"outofstock","11":"taxable","12":"shipping-taxable","13":"purchasable","14":"product-type-simple","15":"add-to-wishlist-after_add_to_cart"},"acf":[],"_links":{"self":[{"href":"https:\/\/www.makitamarket.com.tr\/site\/wp-json\/wp\/v2\/product\/11874","targetHints":{"allow":["GET"]}}],"collection":[{"href":"https:\/\/www.makitamarket.com.tr\/site\/wp-json\/wp\/v2\/product"}],"about":[{"href":"https:\/\/www.makitamarket.com.tr\/site\/wp-json\/wp\/v2\/types\/product"}],"replies":[{"embeddable":true,"href":"https:\/\/www.makitamarket.com.tr\/site\/wp-json\/wp\/v2\/comments?post=11874"}],"wp:featuredmedia":[{"embeddable":true,"href":"https:\/\/www.makitamarket.com.tr\/site\/wp-json\/wp\/v2\/media\/11873"}],"wp:attachment":[{"href":"https:\/\/www.makitamarket.com.tr\/site\/wp-json\/wp\/v2\/media?parent=11874"}],"wp:term":[{"taxonomy":"product_brand","embeddable":true,"href":"https:\/\/www.makitamarket.com.tr\/site\/wp-json\/wp\/v2\/product_brand?post=11874"},{"taxonomy":"product_cat","embeddable":true,"href":"https:\/\/www.makitamarket.com.tr\/site\/wp-json\/wp\/v2\/product_cat?post=11874"},{"taxonomy":"product_tag","embeddable":true,"href":"https:\/\/www.makitamarket.com.tr\/site\/wp-json\/wp\/v2\/product_tag?post=11874"}],"curies":[{"name":"wp","href":"https:\/\/api.w.org\/{rel}","templated":true}]}}