{"id":11888,"date":"2024-11-27T20:11:45","date_gmt":"2024-11-27T17:11:45","guid":{"rendered":"https:\/\/www.makitamarket.com.tr\/site\/urun\/knipex-coax-sikma-aleti\/"},"modified":"2026-03-30T08:10:33","modified_gmt":"2026-03-30T05:10:33","slug":"knipex-coax-sikma-aleti","status":"publish","type":"product","link":"https:\/\/www.makitamarket.com.tr\/site\/urun\/knipex-coax-sikma-aleti\/","title":{"rendered":"Knipex 974020SB COAX SIKMA ALET\u0130"},"content":{"rendered":"<p><b>97 40 20 SB Kompresyon tak\u0131m\u0131<\/b><br \/>F, BNC ve RCA soketlerini presleme i\u00e7in. Sa\u011flam model. RG 59 \/ 6 \/ 11 kablosu i\u00e7in uygundur. \u00c7e\u015fitli kablo boyutlar\u0131 i\u00e7in d\u00f6ner kafa. \u00c7e\u015fitli soket tipleri i\u00e7in d\u00f6nd\u00fcr\u00fclebilir kal\u0131p. Farkl\u0131 fi\u015f uzunluklar\u0131 i\u00e7in ayar civatas\u0131. Kompresyon soketi i\u00e7in de kullan\u0131labilir Kathrein EMK 12; Cablecon F-56 CX3 5.1; Astro FKS 06. self servis kart\/kabartma. <\/p>\n<li><b>Uygulama: <\/b>F, BNC ve RCA soketi i\u00e7in<\/li>\n<table>\n<tr>\n<td>Kullan\u0131m<\/td>\n<td>F, BNC ve RCA Coax konekt\u00f6rleri s\u0131kmak i\u00e7in RG59\/6\/11 kablolar\u0131 i\u00e7in uygun<\/td>\n<\/tr>\n<tr>\n<td>A\u011f\u0131rl\u0131k<\/td>\n<td>430 gr<\/td>\n<\/tr>\n<\/table>\n","protected":false},"excerpt":{"rendered":"<p><b>97 40 20 SB Kompresyon tak\u0131m\u0131<\/b><br \/>F, BNC ve RCA soketlerini presleme i\u00e7in. Sa\u011flam model. RG 59 \/ 6 \/ 11 kablosu i\u00e7in uygundur. \u00c7e\u015fitli kablo boyutlar\u0131 i\u00e7in d\u00f6ner kafa. \u00c7e\u015fitli soket tipleri i\u00e7in d\u00f6nd\u00fcr\u00fclebilir kal\u0131p. Farkl\u0131 fi\u015f uzunluklar\u0131 i\u00e7in ayar civatas\u0131. Kompresyon soketi i\u00e7in de kullan\u0131labilir Kathrein EMK 12; Cablecon F-56 CX3 5.1; Astro FKS 06. self servis kart\/kabartma. <\/p>\n<li><b>Uygulama: <\/b>F, BNC ve RCA soketi i\u00e7in<\/li>\n","protected":false},"featured_media":11887,"comment_status":"open","ping_status":"closed","template":"","meta":{"_acf_changed":false},"product_brand":[1486],"product_cat":[852],"product_tag":[],"class_list":{"0":"post-11888","1":"product","2":"type-product","3":"status-publish","4":"has-post-thumbnail","6":"product_brand-knipex","7":"product_cat-kablo-yuksuk-ve-pabuc-sikmalar","9":"first","10":"instock","11":"taxable","12":"shipping-taxable","13":"purchasable","14":"product-type-simple","15":"add-to-wishlist-after_add_to_cart"},"acf":[],"_links":{"self":[{"href":"https:\/\/www.makitamarket.com.tr\/site\/wp-json\/wp\/v2\/product\/11888","targetHints":{"allow":["GET"]}}],"collection":[{"href":"https:\/\/www.makitamarket.com.tr\/site\/wp-json\/wp\/v2\/product"}],"about":[{"href":"https:\/\/www.makitamarket.com.tr\/site\/wp-json\/wp\/v2\/types\/product"}],"replies":[{"embeddable":true,"href":"https:\/\/www.makitamarket.com.tr\/site\/wp-json\/wp\/v2\/comments?post=11888"}],"wp:featuredmedia":[{"embeddable":true,"href":"https:\/\/www.makitamarket.com.tr\/site\/wp-json\/wp\/v2\/media\/11887"}],"wp:attachment":[{"href":"https:\/\/www.makitamarket.com.tr\/site\/wp-json\/wp\/v2\/media?parent=11888"}],"wp:term":[{"taxonomy":"product_brand","embeddable":true,"href":"https:\/\/www.makitamarket.com.tr\/site\/wp-json\/wp\/v2\/product_brand?post=11888"},{"taxonomy":"product_cat","embeddable":true,"href":"https:\/\/www.makitamarket.com.tr\/site\/wp-json\/wp\/v2\/product_cat?post=11888"},{"taxonomy":"product_tag","embeddable":true,"href":"https:\/\/www.makitamarket.com.tr\/site\/wp-json\/wp\/v2\/product_tag?post=11888"}],"curies":[{"name":"wp","href":"https:\/\/api.w.org\/{rel}","templated":true}]}}