{"id":11892,"date":"2024-11-27T20:11:46","date_gmt":"2024-11-27T17:11:46","guid":{"rendered":"https:\/\/www.makitamarket.com.tr\/site\/urun\/knipex-hassas-keski-200-mm\/"},"modified":"2026-03-30T08:10:34","modified_gmt":"2026-03-30T05:10:34","slug":"knipex-hassas-keski-200-mm","status":"publish","type":"product","link":"https:\/\/www.makitamarket.com.tr\/site\/urun\/knipex-hassas-keski-200-mm\/","title":{"rendered":"Knipex 72 62 200 HASSAS KESK\u0130 200 mm"},"content":{"rendered":"<p><b>72 62 200 A\u011f\u0131r tip e\u015fit y\u00fczeyli kesici<\/b><br \/>yumu\u015fak metal veya daha kal\u0131n profillerin ve plastik bile\u015fenlerin kolay ve d\u00fczg\u00fcn kesimi i\u00e7in. Enerji tasarruflu, \u00e7ok d\u00fc\u015f\u00fck s\u00fcrt\u00fcnmeli son derece etkili manivela hareket mekanizmas\u0131 sayesinde kal\u0131n i\u015f par\u00e7alar\u0131n\u0131n da isabetli ve d\u00fczg\u00fcn kesimi. 20\u00b0 a\u00e7\u0131l\u0131 kafa ve bir taraftaki eklem \u00e7ubu\u011fu sayesinde isabetli ve d\u00fczg\u00fcn kesim ve eller i\u00e7in bo\u015fluk. Kolay kullan\u0131m ve emniyetli kullan\u0131m i\u00e7in yay\u0131 ve emniyet kilidi kol i\u00e7ine yerle\u015ftirilmi\u015ftir. Yumu\u015fak malzeme hassas kesicileri. \u0130nd\u00fcksiyonla 59 HRC&#8217;ye sertle\u015ftirilmi\u015f kesici kenarlar sayesinde dayan\u0131kl\u0131. <\/p>\n<li><b>Yumu\u015fak tel kesme de\u011feri (\u00e7ap): <\/b>\u00d8 6,0 mm<\/li>\n<table>\n<tr>\n<td>Uzunluk<\/td>\n<td>200<\/td>\n<\/tr>\n<tr>\n<td>Form<\/td>\n<td>T\u0131rt\u0131ks\u0131z b\u0131\u00e7ak, Yayl\u0131<\/td>\n<\/tr>\n<tr>\n<td>Sap<\/td>\n<td>Kal\u0131n izole<\/td>\n<\/tr>\n<tr>\n<td>Yumu\u015fak Tel<\/td>\n<td>6.0 \u00f8mm<\/td>\n<\/tr>\n<tr>\n<td>A\u011f\u0131rl\u0131k<\/td>\n<td>375 gr<\/td>\n<\/tr>\n<\/table>\n","protected":false},"excerpt":{"rendered":"<p><b>72 62 200 A\u011f\u0131r tip e\u015fit y\u00fczeyli kesici<\/b><br \/>yumu\u015fak metal veya daha kal\u0131n profillerin ve plastik bile\u015fenlerin kolay ve d\u00fczg\u00fcn kesimi i\u00e7in. Enerji tasarruflu, \u00e7ok d\u00fc\u015f\u00fck s\u00fcrt\u00fcnmeli son derece etkili manivela hareket mekanizmas\u0131 sayesinde kal\u0131n i\u015f par\u00e7alar\u0131n\u0131n da isabetli ve d\u00fczg\u00fcn kesimi. 20\u00b0 a\u00e7\u0131l\u0131 kafa ve bir taraftaki eklem \u00e7ubu\u011fu sayesinde isabetli ve d\u00fczg\u00fcn kesim ve eller i\u00e7in bo\u015fluk. Kolay kullan\u0131m ve emniyetli kullan\u0131m i\u00e7in yay\u0131 ve emniyet kilidi kol i\u00e7ine yerle\u015ftirilmi\u015ftir. Yumu\u015fak malzeme hassas kesicileri. \u0130nd\u00fcksiyonla 59 HRC&#8217;ye sertle\u015ftirilmi\u015f kesici kenarlar sayesinde dayan\u0131kl\u0131. <\/p>\n<li><b>Yumu\u015fak tel kesme de\u011feri (\u00e7ap): <\/b>\u00d8 6,0 mm<\/li>\n","protected":false},"featured_media":11891,"comment_status":"open","ping_status":"closed","template":"","meta":{"_acf_changed":false},"product_brand":[1486],"product_cat":[1153],"product_tag":[],"class_list":{"0":"post-11892","1":"product","2":"type-product","3":"status-publish","4":"has-post-thumbnail","6":"product_brand-knipex","7":"product_cat-keskiler","9":"first","10":"instock","11":"taxable","12":"shipping-taxable","13":"purchasable","14":"product-type-simple","15":"add-to-wishlist-after_add_to_cart"},"acf":[],"_links":{"self":[{"href":"https:\/\/www.makitamarket.com.tr\/site\/wp-json\/wp\/v2\/product\/11892","targetHints":{"allow":["GET"]}}],"collection":[{"href":"https:\/\/www.makitamarket.com.tr\/site\/wp-json\/wp\/v2\/product"}],"about":[{"href":"https:\/\/www.makitamarket.com.tr\/site\/wp-json\/wp\/v2\/types\/product"}],"replies":[{"embeddable":true,"href":"https:\/\/www.makitamarket.com.tr\/site\/wp-json\/wp\/v2\/comments?post=11892"}],"wp:featuredmedia":[{"embeddable":true,"href":"https:\/\/www.makitamarket.com.tr\/site\/wp-json\/wp\/v2\/media\/11891"}],"wp:attachment":[{"href":"https:\/\/www.makitamarket.com.tr\/site\/wp-json\/wp\/v2\/media?parent=11892"}],"wp:term":[{"taxonomy":"product_brand","embeddable":true,"href":"https:\/\/www.makitamarket.com.tr\/site\/wp-json\/wp\/v2\/product_brand?post=11892"},{"taxonomy":"product_cat","embeddable":true,"href":"https:\/\/www.makitamarket.com.tr\/site\/wp-json\/wp\/v2\/product_cat?post=11892"},{"taxonomy":"product_tag","embeddable":true,"href":"https:\/\/www.makitamarket.com.tr\/site\/wp-json\/wp\/v2\/product_tag?post=11892"}],"curies":[{"name":"wp","href":"https:\/\/api.w.org\/{rel}","templated":true}]}}