{"id":11911,"date":"2024-11-27T20:11:51","date_gmt":"2024-11-27T17:11:51","guid":{"rendered":"https:\/\/www.makitamarket.com.tr\/site\/urun\/knipex-kuplon-makasi-yedek-agiz-610-mm\/"},"modified":"2026-03-30T08:11:47","modified_gmt":"2026-03-30T05:11:47","slug":"knipex-kuplon-makasi-yedek-agiz-610-mm","status":"publish","type":"product","link":"https:\/\/www.makitamarket.com.tr\/site\/urun\/knipex-kuplon-makasi-yedek-agiz-610-mm\/","title":{"rendered":"Knipex 7179610 KUPLON MAKASI YEDEK A\u011eIZ 610 mm"},"content":{"rendered":"<p><b>71 79 610 71 72 610 i\u00e7in yedek b\u0131\u00e7ak kafas\u0131<\/b><br \/>Komple, vidalar dahil. 71 72 610 i\u00e7in yedek b\u0131\u00e7ak kafas\u0131. <\/p>\n<li><b>HRC 19: <\/b>\u00d8 9 mm<\/li>\n<li><b>HRC 40: <\/b>\u00d8 8 mm<\/li>\n<li><b>HRC 48: <\/b>\u00d8 7 mm<\/li>\n<table>\n<tr>\n<td>A\u00e7\u0131klama<\/td>\n<td>71 72 610\u2019un yedek a\u011fz\u0131<\/td>\n<\/tr>\n<\/table>\n","protected":false},"excerpt":{"rendered":"<p><b>71 79 610 71 72 610 i\u00e7in yedek b\u0131\u00e7ak kafas\u0131<\/b><br \/>Komple, vidalar dahil. 71 72 610 i\u00e7in yedek b\u0131\u00e7ak kafas\u0131. <\/p>\n<li><b>HRC 19: <\/b>\u00d8 9 mm<\/li>\n<li><b>HRC 40: <\/b>\u00d8 8 mm<\/li>\n<li><b>HRC 48: <\/b>\u00d8 7 mm<\/li>\n","protected":false},"featured_media":11910,"comment_status":"open","ping_status":"closed","template":"","meta":{"_acf_changed":false},"product_brand":[1486],"product_cat":[1005],"product_tag":[],"class_list":{"0":"post-11911","1":"product","2":"type-product","3":"status-publish","4":"has-post-thumbnail","6":"product_brand-knipex","7":"product_cat-kuplon-makaslari","9":"first","10":"outofstock","11":"taxable","12":"shipping-taxable","13":"purchasable","14":"product-type-simple","15":"add-to-wishlist-after_add_to_cart"},"acf":[],"_links":{"self":[{"href":"https:\/\/www.makitamarket.com.tr\/site\/wp-json\/wp\/v2\/product\/11911","targetHints":{"allow":["GET"]}}],"collection":[{"href":"https:\/\/www.makitamarket.com.tr\/site\/wp-json\/wp\/v2\/product"}],"about":[{"href":"https:\/\/www.makitamarket.com.tr\/site\/wp-json\/wp\/v2\/types\/product"}],"replies":[{"embeddable":true,"href":"https:\/\/www.makitamarket.com.tr\/site\/wp-json\/wp\/v2\/comments?post=11911"}],"wp:featuredmedia":[{"embeddable":true,"href":"https:\/\/www.makitamarket.com.tr\/site\/wp-json\/wp\/v2\/media\/11910"}],"wp:attachment":[{"href":"https:\/\/www.makitamarket.com.tr\/site\/wp-json\/wp\/v2\/media?parent=11911"}],"wp:term":[{"taxonomy":"product_brand","embeddable":true,"href":"https:\/\/www.makitamarket.com.tr\/site\/wp-json\/wp\/v2\/product_brand?post=11911"},{"taxonomy":"product_cat","embeddable":true,"href":"https:\/\/www.makitamarket.com.tr\/site\/wp-json\/wp\/v2\/product_cat?post=11911"},{"taxonomy":"product_tag","embeddable":true,"href":"https:\/\/www.makitamarket.com.tr\/site\/wp-json\/wp\/v2\/product_tag?post=11911"}],"curies":[{"name":"wp","href":"https:\/\/api.w.org\/{rel}","templated":true}]}}