{"id":11952,"date":"2024-11-27T20:12:09","date_gmt":"2024-11-27T17:12:09","guid":{"rendered":"https:\/\/www.makitamarket.com.tr\/site\/urun\/topshop-alci-ve-harc-karistirici-uc-120x600-mm\/"},"modified":"2026-04-06T13:54:02","modified_gmt":"2026-04-06T10:54:02","slug":"topshop-alci-ve-harc-karistirici-uc-120x600-mm","status":"publish","type":"product","link":"https:\/\/www.makitamarket.com.tr\/site\/urun\/topshop-alci-ve-harc-karistirici-uc-120x600-mm\/","title":{"rendered":"Topshop TH14343 AL\u00c7I VE HAR\u00c7 KARI\u015eTIRICI U\u00c7 120&#215;600 mm"},"content":{"rendered":"<p>\n\t<span style=\"color:#f00;\"><strong>Yerli \u00dcretim<\/strong><\/span><\/p>\n<table>\n<tr>\n<td>\u00d6l\u00e7\u00fc<\/td>\n<td>120 x 600mm<\/td>\n<\/tr>\n<tr>\n<td>Sar\u0131m<\/td>\n<td>LEMA<\/td>\n<\/tr>\n<tr>\n<td>Mil Ba\u011flant\u0131s\u0131<\/td>\n<td>M14<\/td>\n<\/tr>\n<tr>\n<td>Koli \u0130\u00e7i Adedi<\/td>\n<td>18<\/td>\n<\/tr>\n<\/table>\n","protected":false},"excerpt":{"rendered":"<p>\n\t<span style=\"color:#f00;\"><strong>Yerli \u00dcretim<\/strong><\/span><\/p>\n","protected":false},"featured_media":11951,"comment_status":"open","ping_status":"closed","template":"","meta":{"_acf_changed":false},"product_brand":[1496],"product_cat":[1565],"product_tag":[],"class_list":{"0":"post-11952","1":"product","2":"type-product","3":"status-publish","4":"has-post-thumbnail","6":"product_brand-topshop","7":"product_cat-yok-yok","9":"first","10":"instock","11":"taxable","12":"shipping-taxable","13":"purchasable","14":"product-type-simple","15":"add-to-wishlist-after_add_to_cart"},"acf":[],"_links":{"self":[{"href":"https:\/\/www.makitamarket.com.tr\/site\/wp-json\/wp\/v2\/product\/11952","targetHints":{"allow":["GET"]}}],"collection":[{"href":"https:\/\/www.makitamarket.com.tr\/site\/wp-json\/wp\/v2\/product"}],"about":[{"href":"https:\/\/www.makitamarket.com.tr\/site\/wp-json\/wp\/v2\/types\/product"}],"replies":[{"embeddable":true,"href":"https:\/\/www.makitamarket.com.tr\/site\/wp-json\/wp\/v2\/comments?post=11952"}],"wp:featuredmedia":[{"embeddable":true,"href":"https:\/\/www.makitamarket.com.tr\/site\/wp-json\/wp\/v2\/media\/11951"}],"wp:attachment":[{"href":"https:\/\/www.makitamarket.com.tr\/site\/wp-json\/wp\/v2\/media?parent=11952"}],"wp:term":[{"taxonomy":"product_brand","embeddable":true,"href":"https:\/\/www.makitamarket.com.tr\/site\/wp-json\/wp\/v2\/product_brand?post=11952"},{"taxonomy":"product_cat","embeddable":true,"href":"https:\/\/www.makitamarket.com.tr\/site\/wp-json\/wp\/v2\/product_cat?post=11952"},{"taxonomy":"product_tag","embeddable":true,"href":"https:\/\/www.makitamarket.com.tr\/site\/wp-json\/wp\/v2\/product_tag?post=11952"}],"curies":[{"name":"wp","href":"https:\/\/api.w.org\/{rel}","templated":true}]}}