{"id":11977,"date":"2024-11-27T20:12:18","date_gmt":"2024-11-27T17:12:18","guid":{"rendered":"https:\/\/www.makitamarket.com.tr\/site\/urun\/makita-li-ion-serisi-aku-18-v-3-0ah-bl1830b\/"},"modified":"2026-04-13T20:08:41","modified_gmt":"2026-04-13T17:08:41","slug":"makita-li-ion-serisi-aku-18-v-3-0ah-bl1830b","status":"publish","type":"product","link":"https:\/\/www.makitamarket.com.tr\/site\/urun\/makita-li-ion-serisi-aku-18-v-3-0ah-bl1830b\/","title":{"rendered":"Makita 197599-5 L\u0130 &#8211; \u0130ON SER\u0130S\u0130 AK\u00dc 18 V 3.0AH BL1830B"},"content":{"rendered":"<p>\n\t<span id=\"result_box\" lang=\"tr\"><span title=\"Makita 18V LXT\u00ae Lithium-Ion batteries charge faster and work longer than standard lithium-ion batteries, giving you and your Makita cordless tools unmatched performance and productivity for demanding applications.\">Makita 18V LXT\u00ae Lityum-\u0130yon piller, standart lityum iyon pillerden daha h\u0131zl\u0131 \u015farj olur. Daha uzun s\u00fcre \u00e7al\u0131\u015fma imkan\u0131 ve Makita\u00a0 aletlerinize zorlu uygulamalar i\u00e7in e\u015fsiz performans ve \u00fcretkenlik kazand\u0131r\u0131r. <\/span><span title=\"The Makita 3.0Ah battery (BL1830B) has a category-leading charge time of only 30 minutes, so it spends more time working and less time sitting on the charger.\">Makita 3.0Ah batarya (BL1830B) full \u015farj s\u00fcresine yaln\u0131zca 30 dakikada ula\u015f\u0131r. <\/span><span title=\"It also features an L.E.D.\">Ayn\u0131 zamanda LED \u0131\u015f\u0131kl\u0131 <\/span><span title=\"charge level indicator to monitor battery charge.\">\u015farj seviyesi g\u00f6stergesi bulunmaktad\u0131r. <\/span><span title=\"Makita is the innovation leader in cordless tool technology and has the world\u2019s cordless tool line-up powered by 18V lithium-ion slide-style batteries.\">18V lityum iyonlu k\u00fcme tipi pillerle g\u00fc\u00e7lendirilen d\u00fcnyan\u0131n en iyi ak\u00fcl\u00fc serisine sahiptir. <\/span><\/span><\/p>\n<p>\n\t<span lang=\"tr\"><span title=\"The BL1830B is compatible only with Star Protection tools, indicated by the Star Symbol\u2122 and\/or Yellow Battery Receiver under the tool.\">BL1830B, yaln\u0131zca arac\u0131n alt\u0131ndaki Star (y\u0131ld\u0131z) sembol\u00fc ve \/ veya Sar\u0131 Pil ak\u00fcs\u00fc ile g\u00f6sterilen Y\u0131ld\u0131z Koruma ara\u00e7lar\u0131 ile uyumludur. <\/span><\/span><\/p>\n<p>\n\t<span lang=\"tr\"><span title=\"Makita 18V Lithium-Ion batteries resist self-discharge so they\u2019re ready for use even after long periods of storage.\">Makita 18V Lityum-\u0130yon piller kendinden de\u015farj\u0131 engelledi\u011finden \u00f6m\u00fcr boyu kulland\u0131ktan sonra bile kullan\u0131ma haz\u0131r hale gelir. <\/span><\/span><\/p>\n<p>\n\t<span lang=\"tr\"><span title=\"The Rapid Optimum Charger (sold separately) is a smart-charging system that communicates with the battery during charging to monitor current, voltage and temperature.\">H\u0131zl\u0131 Optimum \u015earj Aleti (DC18RC) ak\u00fc, ak\u0131m, voltaj ve s\u0131cakl\u0131\u011f\u0131 izlemek i\u00e7in \u015farj i\u015flemi s\u0131ras\u0131nda ak\u00fc ile ileti\u015fim kuran ak\u0131ll\u0131 \u015farj sistemidir. <\/span><\/span><span lang=\"tr\"><span title=\"This helps optimize battery life and deliver a faster charge.\">\u015earj cihaz\u0131, pil \u00f6mr\u00fcn\u00fc optimize etmeye ve daha h\u0131zl\u0131 \u015farj etmeye yard\u0131mc\u0131 olur. <\/span><span title=\"The Charger has a built-in fan to cool the battery for faster and more efficient charging.\">\u015earj Aleti, daha h\u0131zl\u0131 ve daha verimli \u015farj i\u00e7in pili so\u011futmak i\u00e7in dahili bir fana sahiptir. <\/span><span title=\"For improved tool performance and extended battery life, Makita created STAR Protection Computer Controls\u2122.\">Geli\u015ftirilmi\u015f tak\u0131m performans\u0131 ve uzun pil \u00f6mr\u00fc i\u00e7in, Makita STAR Koruma Bilgisayar Kontrolleri \u2122 &#8216;ni \u00fcretti. <\/span><span title=\"STAR Protection is communication technology that allows the tool and battery to exchange data in real time and monitor conditions during use to protect against overloading, over-discharging and overheating.\n\n\n\u00a0\u00a0\u00a0\u00a0\">STAR Protection, ara\u00e7 ve bataryan\u0131n ger\u00e7ek zamanl\u0131 olarak veri al\u0131\u015fveri\u015finde bulunmas\u0131n\u0131 ve a\u015f\u0131r\u0131 y\u00fckleme, fazla bo\u015faltma ve a\u015f\u0131r\u0131 \u0131s\u0131nmaya kar\u015f\u0131 koruma sa\u011flamak i\u00e7in kullan\u0131m s\u0131ras\u0131nda ko\u015fullar\u0131 izlemesini sa\u011flayan ileti\u015fim teknolojisidir.<\/p>\n<p>\n\t<\/span><span title=\"Integrated L.E.D.\">Entegre L.E.D. <\/span><span title=\"battery charge level indicator allows user to monitor battery charge\n\u00a0\u00a0\u00a0\u00a0\">pil \u015farj seviyesi g\u00f6stergesi kullan\u0131c\u0131n\u0131n pil \u015farj\u0131n\u0131 izlemesine olanak tan\u0131r<br \/>\n\t<\/span><span title=\"Reaches full charge in 30 minutes or less\n\u00a0\u00a0\u00a0\u00a0\">30 dakika veya daha k\u0131sa s\u00fcrede dolu \u015farjlara ula\u015f\u0131r<br \/>\n\t<\/span><span title=\"Compatible only with Star Protection tools, indicated by the Star Symbol\u2122 and\/or Yellow Battery Receiver under the tool\n\u00a0\u00a0\u00a0\u00a0\">Yaln\u0131zca Y\u0131ld\u0131z Sembol\u00fc \u2122 ve \/ veya Sar\u0131 Pil Al\u0131c\u0131s\u0131 arac\u0131n alt\u0131nda belirtilen Y\u0131ld\u0131z Koruma ara\u00e7lar\u0131 ile uyumlu<br \/>\n\t<\/span><span title=\"Battery delivers consistent power and run time in extreme temperatures, even in winter (-4\u00b0F\/-20\u00b0C)\">Ak\u00fc, a\u015f\u0131r\u0131 s\u0131cakl\u0131klarda, k\u0131\u015f\u0131n (-4 \u00b0 F \/ -20 \u00b0 C) bile sabit bir g\u00fc\u00e7 ve \u00e7al\u0131\u015fma s\u00fcresi sunar<\/span><\/span><\/p>\n<table>\n<tr>\n<td>Model<\/td>\n<td>BL1830B<\/td>\n<\/tr>\n<tr>\n<td>G\u00fc\u00e7 \/ Kapasite<\/td>\n<td>18 V \/ 3.0 Ah \/ Li-ION<\/td>\n<\/tr>\n<tr>\n<td>A\u00e7\u0131klama<\/td>\n<td>S\u00fcrg\u00fcl\u00fc, G\u00fc\u00e7 g\u00f6stergeli<\/td>\n<\/tr>\n<\/table>\n","protected":false},"excerpt":{"rendered":"<p>\n\t<span id=\"result_box\" lang=\"tr\"><span title=\"Makita 18V LXT\u00ae Lithium-Ion batteries charge faster and work longer than standard lithium-ion batteries, giving you and your Makita cordless tools unmatched performance and productivity for demanding applications.\">Makita 18V LXT\u00ae Lityum-\u0130yon piller, standart lityum iyon pillerden daha h\u0131zl\u0131 \u015farj olur. Daha uzun s\u00fcre \u00e7al\u0131\u015fma imkan\u0131 ve Makita\u00a0 aletlerinize zorlu uygulamalar i\u00e7in e\u015fsiz performans ve \u00fcretkenlik kazand\u0131r\u0131r. <\/span><span title=\"The Makita 3.0Ah battery (BL1830B) has a category-leading charge time of only 30 minutes, so it spends more time working and less time sitting on the charger.\">Makita 3.0Ah batarya (BL1830B) full \u015farj s\u00fcresine yaln\u0131zca 30 dakikada ula\u015f\u0131r. <\/span><span title=\"It also features an L.E.D.\">Ayn\u0131 zamanda LED \u0131\u015f\u0131kl\u0131 <\/span><span title=\"charge level indicator to monitor battery charge.\">\u015farj seviyesi g\u00f6stergesi bulunmaktad\u0131r. <\/span><span title=\"Makita is the innovation leader in cordless tool technology and has the world\u2019s cordless tool line-up powered by 18V lithium-ion slide-style batteries.\">18V lityum iyonlu k\u00fcme tipi pillerle g\u00fc\u00e7lendirilen d\u00fcnyan\u0131n en iyi ak\u00fcl\u00fc serisine sahiptir. <\/span><\/span><\/p>\n<p>\n\t<span lang=\"tr\"><span title=\"The BL1830B is compatible only with Star Protection tools, indicated by the Star Symbol\u2122 and\/or Yellow Battery Receiver under the tool.\">BL1830B, yaln\u0131zca arac\u0131n alt\u0131ndaki Star (y\u0131ld\u0131z) sembol\u00fc ve \/ veya Sar\u0131 Pil ak\u00fcs\u00fc ile g\u00f6sterilen Y\u0131ld\u0131z Koruma ara\u00e7lar\u0131 ile uyumludur. <\/span><\/span><\/p>\n<p>\n\t<span lang=\"tr\"><span title=\"Makita 18V Lithium-Ion batteries resist self-discharge so they\u2019re ready for use even after long periods of storage.\">Makita 18V Lityum-\u0130yon piller kendinden de\u015farj\u0131 engelledi\u011finden \u00f6m\u00fcr boyu kulland\u0131ktan sonra bile kullan\u0131ma haz\u0131r hale gelir. <\/span><\/span><\/p>\n<p>\n\t<span lang=\"tr\"><span title=\"The Rapid Optimum Charger (sold separately) is a smart-charging system that communicates with the battery during charging to monitor current, voltage and temperature.\">H\u0131zl\u0131 Optimum \u015earj Aleti (DC18RC) ak\u00fc, ak\u0131m, voltaj ve s\u0131cakl\u0131\u011f\u0131 izlemek i\u00e7in \u015farj i\u015flemi s\u0131ras\u0131nda ak\u00fc ile ileti\u015fim kuran ak\u0131ll\u0131 \u015farj sistemidir. <\/span><\/span><span lang=\"tr\"><span title=\"This helps optimize battery life and deliver a faster charge.\">\u015earj cihaz\u0131, pil \u00f6mr\u00fcn\u00fc optimize etmeye ve daha h\u0131zl\u0131 \u015farj etmeye yard\u0131mc\u0131 olur. <\/span><span title=\"The Charger has a built-in fan to cool the battery for faster and more efficient charging.\">\u015earj Aleti, daha h\u0131zl\u0131 ve daha verimli \u015farj i\u00e7in pili so\u011futmak i\u00e7in dahili bir fana sahiptir. <\/span><span title=\"For improved tool performance and extended battery life, Makita created STAR Protection Computer Controls\u2122.\">Geli\u015ftirilmi\u015f tak\u0131m performans\u0131 ve uzun pil \u00f6mr\u00fc i\u00e7in, Makita STAR Koruma Bilgisayar Kontrolleri \u2122 &#8216;ni \u00fcretti. <\/span><span title=\"STAR Protection is communication technology that allows the tool and battery to exchange data in real time and monitor conditions during use to protect against overloading, over-discharging and overheating.\n\n\n\u00a0\u00a0\u00a0\u00a0\">STAR Protection, ara\u00e7 ve bataryan\u0131n ger\u00e7ek zamanl\u0131 olarak veri al\u0131\u015fveri\u015finde bulunmas\u0131n\u0131 ve a\u015f\u0131r\u0131 y\u00fckleme, fazla bo\u015faltma ve a\u015f\u0131r\u0131 \u0131s\u0131nmaya kar\u015f\u0131 koruma sa\u011flamak i\u00e7in kullan\u0131m s\u0131ras\u0131nda ko\u015fullar\u0131 izlemesini sa\u011flayan ileti\u015fim teknolojisidir.<\/p>\n<p>\n\t<\/span><span title=\"Integrated L.E.D.\">Entegre L.E.D. <\/span><span title=\"battery charge level indicator allows user to monitor battery charge\n\u00a0\u00a0\u00a0\u00a0\">pil \u015farj seviyesi g\u00f6stergesi kullan\u0131c\u0131n\u0131n pil \u015farj\u0131n\u0131 izlemesine olanak tan\u0131r<br \/>\n\t<\/span><span title=\"Reaches full charge in 30 minutes or less\n\u00a0\u00a0\u00a0\u00a0\">30 dakika veya daha k\u0131sa s\u00fcrede dolu \u015farjlara ula\u015f\u0131r<br \/>\n\t<\/span><span title=\"Compatible only with Star Protection tools, indicated by the Star Symbol\u2122 and\/or Yellow Battery Receiver under the tool\n\u00a0\u00a0\u00a0\u00a0\">Yaln\u0131zca Y\u0131ld\u0131z Sembol\u00fc \u2122 ve \/ veya Sar\u0131 Pil Al\u0131c\u0131s\u0131 arac\u0131n alt\u0131nda belirtilen Y\u0131ld\u0131z Koruma ara\u00e7lar\u0131 ile uyumlu<br \/>\n\t<\/span><span title=\"Battery delivers consistent power and run time in extreme temperatures, even in winter (-4\u00b0F\/-20\u00b0C)\">Ak\u00fc, a\u015f\u0131r\u0131 s\u0131cakl\u0131klarda, k\u0131\u015f\u0131n (-4 \u00b0 F \/ -20 \u00b0 C) bile sabit bir g\u00fc\u00e7 ve \u00e7al\u0131\u015fma s\u00fcresi sunar<\/span><\/span><\/p>\n","protected":false},"featured_media":11976,"comment_status":"open","ping_status":"closed","template":"","meta":{"_acf_changed":false},"product_brand":[1485],"product_cat":[989],"product_tag":[],"class_list":{"0":"post-11977","1":"product","2":"type-product","3":"status-publish","4":"has-post-thumbnail","6":"product_brand-makita","7":"product_cat-lityum-iyon-akuler","9":"first","10":"instock","11":"taxable","12":"shipping-taxable","13":"purchasable","14":"product-type-simple","15":"add-to-wishlist-after_add_to_cart"},"acf":[],"_links":{"self":[{"href":"https:\/\/www.makitamarket.com.tr\/site\/wp-json\/wp\/v2\/product\/11977","targetHints":{"allow":["GET"]}}],"collection":[{"href":"https:\/\/www.makitamarket.com.tr\/site\/wp-json\/wp\/v2\/product"}],"about":[{"href":"https:\/\/www.makitamarket.com.tr\/site\/wp-json\/wp\/v2\/types\/product"}],"replies":[{"embeddable":true,"href":"https:\/\/www.makitamarket.com.tr\/site\/wp-json\/wp\/v2\/comments?post=11977"}],"wp:featuredmedia":[{"embeddable":true,"href":"https:\/\/www.makitamarket.com.tr\/site\/wp-json\/wp\/v2\/media\/11976"}],"wp:attachment":[{"href":"https:\/\/www.makitamarket.com.tr\/site\/wp-json\/wp\/v2\/media?parent=11977"}],"wp:term":[{"taxonomy":"product_brand","embeddable":true,"href":"https:\/\/www.makitamarket.com.tr\/site\/wp-json\/wp\/v2\/product_brand?post=11977"},{"taxonomy":"product_cat","embeddable":true,"href":"https:\/\/www.makitamarket.com.tr\/site\/wp-json\/wp\/v2\/product_cat?post=11977"},{"taxonomy":"product_tag","embeddable":true,"href":"https:\/\/www.makitamarket.com.tr\/site\/wp-json\/wp\/v2\/product_tag?post=11977"}],"curies":[{"name":"wp","href":"https:\/\/api.w.org\/{rel}","templated":true}]}}