{"id":11992,"date":"2024-11-27T20:12:22","date_gmt":"2024-11-27T17:12:22","guid":{"rendered":"https:\/\/www.makitamarket.com.tr\/site\/urun\/mapa-mapa-vital-117-no-8\/"},"modified":"2026-03-30T08:12:54","modified_gmt":"2026-03-30T05:12:54","slug":"mapa-mapa-vital-117-no-8","status":"publish","type":"product","link":"https:\/\/www.makitamarket.com.tr\/site\/urun\/mapa-mapa-vital-117-no-8\/","title":{"rendered":"Mapa VITAL117-8 MAPA VITAL 117 NO: 8"},"content":{"rendered":"<div style=\"color: rgb(34, 34, 34); font-family: Arial, Verdana, sans-serif; font-size: 12px; background-color: rgb(255, 255, 255);\">\n<div style=\"color: rgb(34, 34, 34); font-family: Arial, Verdana, sans-serif; font-size: 12px; background-color: rgb(255, 255, 255);\">\n\t\t-Lateksten mamul<br \/>\n\t\t-Pamuk hav\u0131 emdirilmis ic y\u00fczey, standart kabartmal\u0131 avuc ici y\u00fczeyi<br \/>\n\t\t-Do\u011fal lateksin yumu\u015fakl\u0131\u011f\u0131 sayesinde m\u00fckemmel el becerisi<\/p>\n<p>\t\t<strong>Kullan\u0131m Alanlar\u0131<\/strong><br \/>\n\t\t-Yayg\u0131n temizlik g\u00f6revleri<br \/>\n\t\t-Ev deterjanlar\u0131n\u0131n kullan\u0131lmas\u0131<br \/>\n\t\t-Az ya\u011fl\u0131 ve gressiz par\u00e7alar\u0131n kullan\u0131lmas\u0131<\/div>\n<\/div>\n<table>\n<tr>\n<td>Uzunluk<\/td>\n<td>32 cm<\/td>\n<\/tr>\n<tr>\n<td>Kal\u0131nl\u0131k<\/td>\n<td>0.40 mm<\/td>\n<\/tr>\n<tr>\n<td>\u00d6l\u00e7\u00fc<\/td>\n<td>8<\/td>\n<\/tr>\n<tr>\n<td>Standard\u0131<\/td>\n<td>CE EN 388 &#8211; 1010<\/td>\n<\/tr>\n<tr>\n<td>Standard\u0131<\/td>\n<td>CE EN 374 &#8211; Genel Kimyasal<\/td>\n<\/tr>\n<tr>\n<td>Standard\u0131<\/td>\n<td>CE EN 374 &#8211; Mikro Organizma<\/td>\n<\/tr>\n<tr>\n<td>Standard\u0131<\/td>\n<td>CE EN 421 &#8211; Rad. Bula\u015fma<\/td>\n<\/tr>\n<tr>\n<td>Koli Miktar\u0131<\/td>\n<td>100 \u00c7ift<\/td>\n<\/tr>\n<\/table>\n","protected":false},"excerpt":{"rendered":"<div style=\"color: rgb(34, 34, 34); font-family: Arial, Verdana, sans-serif; font-size: 12px; background-color: rgb(255, 255, 255);\">\n<div style=\"color: rgb(34, 34, 34); font-family: Arial, Verdana, sans-serif; font-size: 12px; background-color: rgb(255, 255, 255);\">\n\t\t-Lateksten mamul<br \/>\n\t\t-Pamuk hav\u0131 emdirilmis ic y\u00fczey, standart kabartmal\u0131 avuc ici y\u00fczeyi<br \/>\n\t\t-Do\u011fal lateksin yumu\u015fakl\u0131\u011f\u0131 sayesinde m\u00fckemmel el becerisi<\/p>\n<p>\t\t<strong>Kullan\u0131m Alanlar\u0131<\/strong><br \/>\n\t\t-Yayg\u0131n temizlik g\u00f6revleri<br \/>\n\t\t-Ev deterjanlar\u0131n\u0131n kullan\u0131lmas\u0131<br \/>\n\t\t-Az ya\u011fl\u0131 ve gressiz par\u00e7alar\u0131n kullan\u0131lmas\u0131<\/div>\n<\/div>\n","protected":false},"featured_media":11991,"comment_status":"open","ping_status":"closed","template":"","meta":{"_acf_changed":false},"product_brand":[1521],"product_cat":[708],"product_tag":[],"class_list":{"0":"post-11992","1":"product","2":"type-product","3":"status-publish","4":"has-post-thumbnail","6":"product_brand-mapa","7":"product_cat-el-koruyucular","9":"first","10":"instock","11":"taxable","12":"shipping-taxable","13":"purchasable","14":"product-type-simple","15":"add-to-wishlist-after_add_to_cart"},"acf":[],"_links":{"self":[{"href":"https:\/\/www.makitamarket.com.tr\/site\/wp-json\/wp\/v2\/product\/11992","targetHints":{"allow":["GET"]}}],"collection":[{"href":"https:\/\/www.makitamarket.com.tr\/site\/wp-json\/wp\/v2\/product"}],"about":[{"href":"https:\/\/www.makitamarket.com.tr\/site\/wp-json\/wp\/v2\/types\/product"}],"replies":[{"embeddable":true,"href":"https:\/\/www.makitamarket.com.tr\/site\/wp-json\/wp\/v2\/comments?post=11992"}],"wp:featuredmedia":[{"embeddable":true,"href":"https:\/\/www.makitamarket.com.tr\/site\/wp-json\/wp\/v2\/media\/11991"}],"wp:attachment":[{"href":"https:\/\/www.makitamarket.com.tr\/site\/wp-json\/wp\/v2\/media?parent=11992"}],"wp:term":[{"taxonomy":"product_brand","embeddable":true,"href":"https:\/\/www.makitamarket.com.tr\/site\/wp-json\/wp\/v2\/product_brand?post=11992"},{"taxonomy":"product_cat","embeddable":true,"href":"https:\/\/www.makitamarket.com.tr\/site\/wp-json\/wp\/v2\/product_cat?post=11992"},{"taxonomy":"product_tag","embeddable":true,"href":"https:\/\/www.makitamarket.com.tr\/site\/wp-json\/wp\/v2\/product_tag?post=11992"}],"curies":[{"name":"wp","href":"https:\/\/api.w.org\/{rel}","templated":true}]}}