{"id":11998,"date":"2024-11-27T20:12:23","date_gmt":"2024-11-27T17:12:23","guid":{"rendered":"https:\/\/www.makitamarket.com.tr\/site\/urun\/mapa-iptal-3\/"},"modified":"2025-11-16T06:31:37","modified_gmt":"2025-11-16T03:31:37","slug":"mapa-iptal-3","status":"publish","type":"product","link":"https:\/\/www.makitamarket.com.tr\/site\/urun\/mapa-iptal-3\/","title":{"rendered":"Mapa VITAL124-6 \u0131ptal"},"content":{"rendered":"<div style=\"color: rgb(34, 34, 34); font-family: Arial, Verdana, sans-serif; font-size: 12px; background-color: rgb(255, 255, 255);\">\n<div style=\"color: rgb(34, 34, 34); font-family: Arial, Verdana, sans-serif; font-size: 12px; background-color: rgb(255, 255, 255);\">\n<div>\n\t\t\t<strong>Kaplama:<\/strong><\/div>\n<div>\n\t\t\tLateks<\/div>\n<div>\n\t\t\t\u00a0<\/div>\n<div>\n<div>\n\t\t\t\t<strong>\u0130\u00e7 \/ D\u0131\u015f Y\u00fczey:<\/strong><\/div>\n<div>\n<div id=\"cke_pastebin\">\n<div id=\"cke_pastebin\">\n<div id=\"cke_pastebin\">\n\t\t\t\t\t\t\tPamuk hav\u0131 emdirilmi\u015f \/ Kabartmal\u0131 doku<\/div><\/div><\/div><\/div><\/div>\n<div>\n\t\t\t\u00a0<\/div>\n<div>\n\t\t\t<strong>Tan\u0131m:<\/strong><\/div>\n<div>\n<div id=\"cke_pastebin\">\n<div id=\"cke_pastebin\">\n\t\t\t\t\tZorlay\u0131c\u0131 olmayan \u015fartlarda hassas el becerisi<\/div><\/div>\n<div>\n\t\t\t\t\u00a0<\/div><\/div>\n<div>\n\t\t\t<strong>Kullan\u0131m Alanlar\u0131:<\/strong><\/p>\n<div id=\"cke_pastebin\">\n<div id=\"cke_pastebin\">\n<div id=\"cke_pastebin\">\n\t\t\t\t\t\tG\u0131da End\u00fcstrisi:<\/div>\n<div id=\"cke_pastebin\">\n\t\t\t\t\t\tYayg\u0131n temizlik g\u00f6revleri<\/div>\n<div>\n\t\t\t\t\t\t\u00a0<\/div>\n<div id=\"cke_pastebin\">\n\t\t\t\t\t\tTemizlik End\u00fcstrisi:<\/div>\n<div id=\"cke_pastebin\">\n\t\t\t\t\t\tEv deterjanlar\u0131n\u0131n kullan\u0131lmas\u0131<\/div>\n<div>\n\t\t\t\t\t\t\u00a0<\/div>\n<div id=\"cke_pastebin\">\n\t\t\t\t\t\tMakina End\u00fcstrisi:<\/div>\n<div id=\"cke_pastebin\">\n\t\t\t\t\t\tAz ya\u011fl\u0131 ve gressiz par\u00e7alar\u0131n toplanmas\u0131<\/div><\/div><\/div><\/div><\/div>\n<\/div>\n<table>\n<tr>\n<td>Uzunluk<\/td>\n<td>30,5 cm<\/td>\n<\/tr>\n<tr>\n<td>Kal\u0131nl\u0131k<\/td>\n<td>0.38 mm<\/td>\n<\/tr>\n<tr>\n<td>\u00d6l\u00e7\u00fc<\/td>\n<td>6 &#8211; 7 &#8211; 8 &#8211; 9 &#8211; 10<\/td>\n<\/tr>\n<tr>\n<td>Standard\u0131<\/td>\n<td>EN 388 &#8211; 0010X<\/td>\n<\/tr>\n<tr>\n<td>Standard\u0131<\/td>\n<td>EN 374-1 &#8211; KPT<\/td>\n<\/tr>\n<tr>\n<td>Standard\u0131<\/td>\n<td>EN 374-5<\/td>\n<\/tr>\n<tr>\n<td>Standard\u0131<\/td>\n<td>EN 421<\/td>\n<\/tr>\n<tr>\n<td>Standard\u0131<\/td>\n<td>EN 420 &#8211; CAT3<\/td>\n<\/tr>\n<tr>\n<td>Koli Miktar\u0131<\/td>\n<td>100 \u00c7ift<\/td>\n<\/tr>\n<\/table>\n","protected":false},"excerpt":{"rendered":"<div style=\"color: rgb(34, 34, 34); font-family: Arial, Verdana, sans-serif; font-size: 12px; background-color: rgb(255, 255, 255);\">\n<div style=\"color: rgb(34, 34, 34); font-family: Arial, Verdana, sans-serif; font-size: 12px; background-color: rgb(255, 255, 255);\">\n<div>\n\t\t\t<strong>Kaplama:<\/strong><\/div>\n<div>\n\t\t\tLateks<\/div>\n<div>\n\t\t\t\u00a0<\/div>\n<div>\n<div>\n\t\t\t\t<strong>\u0130\u00e7 \/ D\u0131\u015f Y\u00fczey:<\/strong><\/div>\n<div>\n<div id=\"cke_pastebin\">\n<div id=\"cke_pastebin\">\n<div id=\"cke_pastebin\">\n\t\t\t\t\t\t\tPamuk hav\u0131 emdirilmi\u015f \/ Kabartmal\u0131 doku<\/div>\n<\/p><\/div>\n<\/p><\/div>\n<\/p><\/div>\n<\/p><\/div>\n<div>\n\t\t\t\u00a0<\/div>\n<div>\n\t\t\t<strong>Tan\u0131m:<\/strong><\/div>\n<div>\n<div id=\"cke_pastebin\">\n<div id=\"cke_pastebin\">\n\t\t\t\t\tZorlay\u0131c\u0131 olmayan \u015fartlarda hassas el becerisi<\/div>\n<\/p><\/div>\n<div>\n\t\t\t\t\u00a0<\/div>\n<\/p><\/div>\n<div>\n\t\t\t<strong>Kullan\u0131m Alanlar\u0131:<\/strong><\/p>\n<div id=\"cke_pastebin\">\n<div id=\"cke_pastebin\">\n<div id=\"cke_pastebin\">\n\t\t\t\t\t\tG\u0131da End\u00fcstrisi:<\/div>\n<div id=\"cke_pastebin\">\n\t\t\t\t\t\tYayg\u0131n temizlik g\u00f6revleri<\/div>\n<div>\n\t\t\t\t\t\t\u00a0<\/div>\n<div id=\"cke_pastebin\">\n\t\t\t\t\t\tTemizlik End\u00fcstrisi:<\/div>\n<div id=\"cke_pastebin\">\n\t\t\t\t\t\tEv deterjanlar\u0131n\u0131n kullan\u0131lmas\u0131<\/div>\n<div>\n\t\t\t\t\t\t\u00a0<\/div>\n<div id=\"cke_pastebin\">\n\t\t\t\t\t\tMakina End\u00fcstrisi:<\/div>\n<div id=\"cke_pastebin\">\n\t\t\t\t\t\tAz ya\u011fl\u0131 ve gressiz par\u00e7alar\u0131n toplanmas\u0131<\/div>\n<\/p><\/div>\n<\/p><\/div>\n<\/p><\/div>\n<\/p><\/div>\n<\/div>\n","protected":false},"featured_media":11997,"comment_status":"open","ping_status":"closed","template":"","meta":{"_acf_changed":false},"product_brand":[1521],"product_cat":[708],"product_tag":[],"class_list":{"0":"post-11998","1":"product","2":"type-product","3":"status-publish","4":"has-post-thumbnail","6":"product_brand-mapa","7":"product_cat-el-koruyucular","9":"first","10":"instock","11":"taxable","12":"shipping-taxable","13":"purchasable","14":"product-type-simple","15":"add-to-wishlist-after_add_to_cart"},"acf":[],"_links":{"self":[{"href":"https:\/\/www.makitamarket.com.tr\/site\/wp-json\/wp\/v2\/product\/11998","targetHints":{"allow":["GET"]}}],"collection":[{"href":"https:\/\/www.makitamarket.com.tr\/site\/wp-json\/wp\/v2\/product"}],"about":[{"href":"https:\/\/www.makitamarket.com.tr\/site\/wp-json\/wp\/v2\/types\/product"}],"replies":[{"embeddable":true,"href":"https:\/\/www.makitamarket.com.tr\/site\/wp-json\/wp\/v2\/comments?post=11998"}],"wp:featuredmedia":[{"embeddable":true,"href":"https:\/\/www.makitamarket.com.tr\/site\/wp-json\/wp\/v2\/media\/11997"}],"wp:attachment":[{"href":"https:\/\/www.makitamarket.com.tr\/site\/wp-json\/wp\/v2\/media?parent=11998"}],"wp:term":[{"taxonomy":"product_brand","embeddable":true,"href":"https:\/\/www.makitamarket.com.tr\/site\/wp-json\/wp\/v2\/product_brand?post=11998"},{"taxonomy":"product_cat","embeddable":true,"href":"https:\/\/www.makitamarket.com.tr\/site\/wp-json\/wp\/v2\/product_cat?post=11998"},{"taxonomy":"product_tag","embeddable":true,"href":"https:\/\/www.makitamarket.com.tr\/site\/wp-json\/wp\/v2\/product_tag?post=11998"}],"curies":[{"name":"wp","href":"https:\/\/api.w.org\/{rel}","templated":true}]}}