{"id":12039,"date":"2024-11-27T20:12:44","date_gmt":"2024-11-27T17:12:44","guid":{"rendered":"https:\/\/www.makitamarket.com.tr\/site\/urun\/proxxon-proxxon-24082-pd400pd230-e-torna-pafta-tut\/"},"modified":"2026-04-06T13:55:54","modified_gmt":"2026-04-06T10:55:54","slug":"proxxon-proxxon-24082-pd400pd230-e-torna-pafta-tut","status":"publish","type":"product","link":"https:\/\/www.makitamarket.com.tr\/site\/urun\/proxxon-proxxon-24082-pd400pd230-e-torna-pafta-tut\/","title":{"rendered":"Proxxon 24082 PROXXON 24082 PD400,PD230\/E TORNA PAFTA TUT"},"content":{"rendered":"<p>\n\t<span style=\"font-size:12px;\"><span style=\"font-family:tahoma,geneva,sans-serif;\"><strong>M 3 &#8211; 4 &#8211; 5 &#8211; 6 &#8211; 8 ve 10 di\u015fler i\u00e7in.<br \/>\n\t<\/strong><\/span><\/span><\/p>\n<p>\n\t<span style=\"font-size:12px;\"><span style=\"font-family:tahoma,geneva,sans-serif;\">PD230\/E ve PD400&#8217;\u00fcn puntas\u0131na ba\u011flan\u0131r.<\/span><\/span><\/p>\n<p>\n\t<span style=\"font-size:12px;\"><span style=\"font-family:tahoma,geneva,sans-serif;\">Tezgah\u0131n punta ba\u015fl\u0131\u011f\u0131 matkap aynas\u0131n\u0131n monte edilmesi i\u00e7in\u00a0 O 10mm tutucu ile birlikte.<br \/>\n\t<\/span><\/span><\/p>\n<p>\n\t<span style=\"font-size:12px;\"><span style=\"font-family:tahoma,geneva,sans-serif;\">Di\u015fleri keserken tutucu elde tutulur.<br \/>\n\t<\/span><\/span><\/p>\n<p>\n\t<span style=\"font-size:12px;\"><span style=\"font-family:tahoma,geneva,sans-serif;\">Kayar kapakl\u0131 ah\u015fap bir kutuya d\u00fczg\u00fcnce yerle\u015ftirilmi\u015ftir.<br \/>\n\t<\/span><\/span><\/p>\n<table>\n<tr>\n<td>Kapasite<\/td>\n<td>M3-4-5-6-8-10<\/td>\n<\/tr>\n<tr>\n<td>Uygunluk<\/td>\n<td>PD230\/E ve PD400&#8217;\u00fcn puntas\u0131na ba\u011flan\u0131r.<\/td>\n<\/tr>\n<\/table>\n","protected":false},"excerpt":{"rendered":"<p>\n\t<span style=\"font-size:12px;\"><span style=\"font-family:tahoma,geneva,sans-serif;\"><strong>M 3 &#8211; 4 &#8211; 5 &#8211; 6 &#8211; 8 ve 10 di\u015fler i\u00e7in.<br \/>\n\t<\/strong><\/span><\/span><\/p>\n<p>\n\t<span style=\"font-size:12px;\"><span style=\"font-family:tahoma,geneva,sans-serif;\">PD230\/E ve PD400&#8217;\u00fcn puntas\u0131na ba\u011flan\u0131r.<\/span><\/span><\/p>\n<p>\n\t<span style=\"font-size:12px;\"><span style=\"font-family:tahoma,geneva,sans-serif;\">Tezgah\u0131n punta ba\u015fl\u0131\u011f\u0131 matkap aynas\u0131n\u0131n monte edilmesi i\u00e7in\u00a0 O 10mm tutucu ile birlikte.<br \/>\n\t<\/span><\/span><\/p>\n<p>\n\t<span style=\"font-size:12px;\"><span style=\"font-family:tahoma,geneva,sans-serif;\">Di\u015fleri keserken tutucu elde tutulur.<br \/>\n\t<\/span><\/span><\/p>\n<p>\n\t<span style=\"font-size:12px;\"><span style=\"font-family:tahoma,geneva,sans-serif;\">Kayar kapakl\u0131 ah\u015fap bir kutuya d\u00fczg\u00fcnce yerle\u015ftirilmi\u015ftir.<br \/>\n\t<\/span><\/span><\/p>\n","protected":false},"featured_media":12038,"comment_status":"open","ping_status":"closed","template":"","meta":{"_acf_changed":false},"product_brand":[1501],"product_cat":[1565],"product_tag":[],"class_list":{"0":"post-12039","1":"product","2":"type-product","3":"status-publish","4":"has-post-thumbnail","6":"product_brand-proxxon","7":"product_cat-yok-yok","9":"first","10":"instock","11":"taxable","12":"shipping-taxable","13":"purchasable","14":"product-type-simple","15":"add-to-wishlist-after_add_to_cart"},"acf":[],"_links":{"self":[{"href":"https:\/\/www.makitamarket.com.tr\/site\/wp-json\/wp\/v2\/product\/12039","targetHints":{"allow":["GET"]}}],"collection":[{"href":"https:\/\/www.makitamarket.com.tr\/site\/wp-json\/wp\/v2\/product"}],"about":[{"href":"https:\/\/www.makitamarket.com.tr\/site\/wp-json\/wp\/v2\/types\/product"}],"replies":[{"embeddable":true,"href":"https:\/\/www.makitamarket.com.tr\/site\/wp-json\/wp\/v2\/comments?post=12039"}],"wp:featuredmedia":[{"embeddable":true,"href":"https:\/\/www.makitamarket.com.tr\/site\/wp-json\/wp\/v2\/media\/12038"}],"wp:attachment":[{"href":"https:\/\/www.makitamarket.com.tr\/site\/wp-json\/wp\/v2\/media?parent=12039"}],"wp:term":[{"taxonomy":"product_brand","embeddable":true,"href":"https:\/\/www.makitamarket.com.tr\/site\/wp-json\/wp\/v2\/product_brand?post=12039"},{"taxonomy":"product_cat","embeddable":true,"href":"https:\/\/www.makitamarket.com.tr\/site\/wp-json\/wp\/v2\/product_cat?post=12039"},{"taxonomy":"product_tag","embeddable":true,"href":"https:\/\/www.makitamarket.com.tr\/site\/wp-json\/wp\/v2\/product_tag?post=12039"}],"curies":[{"name":"wp","href":"https:\/\/api.w.org\/{rel}","templated":true}]}}