{"id":12062,"date":"2024-11-27T20:12:51","date_gmt":"2024-11-27T17:12:51","guid":{"rendered":"https:\/\/www.makitamarket.com.tr\/site\/urun\/proxxon-proxxon-28515-micromot-60-e-freze-matkap-set\/"},"modified":"2026-04-06T13:56:07","modified_gmt":"2026-04-06T10:56:07","slug":"proxxon-proxxon-28515-micromot-60-e-freze-matkap-set","status":"publish","type":"product","link":"https:\/\/www.makitamarket.com.tr\/site\/urun\/proxxon-proxxon-28515-micromot-60-e-freze-matkap-set\/","title":{"rendered":"Proxxon 28515 MIKROMAT 50 PROXXON 28515 MICROMOT 60\/E FREZE MATKAP SET"},"content":{"rendered":"<div>\n\t<strong>Kullan\u0131m Alanlar\u0131 :<\/strong> Frezeleme, delme, kanal a\u00e7ma, polisaj, kesme, pas kaz\u0131ma,grav\u00fcrleme, i\u015flerinde kullan\u0131l\u0131r.<\/div>\n<div>\n\t<strong>Sevkiyat Kapsam\u0131:<\/strong> 6 adet \u00e7elik pens ile birlikte sevkedilir. (1-1,5-2-2,4-3-3,2mm)<\/div>\n<div>\n\t<span style=\"color:#f00;\">\u2022\u00a0<strong>Makinaya adapt\u00f6r dahildir. (12V, 1,0A)<\/strong><\/span><\/div>\n<div>\n\t<strong>Uyumlu Aksesuarlar:<\/strong><\/div>\n<div>\n\t<strong>PROX28700: <\/strong>Ayak \u015falteri<\/div>\n<table>\n<tr>\n<td>\u00c7al\u0131\u015fma gerilimi<\/td>\n<td>12-18V<\/td>\n<\/tr>\n<tr>\n<td>A\u011f\u0131rl\u0131k<\/td>\n<td>230g<\/td>\n<\/tr>\n<tr>\n<td>Mandren Kapasitesi<\/td>\n<td>0.3-3.2 mm anahtars\u0131z<\/td>\n<\/tr>\n<tr>\n<td>G\u00fc\u00e7<\/td>\n<td>40 Watt<\/td>\n<\/tr>\n<tr>\n<td>Devir<\/td>\n<td>5,000-20,000 d\/dak<\/td>\n<\/tr>\n<tr>\n<td>Uzunluk<\/td>\n<td>22 cm<\/td>\n<\/tr>\n<tr>\n<td>Muhafaza<\/td>\n<td>Dayan\u0131kl\u0131 Plastik Kutu<\/td>\n<\/tr>\n<\/table>\n","protected":false},"excerpt":{"rendered":"<div>\n\t<strong>Kullan\u0131m Alanlar\u0131 :<\/strong> Frezeleme, delme, kanal a\u00e7ma, polisaj, kesme, pas kaz\u0131ma,grav\u00fcrleme, i\u015flerinde kullan\u0131l\u0131r.<\/div>\n<div>\n\t<strong>Sevkiyat Kapsam\u0131:<\/strong> 6 adet \u00e7elik pens ile birlikte sevkedilir. (1-1,5-2-2,4-3-3,2mm)<\/div>\n<div>\n\t<span style=\"color:#f00;\">\u2022\u00a0<strong>Makinaya adapt\u00f6r dahildir. (12V, 1,0A)<\/strong><\/span><\/div>\n<div>\n\t<strong>Uyumlu Aksesuarlar:<\/strong><\/div>\n<div>\n\t<strong>PROX28700: <\/strong>Ayak \u015falteri<\/div>\n","protected":false},"featured_media":12061,"comment_status":"open","ping_status":"closed","template":"","meta":{"_acf_changed":false},"product_brand":[1501],"product_cat":[869],"product_tag":[],"class_list":{"0":"post-12062","1":"product","2":"type-product","3":"status-publish","4":"has-post-thumbnail","6":"product_brand-proxxon","7":"product_cat-matkap-freze-makinalari","9":"first","10":"instock","11":"taxable","12":"shipping-taxable","13":"purchasable","14":"product-type-simple","15":"add-to-wishlist-after_add_to_cart"},"acf":[],"_links":{"self":[{"href":"https:\/\/www.makitamarket.com.tr\/site\/wp-json\/wp\/v2\/product\/12062","targetHints":{"allow":["GET"]}}],"collection":[{"href":"https:\/\/www.makitamarket.com.tr\/site\/wp-json\/wp\/v2\/product"}],"about":[{"href":"https:\/\/www.makitamarket.com.tr\/site\/wp-json\/wp\/v2\/types\/product"}],"replies":[{"embeddable":true,"href":"https:\/\/www.makitamarket.com.tr\/site\/wp-json\/wp\/v2\/comments?post=12062"}],"wp:featuredmedia":[{"embeddable":true,"href":"https:\/\/www.makitamarket.com.tr\/site\/wp-json\/wp\/v2\/media\/12061"}],"wp:attachment":[{"href":"https:\/\/www.makitamarket.com.tr\/site\/wp-json\/wp\/v2\/media?parent=12062"}],"wp:term":[{"taxonomy":"product_brand","embeddable":true,"href":"https:\/\/www.makitamarket.com.tr\/site\/wp-json\/wp\/v2\/product_brand?post=12062"},{"taxonomy":"product_cat","embeddable":true,"href":"https:\/\/www.makitamarket.com.tr\/site\/wp-json\/wp\/v2\/product_cat?post=12062"},{"taxonomy":"product_tag","embeddable":true,"href":"https:\/\/www.makitamarket.com.tr\/site\/wp-json\/wp\/v2\/product_tag?post=12062"}],"curies":[{"name":"wp","href":"https:\/\/api.w.org\/{rel}","templated":true}]}}