{"id":12086,"date":"2024-11-27T20:13:00","date_gmt":"2024-11-27T17:13:00","guid":{"rendered":"https:\/\/www.makitamarket.com.tr\/site\/urun\/junkaung-kollu-el-vinci-irgat-w06-d520g-2-a61\/"},"modified":"2026-04-06T13:57:03","modified_gmt":"2026-04-06T10:57:03","slug":"junkaung-kollu-el-vinci-irgat-w06-d520g-2-a61","status":"publish","type":"product","link":"https:\/\/www.makitamarket.com.tr\/site\/urun\/junkaung-kollu-el-vinci-irgat-w06-d520g-2-a61\/","title":{"rendered":"Junkaung JK04203 KOLLU EL V\u0130NC\u0130 (IRGAT) W06 &#8211; D520G &#8211; 2\/A61"},"content":{"rendered":"<p>\n\t\u2022 Frenli<\/p>\n<table>\n<tr>\n<td>G\u00fcvenli \u00c7al\u0131\u015fma Y\u00fck\u00fc<\/td>\n<td>900 kg<\/td>\n<\/tr>\n<tr>\n<td>Di\u015fli Oran\u0131<\/td>\n<td>13.3:1<\/td>\n<\/tr>\n<tr>\n<td>Standart\u0131<\/td>\n<td>CE<\/td>\n<\/tr>\n<\/table>\n","protected":false},"excerpt":{"rendered":"<p>\n\t\u2022 Frenli<\/p>\n","protected":false},"featured_media":12085,"comment_status":"open","ping_status":"closed","template":"","meta":{"_acf_changed":false},"product_brand":[1549],"product_cat":[1069],"product_tag":[],"class_list":{"0":"post-12086","1":"product","2":"type-product","3":"status-publish","4":"has-post-thumbnail","6":"product_brand-junkaung","7":"product_cat-spanzetler-irgatlar-gerdirmeler","9":"first","10":"outofstock","11":"taxable","12":"shipping-taxable","13":"purchasable","14":"product-type-simple","15":"add-to-wishlist-after_add_to_cart"},"acf":[],"_links":{"self":[{"href":"https:\/\/www.makitamarket.com.tr\/site\/wp-json\/wp\/v2\/product\/12086","targetHints":{"allow":["GET"]}}],"collection":[{"href":"https:\/\/www.makitamarket.com.tr\/site\/wp-json\/wp\/v2\/product"}],"about":[{"href":"https:\/\/www.makitamarket.com.tr\/site\/wp-json\/wp\/v2\/types\/product"}],"replies":[{"embeddable":true,"href":"https:\/\/www.makitamarket.com.tr\/site\/wp-json\/wp\/v2\/comments?post=12086"}],"wp:featuredmedia":[{"embeddable":true,"href":"https:\/\/www.makitamarket.com.tr\/site\/wp-json\/wp\/v2\/media\/12085"}],"wp:attachment":[{"href":"https:\/\/www.makitamarket.com.tr\/site\/wp-json\/wp\/v2\/media?parent=12086"}],"wp:term":[{"taxonomy":"product_brand","embeddable":true,"href":"https:\/\/www.makitamarket.com.tr\/site\/wp-json\/wp\/v2\/product_brand?post=12086"},{"taxonomy":"product_cat","embeddable":true,"href":"https:\/\/www.makitamarket.com.tr\/site\/wp-json\/wp\/v2\/product_cat?post=12086"},{"taxonomy":"product_tag","embeddable":true,"href":"https:\/\/www.makitamarket.com.tr\/site\/wp-json\/wp\/v2\/product_tag?post=12086"}],"curies":[{"name":"wp","href":"https:\/\/api.w.org\/{rel}","templated":true}]}}