{"id":12090,"date":"2024-11-27T20:13:00","date_gmt":"2024-11-27T17:13:00","guid":{"rendered":"https:\/\/www.makitamarket.com.tr\/site\/urun\/knipex-duz-cene-ayarli-pense-300-mm\/"},"modified":"2026-04-06T13:57:04","modified_gmt":"2026-04-06T10:57:04","slug":"knipex-duz-cene-ayarli-pense-300-mm","status":"publish","type":"product","link":"https:\/\/www.makitamarket.com.tr\/site\/urun\/knipex-duz-cene-ayarli-pense-300-mm\/","title":{"rendered":"Knipex 8601300 D\u00dcZ \u00c7ENE AYARLI PENSE 300 mm"},"content":{"rendered":"<p><b>86 01 300 Ayarl\u0131 fort pense<\/b><br \/>B\u00fct\u00fcn bir anahtar tak\u0131m\u0131n\u0131n yerine ge\u00e7er. Armat\u00fcrlerin montaj\u0131n\u0131 zarar vermeden ger\u00e7ekle\u015ftirir. Ayarlanabilir pense. \u0130\u015f par\u00e7alar\u0131n\u0131n kavranmas\u0131, tutulmas\u0131, s\u0131k\u0131\u015ft\u0131r\u0131lmas\u0131 ve b\u00fck\u00fclmesi i\u00e7in olduk\u00e7a kullan\u0131\u015fl\u0131d\u0131r. Elle uygulanan kuvveti 10 kat g\u00fc\u00e7lendirmesi sayesinde y\u00fcksek s\u0131k\u0131\u015ft\u0131rma g\u00fcc\u00fc. Bo\u015fluksuz \u015fekilde somunlar\u0131 kavrad\u0131\u011f\u0131 i\u00e7in somun k\u00f6\u015felerine zarar vermez. Paralel \u00e7eneler sayesinde, belirtilen kapasiteye kadar t\u00fcm civata \u00f6l\u00e7\u00fclerinin kademesiz olarak tutulmas\u0131 m\u00fcmk\u00fcnd\u00fcr. Mafsal pimi g\u00fcvenli bir \u015fekilde yerine oturur: Ayar istem d\u0131\u015f\u0131 bozulmaz. Kavrama \u00e7enelerinin aras\u0131ndaki s\u0131k\u0131\u015ft\u0131rma pimi sayesinde c\u0131vata ba\u011flant\u0131lar\u0131n\u0131n c\u0131rc\u0131r lokma anahtar prensibine g\u00f6re h\u0131zl\u0131 bir \u015fekilde s\u0131k\u0131lmas\u0131 ve gev\u015fetilmesi m\u00fcmk\u00fcnd\u00fcr. <\/p>\n<table>\n<tr>\n<td>Uzunluk<\/td>\n<td>300<\/td>\n<\/tr>\n<tr>\n<td>Kafa<\/td>\n<td>Polisaj<\/td>\n<\/tr>\n<tr>\n<td>Sap<\/td>\n<td>\u0130nce \u0130zole<\/td>\n<\/tr>\n<tr>\n<td>Tutma \u00d6l\u00e7\u00fcleri<\/td>\n<td>2.1\/2&#8243; , 68mm<\/td>\n<\/tr>\n<tr>\n<td>A\u011f\u0131rl\u0131k<\/td>\n<td>645 gr<\/td>\n<\/tr>\n<\/table>\n","protected":false},"excerpt":{"rendered":"<p><b>86 01 300 Ayarl\u0131 fort pense<\/b><br \/>B\u00fct\u00fcn bir anahtar tak\u0131m\u0131n\u0131n yerine ge\u00e7er. Armat\u00fcrlerin montaj\u0131n\u0131 zarar vermeden ger\u00e7ekle\u015ftirir. Ayarlanabilir pense. \u0130\u015f par\u00e7alar\u0131n\u0131n kavranmas\u0131, tutulmas\u0131, s\u0131k\u0131\u015ft\u0131r\u0131lmas\u0131 ve b\u00fck\u00fclmesi i\u00e7in olduk\u00e7a kullan\u0131\u015fl\u0131d\u0131r. Elle uygulanan kuvveti 10 kat g\u00fc\u00e7lendirmesi sayesinde y\u00fcksek s\u0131k\u0131\u015ft\u0131rma g\u00fcc\u00fc. Bo\u015fluksuz \u015fekilde somunlar\u0131 kavrad\u0131\u011f\u0131 i\u00e7in somun k\u00f6\u015felerine zarar vermez. Paralel \u00e7eneler sayesinde, belirtilen kapasiteye kadar t\u00fcm civata \u00f6l\u00e7\u00fclerinin kademesiz olarak tutulmas\u0131 m\u00fcmk\u00fcnd\u00fcr. Mafsal pimi g\u00fcvenli bir \u015fekilde yerine oturur: Ayar istem d\u0131\u015f\u0131 bozulmaz. Kavrama \u00e7enelerinin aras\u0131ndaki s\u0131k\u0131\u015ft\u0131rma pimi sayesinde c\u0131vata ba\u011flant\u0131lar\u0131n\u0131n c\u0131rc\u0131r lokma anahtar prensibine g\u00f6re h\u0131zl\u0131 bir \u015fekilde s\u0131k\u0131lmas\u0131 ve gev\u015fetilmesi m\u00fcmk\u00fcnd\u00fcr. <\/p>\n","protected":false},"featured_media":12089,"comment_status":"open","ping_status":"closed","template":"","meta":{"_acf_changed":false},"product_brand":[1486],"product_cat":[1062],"product_tag":[],"class_list":{"0":"post-12090","1":"product","2":"type-product","3":"status-publish","4":"has-post-thumbnail","6":"product_brand-knipex","7":"product_cat-duz-cene-ayarli-penseler","9":"first","10":"instock","11":"taxable","12":"shipping-taxable","13":"purchasable","14":"product-type-simple","15":"add-to-wishlist-after_add_to_cart"},"acf":[],"_links":{"self":[{"href":"https:\/\/www.makitamarket.com.tr\/site\/wp-json\/wp\/v2\/product\/12090","targetHints":{"allow":["GET"]}}],"collection":[{"href":"https:\/\/www.makitamarket.com.tr\/site\/wp-json\/wp\/v2\/product"}],"about":[{"href":"https:\/\/www.makitamarket.com.tr\/site\/wp-json\/wp\/v2\/types\/product"}],"replies":[{"embeddable":true,"href":"https:\/\/www.makitamarket.com.tr\/site\/wp-json\/wp\/v2\/comments?post=12090"}],"wp:featuredmedia":[{"embeddable":true,"href":"https:\/\/www.makitamarket.com.tr\/site\/wp-json\/wp\/v2\/media\/12089"}],"wp:attachment":[{"href":"https:\/\/www.makitamarket.com.tr\/site\/wp-json\/wp\/v2\/media?parent=12090"}],"wp:term":[{"taxonomy":"product_brand","embeddable":true,"href":"https:\/\/www.makitamarket.com.tr\/site\/wp-json\/wp\/v2\/product_brand?post=12090"},{"taxonomy":"product_cat","embeddable":true,"href":"https:\/\/www.makitamarket.com.tr\/site\/wp-json\/wp\/v2\/product_cat?post=12090"},{"taxonomy":"product_tag","embeddable":true,"href":"https:\/\/www.makitamarket.com.tr\/site\/wp-json\/wp\/v2\/product_tag?post=12090"}],"curies":[{"name":"wp","href":"https:\/\/api.w.org\/{rel}","templated":true}]}}