{"id":12109,"date":"2024-11-27T20:13:06","date_gmt":"2024-11-27T17:13:06","guid":{"rendered":"https:\/\/www.makitamarket.com.tr\/site\/urun\/virax-virax-2103-50-bakir-boru-kesici-icin-yedek-bicak\/"},"modified":"2026-03-30T08:14:32","modified_gmt":"2026-03-30T05:14:32","slug":"virax-virax-2103-50-bakir-boru-kesici-icin-yedek-bicak","status":"publish","type":"product","link":"https:\/\/www.makitamarket.com.tr\/site\/urun\/virax-virax-2103-50-bakir-boru-kesici-icin-yedek-bicak\/","title":{"rendered":"Virax 210350 VIRAX 2103 50 BAKIR BORU KES\u0130C\u0130 \u0130\u00c7\u0130N YEDEK BI\u00c7AK"},"content":{"rendered":"<table>\n<tr>\n<td>Uyumlu Kesici<\/td>\n<td>210310-210312-210441-210443<\/td>\n<\/tr>\n<tr>\n<td>A (mm)<\/td>\n<td>18.5 mm<\/td>\n<\/tr>\n<tr>\n<td>A1 (mm)<\/td>\n<td>4.77 mm<\/td>\n<\/tr>\n<tr>\n<td>E (mm)<\/td>\n<td>3.15 mm<\/td>\n<\/tr>\n<\/table>\n","protected":false},"excerpt":{"rendered":"<p>Uyumlu Kesici 210310-210312-210441-210443 A (mm) 18.5 mm A1 (mm) 4.77 mm E (mm) 3.15 mm<\/p>\n","protected":false},"featured_media":12108,"comment_status":"open","ping_status":"closed","template":"","meta":{"_acf_changed":false},"product_brand":[1495],"product_cat":[1565],"product_tag":[],"class_list":{"0":"post-12109","1":"product","2":"type-product","3":"status-publish","4":"has-post-thumbnail","6":"product_brand-virax","7":"product_cat-yok-yok","9":"first","10":"instock","11":"taxable","12":"shipping-taxable","13":"purchasable","14":"product-type-simple","15":"add-to-wishlist-after_add_to_cart"},"acf":[],"_links":{"self":[{"href":"https:\/\/www.makitamarket.com.tr\/site\/wp-json\/wp\/v2\/product\/12109","targetHints":{"allow":["GET"]}}],"collection":[{"href":"https:\/\/www.makitamarket.com.tr\/site\/wp-json\/wp\/v2\/product"}],"about":[{"href":"https:\/\/www.makitamarket.com.tr\/site\/wp-json\/wp\/v2\/types\/product"}],"replies":[{"embeddable":true,"href":"https:\/\/www.makitamarket.com.tr\/site\/wp-json\/wp\/v2\/comments?post=12109"}],"wp:featuredmedia":[{"embeddable":true,"href":"https:\/\/www.makitamarket.com.tr\/site\/wp-json\/wp\/v2\/media\/12108"}],"wp:attachment":[{"href":"https:\/\/www.makitamarket.com.tr\/site\/wp-json\/wp\/v2\/media?parent=12109"}],"wp:term":[{"taxonomy":"product_brand","embeddable":true,"href":"https:\/\/www.makitamarket.com.tr\/site\/wp-json\/wp\/v2\/product_brand?post=12109"},{"taxonomy":"product_cat","embeddable":true,"href":"https:\/\/www.makitamarket.com.tr\/site\/wp-json\/wp\/v2\/product_cat?post=12109"},{"taxonomy":"product_tag","embeddable":true,"href":"https:\/\/www.makitamarket.com.tr\/site\/wp-json\/wp\/v2\/product_tag?post=12109"}],"curies":[{"name":"wp","href":"https:\/\/api.w.org\/{rel}","templated":true}]}}