{"id":12147,"date":"2024-11-27T20:13:22","date_gmt":"2024-11-27T17:13:22","guid":{"rendered":"https:\/\/www.makitamarket.com.tr\/site\/urun\/makita-mt-darbeli-matkap-13-mm\/"},"modified":"2026-04-13T20:15:35","modified_gmt":"2026-04-13T17:15:35","slug":"makita-mt-darbeli-matkap-13-mm","status":"publish","type":"product","link":"https:\/\/www.makitamarket.com.tr\/site\/urun\/makita-mt-darbeli-matkap-13-mm\/","title":{"rendered":"Makita MT M8103B DARBEL\u0130 MATKAP 13 mm"},"content":{"rendered":"<table>\n<tr>\n<td>S\u00fcrekli Ak\u0131m Giri\u015fi<\/td>\n<td>230 W<\/td>\n<\/tr>\n<tr>\n<td>Kapasite<\/td>\n<td>Ah\u015fap : 18mm, \u00c7elik : 13mm, Tu\u011fla : 13mm<\/td>\n<\/tr>\n<tr>\n<td>Bo\u015ftaki devir say\u0131s\u0131<\/td>\n<td>0-3,000 devir\/dk<\/td>\n<\/tr>\n<tr>\n<td>Net A\u011f\u0131rl\u0131k<\/td>\n<td>1.8kg<\/td>\n<\/tr>\n<tr>\n<td>Ak\u0131m<\/td>\n<td>1.95Ah<\/td>\n<\/tr>\n<tr>\n<td>Mandren<\/td>\n<td>1\/2&#8243;<\/td>\n<\/tr>\n<tr>\n<td>Ambalaj \u0130\u00e7eri\u011fi<\/td>\n<td>Mandren anahtar\u0131, Anahtar tutucu, Yan sap, Derinlik mesneti<\/td>\n<\/tr>\n<\/table>\n","protected":false},"excerpt":{"rendered":"<p>S\u00fcrekli Ak\u0131m Giri\u015fi 230 W Kapasite Ah\u015fap : 18mm, \u00c7elik : 13mm, Tu\u011fla : 13mm Bo\u015ftaki devir say\u0131s\u0131 0-3,000 devir\/dk Net A\u011f\u0131rl\u0131k 1.8kg Ak\u0131m 1.95Ah Mandren 1\/2&#8243; Ambalaj \u0130\u00e7eri\u011fi Mandren<\/p>\n","protected":false},"featured_media":12343,"comment_status":"open","ping_status":"closed","template":"","meta":{"_acf_changed":false},"product_brand":[1528],"product_cat":[1565],"product_tag":[],"class_list":{"0":"post-12147","1":"product","2":"type-product","3":"status-publish","4":"has-post-thumbnail","6":"product_brand-makita-mt","7":"product_cat-yok-yok","9":"first","10":"instock","11":"taxable","12":"shipping-taxable","13":"purchasable","14":"product-type-simple","15":"add-to-wishlist-after_add_to_cart"},"acf":[],"_links":{"self":[{"href":"https:\/\/www.makitamarket.com.tr\/site\/wp-json\/wp\/v2\/product\/12147","targetHints":{"allow":["GET"]}}],"collection":[{"href":"https:\/\/www.makitamarket.com.tr\/site\/wp-json\/wp\/v2\/product"}],"about":[{"href":"https:\/\/www.makitamarket.com.tr\/site\/wp-json\/wp\/v2\/types\/product"}],"replies":[{"embeddable":true,"href":"https:\/\/www.makitamarket.com.tr\/site\/wp-json\/wp\/v2\/comments?post=12147"}],"wp:featuredmedia":[{"embeddable":true,"href":"https:\/\/www.makitamarket.com.tr\/site\/wp-json\/wp\/v2\/media\/12343"}],"wp:attachment":[{"href":"https:\/\/www.makitamarket.com.tr\/site\/wp-json\/wp\/v2\/media?parent=12147"}],"wp:term":[{"taxonomy":"product_brand","embeddable":true,"href":"https:\/\/www.makitamarket.com.tr\/site\/wp-json\/wp\/v2\/product_brand?post=12147"},{"taxonomy":"product_cat","embeddable":true,"href":"https:\/\/www.makitamarket.com.tr\/site\/wp-json\/wp\/v2\/product_cat?post=12147"},{"taxonomy":"product_tag","embeddable":true,"href":"https:\/\/www.makitamarket.com.tr\/site\/wp-json\/wp\/v2\/product_tag?post=12147"}],"curies":[{"name":"wp","href":"https:\/\/api.w.org\/{rel}","templated":true}]}}