{"id":12153,"date":"2024-11-27T20:13:24","date_gmt":"2024-11-27T17:13:24","guid":{"rendered":"https:\/\/www.makitamarket.com.tr\/site\/urun\/clipper-pro-stone-testere-300-mm\/"},"modified":"2025-11-16T06:42:02","modified_gmt":"2025-11-16T03:42:02","slug":"clipper-pro-stone-testere-300-mm","status":"publish","type":"product","link":"https:\/\/www.makitamarket.com.tr\/site\/urun\/clipper-pro-stone-testere-300-mm\/","title":{"rendered":"Clipper 27577-2 PRO STONE TESTERE 300 mm"},"content":{"rendered":"<p>\n\tGranit, mermer, in\u015faat kiremiti ve di\u011fer sert yap\u0131 malzemeleri i\u00e7in.<\/p>\n<table>\n<tr>\n<td>\u00c7ap<\/td>\n<td>300mm<\/td>\n<\/tr>\n<tr>\n<td>Merkez<\/td>\n<td>60 mm<\/td>\n<\/tr>\n<tr>\n<td>Segman (Y\/G-mm)<\/td>\n<td>12\/3,2 mm<\/td>\n<\/tr>\n<tr>\n<td>Performans<\/td>\n<td>4 y\u0131ld\u0131z<\/td>\n<\/tr>\n<tr>\n<td>Model s\u0131n\u0131f\u0131<\/td>\n<td>Pro line<\/td>\n<\/tr>\n<\/table>\n","protected":false},"excerpt":{"rendered":"<p>\n\tGranit, mermer, in\u015faat kiremiti ve di\u011fer sert yap\u0131 malzemeleri i\u00e7in.<\/p>\n","protected":false},"featured_media":12297,"comment_status":"open","ping_status":"closed","template":"","meta":{"_acf_changed":false},"product_brand":[1497],"product_cat":[1565],"product_tag":[],"class_list":{"0":"post-12153","1":"product","2":"type-product","3":"status-publish","4":"has-post-thumbnail","6":"product_brand-clipper","7":"product_cat-yok-yok","9":"first","10":"outofstock","11":"taxable","12":"shipping-taxable","13":"purchasable","14":"product-type-simple","15":"add-to-wishlist-after_add_to_cart"},"acf":[],"_links":{"self":[{"href":"https:\/\/www.makitamarket.com.tr\/site\/wp-json\/wp\/v2\/product\/12153","targetHints":{"allow":["GET"]}}],"collection":[{"href":"https:\/\/www.makitamarket.com.tr\/site\/wp-json\/wp\/v2\/product"}],"about":[{"href":"https:\/\/www.makitamarket.com.tr\/site\/wp-json\/wp\/v2\/types\/product"}],"replies":[{"embeddable":true,"href":"https:\/\/www.makitamarket.com.tr\/site\/wp-json\/wp\/v2\/comments?post=12153"}],"wp:featuredmedia":[{"embeddable":true,"href":"https:\/\/www.makitamarket.com.tr\/site\/wp-json\/wp\/v2\/media\/12297"}],"wp:attachment":[{"href":"https:\/\/www.makitamarket.com.tr\/site\/wp-json\/wp\/v2\/media?parent=12153"}],"wp:term":[{"taxonomy":"product_brand","embeddable":true,"href":"https:\/\/www.makitamarket.com.tr\/site\/wp-json\/wp\/v2\/product_brand?post=12153"},{"taxonomy":"product_cat","embeddable":true,"href":"https:\/\/www.makitamarket.com.tr\/site\/wp-json\/wp\/v2\/product_cat?post=12153"},{"taxonomy":"product_tag","embeddable":true,"href":"https:\/\/www.makitamarket.com.tr\/site\/wp-json\/wp\/v2\/product_tag?post=12153"}],"curies":[{"name":"wp","href":"https:\/\/api.w.org\/{rel}","templated":true}]}}