{"id":12161,"date":"2024-11-27T20:13:26","date_gmt":"2024-11-27T17:13:26","guid":{"rendered":"https:\/\/www.makitamarket.com.tr\/site\/urun\/makita-agir-emniyet-kemer-seti\/"},"modified":"2025-11-16T07:10:46","modified_gmt":"2025-11-16T04:10:46","slug":"makita-agir-emniyet-kemer-seti","status":"publish","type":"product","link":"https:\/\/www.makitamarket.com.tr\/site\/urun\/makita-agir-emniyet-kemer-seti\/","title":{"rendered":"Makita P-81686 A\u011eIR EMN\u0130YET KEMER SET\u0130"},"content":{"rendered":"<p>\n\tA\u011f\u0131r kullan\u0131m ve maksimum konfor i\u00e7in tasarlanm\u0131\u015ft\u0131r.<\/p>\n<p>\n\tMatkap k\u0131l\u0131f\u0131 sa\u011f\/sol el kullan\u0131m sa\u011flar, geni\u015f a\u011f\u0131zl\u0131 bel \u00e7antas\u0131 her t\u00fcrl\u00fc k\u00fc\u00e7\u00fck el aletlerinin ayn\u0131 s\u0131ra tornavida ve \u00e7eki\u00e7 ta\u015f\u0131ma i\u00e7in \u00f6zel b\u00f6lmeleri bulunmaktad\u0131r.<\/p>\n<p>\n\t\u00c7al\u0131\u015fma s\u0131ras\u0131nda cep telefonunuzu koruma ama\u00e7l\u0131 saklayabilece\u011finiz k\u0131l\u0131f kemer \u00fczerinde bulunmaktad\u0131r.<\/p>\n<p>\n\tEmniyet bel kemerinizin t\u00fcm par\u00e7alar\u0131n\u0131 kemer \u00fczerinden ay\u0131rarak da kullanabilirsiniz.<\/p>\n<table><\/table>\n","protected":false},"excerpt":{"rendered":"<p>\n\tA\u011f\u0131r kullan\u0131m ve maksimum konfor i\u00e7in tasarlanm\u0131\u015ft\u0131r.<\/p>\n<p>\n\tMatkap k\u0131l\u0131f\u0131 sa\u011f\/sol el kullan\u0131m sa\u011flar, geni\u015f a\u011f\u0131zl\u0131 bel \u00e7antas\u0131 her t\u00fcrl\u00fc k\u00fc\u00e7\u00fck el aletlerinin ayn\u0131 s\u0131ra tornavida ve \u00e7eki\u00e7 ta\u015f\u0131ma i\u00e7in \u00f6zel b\u00f6lmeleri bulunmaktad\u0131r.<\/p>\n<p>\n\t\u00c7al\u0131\u015fma s\u0131ras\u0131nda cep telefonunuzu koruma ama\u00e7l\u0131 saklayabilece\u011finiz k\u0131l\u0131f kemer \u00fczerinde bulunmaktad\u0131r.<\/p>\n<p>\n\tEmniyet bel kemerinizin t\u00fcm par\u00e7alar\u0131n\u0131 kemer \u00fczerinden ay\u0131rarak da kullanabilirsiniz.<\/p>\n","protected":false},"featured_media":13241,"comment_status":"open","ping_status":"closed","template":"","meta":{"_acf_changed":false},"product_brand":[1485],"product_cat":[1169],"product_tag":[],"class_list":{"0":"post-12161","1":"product","2":"type-product","3":"status-publish","4":"has-post-thumbnail","6":"product_brand-makita","7":"product_cat-tasima-ekipmanlari","9":"first","10":"outofstock","11":"taxable","12":"shipping-taxable","13":"purchasable","14":"product-type-simple","15":"add-to-wishlist-after_add_to_cart"},"acf":[],"_links":{"self":[{"href":"https:\/\/www.makitamarket.com.tr\/site\/wp-json\/wp\/v2\/product\/12161","targetHints":{"allow":["GET"]}}],"collection":[{"href":"https:\/\/www.makitamarket.com.tr\/site\/wp-json\/wp\/v2\/product"}],"about":[{"href":"https:\/\/www.makitamarket.com.tr\/site\/wp-json\/wp\/v2\/types\/product"}],"replies":[{"embeddable":true,"href":"https:\/\/www.makitamarket.com.tr\/site\/wp-json\/wp\/v2\/comments?post=12161"}],"wp:featuredmedia":[{"embeddable":true,"href":"https:\/\/www.makitamarket.com.tr\/site\/wp-json\/wp\/v2\/media\/13241"}],"wp:attachment":[{"href":"https:\/\/www.makitamarket.com.tr\/site\/wp-json\/wp\/v2\/media?parent=12161"}],"wp:term":[{"taxonomy":"product_brand","embeddable":true,"href":"https:\/\/www.makitamarket.com.tr\/site\/wp-json\/wp\/v2\/product_brand?post=12161"},{"taxonomy":"product_cat","embeddable":true,"href":"https:\/\/www.makitamarket.com.tr\/site\/wp-json\/wp\/v2\/product_cat?post=12161"},{"taxonomy":"product_tag","embeddable":true,"href":"https:\/\/www.makitamarket.com.tr\/site\/wp-json\/wp\/v2\/product_tag?post=12161"}],"curies":[{"name":"wp","href":"https:\/\/api.w.org\/{rel}","templated":true}]}}