{"id":12176,"date":"2024-11-27T20:13:37","date_gmt":"2024-11-27T17:13:37","guid":{"rendered":"https:\/\/www.makitamarket.com.tr\/site\/urun\/vivastar-hubzug-750-kg\/"},"modified":"2025-11-16T06:37:41","modified_gmt":"2025-11-16T03:37:41","slug":"vivastar-hubzug-750-kg","status":"publish","type":"product","link":"https:\/\/www.makitamarket.com.tr\/site\/urun\/vivastar-hubzug-750-kg\/","title":{"rendered":"Vivastar VVHUB0.75-1.5 HUBZUG 750 kg"},"content":{"rendered":"<table>\n<tr>\n<td>Kapasite (kg)<\/td>\n<td>750<\/td>\n<\/tr>\n<tr>\n<td>Zincir Boyu (mt)<\/td>\n<td>1.5<\/td>\n<\/tr>\n<tr>\n<td>Zincir Donam Say\u0131s\u0131<\/td>\n<td>1<\/td>\n<\/tr>\n<tr>\n<td>Y\u00fck Zincir \u00c7ap\u0131 (mm)<\/td>\n<td>6<\/td>\n<\/tr>\n<tr>\n<td>Boyutlar (mm)<\/td>\n<td>36&#215;12.5&#215;16<\/td>\n<\/tr>\n<tr>\n<td>A\u011f\u0131rl\u0131k (Kg)<\/td>\n<td>7<\/td>\n<\/tr>\n<\/table>\n","protected":false},"excerpt":{"rendered":"<p>Kapasite (kg) 750 Zincir Boyu (mt) 1.5 Zincir Donam Say\u0131s\u0131 1 Y\u00fck Zincir \u00c7ap\u0131 (mm) 6 Boyutlar (mm) 36&#215;12.5&#215;16 A\u011f\u0131rl\u0131k (Kg) 7<\/p>\n","protected":false},"featured_media":12175,"comment_status":"open","ping_status":"closed","template":"","meta":{"_acf_changed":false},"product_brand":[1509],"product_cat":[780],"product_tag":[],"class_list":{"0":"post-12176","1":"product","2":"type-product","3":"status-publish","4":"has-post-thumbnail","6":"product_brand-vivastar","7":"product_cat-vincler-caraskallar-hubsuglar","9":"first","10":"outofstock","11":"taxable","12":"shipping-taxable","13":"purchasable","14":"product-type-simple","15":"add-to-wishlist-after_add_to_cart"},"acf":[],"_links":{"self":[{"href":"https:\/\/www.makitamarket.com.tr\/site\/wp-json\/wp\/v2\/product\/12176","targetHints":{"allow":["GET"]}}],"collection":[{"href":"https:\/\/www.makitamarket.com.tr\/site\/wp-json\/wp\/v2\/product"}],"about":[{"href":"https:\/\/www.makitamarket.com.tr\/site\/wp-json\/wp\/v2\/types\/product"}],"replies":[{"embeddable":true,"href":"https:\/\/www.makitamarket.com.tr\/site\/wp-json\/wp\/v2\/comments?post=12176"}],"wp:featuredmedia":[{"embeddable":true,"href":"https:\/\/www.makitamarket.com.tr\/site\/wp-json\/wp\/v2\/media\/12175"}],"wp:attachment":[{"href":"https:\/\/www.makitamarket.com.tr\/site\/wp-json\/wp\/v2\/media?parent=12176"}],"wp:term":[{"taxonomy":"product_brand","embeddable":true,"href":"https:\/\/www.makitamarket.com.tr\/site\/wp-json\/wp\/v2\/product_brand?post=12176"},{"taxonomy":"product_cat","embeddable":true,"href":"https:\/\/www.makitamarket.com.tr\/site\/wp-json\/wp\/v2\/product_cat?post=12176"},{"taxonomy":"product_tag","embeddable":true,"href":"https:\/\/www.makitamarket.com.tr\/site\/wp-json\/wp\/v2\/product_tag?post=12176"}],"curies":[{"name":"wp","href":"https:\/\/api.w.org\/{rel}","templated":true}]}}