{"id":12189,"date":"2024-11-27T20:13:41","date_gmt":"2024-11-27T17:13:41","guid":{"rendered":"https:\/\/www.makitamarket.com.tr\/site\/urun\/rapid-zimba-civisi-r-8-20-0-75m\/"},"modified":"2026-04-06T14:01:04","modified_gmt":"2026-04-06T11:01:04","slug":"rapid-zimba-civisi-r-8-20-0-75m","status":"publish","type":"product","link":"https:\/\/www.makitamarket.com.tr\/site\/urun\/rapid-zimba-civisi-r-8-20-0-75m\/","title":{"rendered":"Rapid R 300\/20-880 ZIMBA \u00c7\u0130V\u0130S\u0130 R 8\/20 0.75M"},"content":{"rendered":"<table>\n<tr>\n<td>Z\u0131mba Teli Tipi<\/td>\n<td>8 serisi<\/td>\n<\/tr>\n<tr>\n<td>A\u00e7\u0131klama<\/td>\n<td>R 8\/20 0,75M 20mm<\/td>\n<\/tr>\n<tr>\n<td>Kutu \u0130\u00e7i Adedi<\/td>\n<td>750<\/td>\n<\/tr>\n<\/table>\n","protected":false},"excerpt":{"rendered":"<p>Z\u0131mba Teli Tipi 8 serisi A\u00e7\u0131klama R 8\/20 0,75M 20mm Kutu \u0130\u00e7i Adedi 750<\/p>\n","protected":false},"featured_media":12188,"comment_status":"open","ping_status":"closed","template":"","meta":{"_acf_changed":false},"product_brand":[1491],"product_cat":[712],"product_tag":[],"class_list":{"0":"post-12189","1":"product","2":"type-product","3":"status-publish","4":"has-post-thumbnail","6":"product_brand-rapid","7":"product_cat-zimba-tabancalari","9":"first","10":"instock","11":"taxable","12":"shipping-taxable","13":"purchasable","14":"product-type-simple","15":"add-to-wishlist-after_add_to_cart"},"acf":[],"_links":{"self":[{"href":"https:\/\/www.makitamarket.com.tr\/site\/wp-json\/wp\/v2\/product\/12189","targetHints":{"allow":["GET"]}}],"collection":[{"href":"https:\/\/www.makitamarket.com.tr\/site\/wp-json\/wp\/v2\/product"}],"about":[{"href":"https:\/\/www.makitamarket.com.tr\/site\/wp-json\/wp\/v2\/types\/product"}],"replies":[{"embeddable":true,"href":"https:\/\/www.makitamarket.com.tr\/site\/wp-json\/wp\/v2\/comments?post=12189"}],"wp:featuredmedia":[{"embeddable":true,"href":"https:\/\/www.makitamarket.com.tr\/site\/wp-json\/wp\/v2\/media\/12188"}],"wp:attachment":[{"href":"https:\/\/www.makitamarket.com.tr\/site\/wp-json\/wp\/v2\/media?parent=12189"}],"wp:term":[{"taxonomy":"product_brand","embeddable":true,"href":"https:\/\/www.makitamarket.com.tr\/site\/wp-json\/wp\/v2\/product_brand?post=12189"},{"taxonomy":"product_cat","embeddable":true,"href":"https:\/\/www.makitamarket.com.tr\/site\/wp-json\/wp\/v2\/product_cat?post=12189"},{"taxonomy":"product_tag","embeddable":true,"href":"https:\/\/www.makitamarket.com.tr\/site\/wp-json\/wp\/v2\/product_tag?post=12189"}],"curies":[{"name":"wp","href":"https:\/\/api.w.org\/{rel}","templated":true}]}}