{"id":12201,"date":"2024-11-27T20:13:47","date_gmt":"2024-11-27T17:13:47","guid":{"rendered":"https:\/\/www.makitamarket.com.tr\/site\/urun\/makita-li-ion-serisi-aku-14-4-v-1-5ah-bl1415n\/"},"modified":"2026-03-30T08:16:26","modified_gmt":"2026-03-30T05:16:26","slug":"makita-li-ion-serisi-aku-14-4-v-1-5ah-bl1415n","status":"publish","type":"product","link":"https:\/\/www.makitamarket.com.tr\/site\/urun\/makita-li-ion-serisi-aku-14-4-v-1-5ah-bl1415n\/","title":{"rendered":"Makita 196877-0 L\u0130-\u0130ON SER\u0130S\u0130 AK\u00dc 14.4 V 1.5AH BL1415N"},"content":{"rendered":"<table>\n<tr>\n<td>Model<\/td>\n<td>BL1415N<\/td>\n<\/tr>\n<tr>\n<td>G\u00fc\u00e7 \/ Kapasite<\/td>\n<td>14.4 V \/ 1.5 Ah \/ Li-ION<\/td>\n<\/tr>\n<tr>\n<td>A\u00e7\u0131klama<\/td>\n<td>S\u00fcrg\u00fcl\u00fc<\/td>\n<\/tr>\n<\/table>\n","protected":false},"excerpt":{"rendered":"<p>Model BL1415N G\u00fc\u00e7 \/ Kapasite 14.4 V \/ 1.5 Ah \/ Li-ION A\u00e7\u0131klama S\u00fcrg\u00fcl\u00fc<\/p>\n","protected":false},"featured_media":12200,"comment_status":"open","ping_status":"closed","template":"","meta":{"_acf_changed":false},"product_brand":[1485],"product_cat":[989],"product_tag":[],"class_list":{"0":"post-12201","1":"product","2":"type-product","3":"status-publish","4":"has-post-thumbnail","6":"product_brand-makita","7":"product_cat-lityum-iyon-akuler","9":"first","10":"outofstock","11":"taxable","12":"shipping-taxable","13":"purchasable","14":"product-type-simple","15":"add-to-wishlist-after_add_to_cart"},"acf":[],"_links":{"self":[{"href":"https:\/\/www.makitamarket.com.tr\/site\/wp-json\/wp\/v2\/product\/12201","targetHints":{"allow":["GET"]}}],"collection":[{"href":"https:\/\/www.makitamarket.com.tr\/site\/wp-json\/wp\/v2\/product"}],"about":[{"href":"https:\/\/www.makitamarket.com.tr\/site\/wp-json\/wp\/v2\/types\/product"}],"replies":[{"embeddable":true,"href":"https:\/\/www.makitamarket.com.tr\/site\/wp-json\/wp\/v2\/comments?post=12201"}],"wp:featuredmedia":[{"embeddable":true,"href":"https:\/\/www.makitamarket.com.tr\/site\/wp-json\/wp\/v2\/media\/12200"}],"wp:attachment":[{"href":"https:\/\/www.makitamarket.com.tr\/site\/wp-json\/wp\/v2\/media?parent=12201"}],"wp:term":[{"taxonomy":"product_brand","embeddable":true,"href":"https:\/\/www.makitamarket.com.tr\/site\/wp-json\/wp\/v2\/product_brand?post=12201"},{"taxonomy":"product_cat","embeddable":true,"href":"https:\/\/www.makitamarket.com.tr\/site\/wp-json\/wp\/v2\/product_cat?post=12201"},{"taxonomy":"product_tag","embeddable":true,"href":"https:\/\/www.makitamarket.com.tr\/site\/wp-json\/wp\/v2\/product_tag?post=12201"}],"curies":[{"name":"wp","href":"https:\/\/api.w.org\/{rel}","templated":true}]}}