{"id":12207,"date":"2024-11-27T20:13:48","date_gmt":"2024-11-27T17:13:48","guid":{"rendered":"https:\/\/www.makitamarket.com.tr\/site\/urun\/stark-stark-300b1180-hss-dmo5-daire-testere\/"},"modified":"2026-03-30T08:16:27","modified_gmt":"2026-03-30T05:16:27","slug":"stark-stark-300b1180-hss-dmo5-daire-testere","status":"publish","type":"product","link":"https:\/\/www.makitamarket.com.tr\/site\/urun\/stark-stark-300b1180-hss-dmo5-daire-testere\/","title":{"rendered":"Stark 300B1180 STARK 300B1180 HSS\u00a0(DMo5) DA\u0130RE TESTERE"},"content":{"rendered":"<table>\n<tr>\n<td>Di\u015f \u00d6l\u00e7\u00fcs\u00fc<\/td>\n<td>180<\/td>\n<\/tr>\n<tr>\n<td>Testere \u00e7ap\u0131<\/td>\n<td>300<\/td>\n<\/tr>\n<tr>\n<td>Et Kal\u0131nl\u0131\u011f\u0131<\/td>\n<td>2,5<\/td>\n<\/tr>\n<tr>\n<td>Delik \u00c7ap\u0131<\/td>\n<td>40<\/td>\n<\/tr>\n<\/table>\n","protected":false},"excerpt":{"rendered":"<p>Di\u015f \u00d6l\u00e7\u00fcs\u00fc 180 Testere \u00e7ap\u0131 300 Et Kal\u0131nl\u0131\u011f\u0131 2,5 Delik \u00c7ap\u0131 40<\/p>\n","protected":false},"featured_media":12206,"comment_status":"open","ping_status":"closed","template":"","meta":{"_acf_changed":false},"product_brand":[1545],"product_cat":[1103],"product_tag":[],"class_list":{"0":"post-12207","1":"product","2":"type-product","3":"status-publish","4":"has-post-thumbnail","6":"product_brand-stark","7":"product_cat-profil-ve-dolu-malzeme-kesim-testereleri","9":"first","10":"instock","11":"taxable","12":"shipping-taxable","13":"purchasable","14":"product-type-simple","15":"add-to-wishlist-after_add_to_cart"},"acf":[],"_links":{"self":[{"href":"https:\/\/www.makitamarket.com.tr\/site\/wp-json\/wp\/v2\/product\/12207","targetHints":{"allow":["GET"]}}],"collection":[{"href":"https:\/\/www.makitamarket.com.tr\/site\/wp-json\/wp\/v2\/product"}],"about":[{"href":"https:\/\/www.makitamarket.com.tr\/site\/wp-json\/wp\/v2\/types\/product"}],"replies":[{"embeddable":true,"href":"https:\/\/www.makitamarket.com.tr\/site\/wp-json\/wp\/v2\/comments?post=12207"}],"wp:featuredmedia":[{"embeddable":true,"href":"https:\/\/www.makitamarket.com.tr\/site\/wp-json\/wp\/v2\/media\/12206"}],"wp:attachment":[{"href":"https:\/\/www.makitamarket.com.tr\/site\/wp-json\/wp\/v2\/media?parent=12207"}],"wp:term":[{"taxonomy":"product_brand","embeddable":true,"href":"https:\/\/www.makitamarket.com.tr\/site\/wp-json\/wp\/v2\/product_brand?post=12207"},{"taxonomy":"product_cat","embeddable":true,"href":"https:\/\/www.makitamarket.com.tr\/site\/wp-json\/wp\/v2\/product_cat?post=12207"},{"taxonomy":"product_tag","embeddable":true,"href":"https:\/\/www.makitamarket.com.tr\/site\/wp-json\/wp\/v2\/product_tag?post=12207"}],"curies":[{"name":"wp","href":"https:\/\/api.w.org\/{rel}","templated":true}]}}