{"id":12232,"date":"2024-11-27T20:13:56","date_gmt":"2024-11-27T17:13:56","guid":{"rendered":"https:\/\/www.makitamarket.com.tr\/site\/urun\/probor-probor-karot-ucu-56x400-mm\/"},"modified":"2025-11-16T06:39:49","modified_gmt":"2025-11-16T03:39:49","slug":"probor-probor-karot-ucu-56x400-mm","status":"publish","type":"product","link":"https:\/\/www.makitamarket.com.tr\/site\/urun\/probor-probor-karot-ucu-56x400-mm\/","title":{"rendered":"Probor PROBOR51002 PROBOR KAROT UCU 56&#215;400 mm"},"content":{"rendered":"<div style=\"font-family: Arial, Verdana, sans-serif; font-size: 12px; color: rgb(34, 34, 34); background-color: rgb(255, 255, 255); \">\n\tYumu\u015fak Beton \u0130\u00e7in Uygundur. Kullan\u0131\u015fl\u0131 boy:400mm Ba\u011flant\u0131 Tipi 1-1\/4&#8243;<\/div>\n<table>\n<tr>\n<td>\u00c7ap x Uzunluk (mm)<\/td>\n<td>56 x 400<\/td>\n<\/tr>\n<tr>\n<td>Ba\u011flant\u0131 Tipi<\/td>\n<td>1-1\/4\u201d<\/td>\n<\/tr>\n<\/table>\n","protected":false},"excerpt":{"rendered":"<div style=\"font-family: Arial, Verdana, sans-serif; font-size: 12px; color: rgb(34, 34, 34); background-color: rgb(255, 255, 255); \">\n\tYumu\u015fak Beton \u0130\u00e7in Uygundur. Kullan\u0131\u015fl\u0131 boy:400mm Ba\u011flant\u0131 Tipi 1-1\/4&#8243;<\/div>\n","protected":false},"featured_media":12231,"comment_status":"open","ping_status":"closed","template":"","meta":{"_acf_changed":false},"product_brand":[1543],"product_cat":[1565],"product_tag":[],"class_list":{"0":"post-12232","1":"product","2":"type-product","3":"status-publish","4":"has-post-thumbnail","6":"product_brand-probor","7":"product_cat-yok-yok","9":"first","10":"outofstock","11":"taxable","12":"shipping-taxable","13":"purchasable","14":"product-type-simple","15":"add-to-wishlist-after_add_to_cart"},"acf":[],"_links":{"self":[{"href":"https:\/\/www.makitamarket.com.tr\/site\/wp-json\/wp\/v2\/product\/12232","targetHints":{"allow":["GET"]}}],"collection":[{"href":"https:\/\/www.makitamarket.com.tr\/site\/wp-json\/wp\/v2\/product"}],"about":[{"href":"https:\/\/www.makitamarket.com.tr\/site\/wp-json\/wp\/v2\/types\/product"}],"replies":[{"embeddable":true,"href":"https:\/\/www.makitamarket.com.tr\/site\/wp-json\/wp\/v2\/comments?post=12232"}],"wp:featuredmedia":[{"embeddable":true,"href":"https:\/\/www.makitamarket.com.tr\/site\/wp-json\/wp\/v2\/media\/12231"}],"wp:attachment":[{"href":"https:\/\/www.makitamarket.com.tr\/site\/wp-json\/wp\/v2\/media?parent=12232"}],"wp:term":[{"taxonomy":"product_brand","embeddable":true,"href":"https:\/\/www.makitamarket.com.tr\/site\/wp-json\/wp\/v2\/product_brand?post=12232"},{"taxonomy":"product_cat","embeddable":true,"href":"https:\/\/www.makitamarket.com.tr\/site\/wp-json\/wp\/v2\/product_cat?post=12232"},{"taxonomy":"product_tag","embeddable":true,"href":"https:\/\/www.makitamarket.com.tr\/site\/wp-json\/wp\/v2\/product_tag?post=12232"}],"curies":[{"name":"wp","href":"https:\/\/api.w.org\/{rel}","templated":true}]}}