{"id":12234,"date":"2024-11-27T20:13:57","date_gmt":"2024-11-27T17:13:57","guid":{"rendered":"https:\/\/www.makitamarket.com.tr\/site\/urun\/proxxon-endustriyel-circirli-kollu-24-parcali-lokma-ve-bits-takimi\/"},"modified":"2026-04-06T14:01:25","modified_gmt":"2026-04-06T11:01:25","slug":"proxxon-endustriyel-circirli-kollu-24-parcali-lokma-ve-bits-takimi","status":"publish","type":"product","link":"https:\/\/www.makitamarket.com.tr\/site\/urun\/proxxon-endustriyel-circirli-kollu-24-parcali-lokma-ve-bits-takimi\/","title":{"rendered":"Proxxon End\u00fcstriyel 23110 CIRCIRLI KOLLU 24 PAR\u00c7ALI LOKMA VE B\u0130TS TAKIMI"},"content":{"rendered":"<div>\n\t<strong>16 par\u00e7a lokma : <\/strong>6-24 mm aras\u0131<\/div>\n<div>\n\t<strong>3 par\u00e7a buji lokma :<\/strong>16, 18, 21 mm<\/div>\n<div>\n\t<strong>4 par\u00e7a aksesuar :<\/strong> 3\/8\u201d c\u0131rc\u0131r kolu Uzatma kolu Kardan mafsal Kayar T kol<\/div>\n<table><\/table>\n","protected":false},"excerpt":{"rendered":"<div>\n\t<strong>16 par\u00e7a lokma : <\/strong>6-24 mm aras\u0131<\/div>\n<div>\n\t<strong>3 par\u00e7a buji lokma :<\/strong>16, 18, 21 mm<\/div>\n<div>\n\t<strong>4 par\u00e7a aksesuar :<\/strong> 3\/8\u201d c\u0131rc\u0131r kolu Uzatma kolu Kardan mafsal Kayar T kol<\/div>\n","protected":false},"featured_media":12233,"comment_status":"open","ping_status":"closed","template":"","meta":{"_acf_changed":false},"product_brand":[1529],"product_cat":[938],"product_tag":[],"class_list":{"0":"post-12234","1":"product","2":"type-product","3":"status-publish","4":"has-post-thumbnail","6":"product_brand-proxxon-endustriyel","7":"product_cat-circirli-lokma-takimlari","9":"first","10":"outofstock","11":"taxable","12":"shipping-taxable","13":"purchasable","14":"product-type-simple","15":"add-to-wishlist-after_add_to_cart"},"acf":[],"_links":{"self":[{"href":"https:\/\/www.makitamarket.com.tr\/site\/wp-json\/wp\/v2\/product\/12234","targetHints":{"allow":["GET"]}}],"collection":[{"href":"https:\/\/www.makitamarket.com.tr\/site\/wp-json\/wp\/v2\/product"}],"about":[{"href":"https:\/\/www.makitamarket.com.tr\/site\/wp-json\/wp\/v2\/types\/product"}],"replies":[{"embeddable":true,"href":"https:\/\/www.makitamarket.com.tr\/site\/wp-json\/wp\/v2\/comments?post=12234"}],"wp:featuredmedia":[{"embeddable":true,"href":"https:\/\/www.makitamarket.com.tr\/site\/wp-json\/wp\/v2\/media\/12233"}],"wp:attachment":[{"href":"https:\/\/www.makitamarket.com.tr\/site\/wp-json\/wp\/v2\/media?parent=12234"}],"wp:term":[{"taxonomy":"product_brand","embeddable":true,"href":"https:\/\/www.makitamarket.com.tr\/site\/wp-json\/wp\/v2\/product_brand?post=12234"},{"taxonomy":"product_cat","embeddable":true,"href":"https:\/\/www.makitamarket.com.tr\/site\/wp-json\/wp\/v2\/product_cat?post=12234"},{"taxonomy":"product_tag","embeddable":true,"href":"https:\/\/www.makitamarket.com.tr\/site\/wp-json\/wp\/v2\/product_tag?post=12234"}],"curies":[{"name":"wp","href":"https:\/\/api.w.org\/{rel}","templated":true}]}}