{"id":12236,"date":"2024-11-27T20:13:57","date_gmt":"2024-11-27T17:13:57","guid":{"rendered":"https:\/\/www.makitamarket.com.tr\/site\/urun\/knipex-kablo-siyirma-aleti-145-mm\/"},"modified":"2026-04-06T14:01:53","modified_gmt":"2026-04-06T11:01:53","slug":"knipex-kablo-siyirma-aleti-145-mm","status":"publish","type":"product","link":"https:\/\/www.makitamarket.com.tr\/site\/urun\/knipex-kablo-siyirma-aleti-145-mm\/","title":{"rendered":"Knipex 1630145SB KABLO SIYIRMA ALET\u0130 145 mm"},"content":{"rendered":"<p><b>16 30 145 SB Kablo D\u0131\u015f K\u0131l\u0131f\u0131 Soyma Aletleri<\/b><br \/>\u00c7aplar\u0131 6,0 &#8211; 29,0 mm aras\u0131nda olan PVC, lastik, silikon, PTFE malzemeden \u00fcretilmi\u015f yuvarlak kablolar\u0131n d\u0131\u015f k\u0131f\u0131n\u0131 soymak i\u00e7in. Kendinden germeli tutma mandal\u0131. T\u0131rt\u0131kl\u0131 somun ile kesim derinli\u011fi ayarlamal\u0131. \u00c7evre ve uzunlamas\u0131na kesim i\u00e7in d\u00f6nd\u00fcr\u00fclebilir sap g\u00f6vdesi. Ara kablolar\u0131n \u00e7\u0131kar\u0131lmas\u0131n\u0131 sa\u011flayan spiral kesim. De\u011fi\u015ftirilebilir b\u0131\u00e7ak. <\/p>\n<li><b>Kablo s\u0131y\u0131rma de\u011ferleri (\u00e7ap): <\/b>\u00d8 19,0 \u2014 40,0 mm<\/li>\n<table>\n<tr>\n<td>Uzunluk<\/td>\n<td>145<\/td>\n<\/tr>\n<tr>\n<td>Sap<\/td>\n<td>Plastik<\/td>\n<\/tr>\n<tr>\n<td>S\u0131y\u0131rma Kapasitesi<\/td>\n<td>19.0-40.0 \u00f8mm<\/td>\n<\/tr>\n<tr>\n<td>A\u011f\u0131rl\u0131k<\/td>\n<td>140 gr<\/td>\n<\/tr>\n<\/table>\n","protected":false},"excerpt":{"rendered":"<p><b>16 30 145 SB Kablo D\u0131\u015f K\u0131l\u0131f\u0131 Soyma Aletleri<\/b><br \/>\u00c7aplar\u0131 6,0 &#8211; 29,0 mm aras\u0131nda olan PVC, lastik, silikon, PTFE malzemeden \u00fcretilmi\u015f yuvarlak kablolar\u0131n d\u0131\u015f k\u0131f\u0131n\u0131 soymak i\u00e7in. Kendinden germeli tutma mandal\u0131. T\u0131rt\u0131kl\u0131 somun ile kesim derinli\u011fi ayarlamal\u0131. \u00c7evre ve uzunlamas\u0131na kesim i\u00e7in d\u00f6nd\u00fcr\u00fclebilir sap g\u00f6vdesi. Ara kablolar\u0131n \u00e7\u0131kar\u0131lmas\u0131n\u0131 sa\u011flayan spiral kesim. De\u011fi\u015ftirilebilir b\u0131\u00e7ak. <\/p>\n<li><b>Kablo s\u0131y\u0131rma de\u011ferleri (\u00e7ap): <\/b>\u00d8 19,0 \u2014 40,0 mm<\/li>\n","protected":false},"featured_media":12235,"comment_status":"open","ping_status":"closed","template":"","meta":{"_acf_changed":false},"product_brand":[1486],"product_cat":[991],"product_tag":[],"class_list":{"0":"post-12236","1":"product","2":"type-product","3":"status-publish","4":"has-post-thumbnail","6":"product_brand-knipex","7":"product_cat-kablo-siyirmalar","9":"first","10":"instock","11":"taxable","12":"shipping-taxable","13":"purchasable","14":"product-type-simple","15":"add-to-wishlist-after_add_to_cart"},"acf":[],"_links":{"self":[{"href":"https:\/\/www.makitamarket.com.tr\/site\/wp-json\/wp\/v2\/product\/12236","targetHints":{"allow":["GET"]}}],"collection":[{"href":"https:\/\/www.makitamarket.com.tr\/site\/wp-json\/wp\/v2\/product"}],"about":[{"href":"https:\/\/www.makitamarket.com.tr\/site\/wp-json\/wp\/v2\/types\/product"}],"replies":[{"embeddable":true,"href":"https:\/\/www.makitamarket.com.tr\/site\/wp-json\/wp\/v2\/comments?post=12236"}],"wp:featuredmedia":[{"embeddable":true,"href":"https:\/\/www.makitamarket.com.tr\/site\/wp-json\/wp\/v2\/media\/12235"}],"wp:attachment":[{"href":"https:\/\/www.makitamarket.com.tr\/site\/wp-json\/wp\/v2\/media?parent=12236"}],"wp:term":[{"taxonomy":"product_brand","embeddable":true,"href":"https:\/\/www.makitamarket.com.tr\/site\/wp-json\/wp\/v2\/product_brand?post=12236"},{"taxonomy":"product_cat","embeddable":true,"href":"https:\/\/www.makitamarket.com.tr\/site\/wp-json\/wp\/v2\/product_cat?post=12236"},{"taxonomy":"product_tag","embeddable":true,"href":"https:\/\/www.makitamarket.com.tr\/site\/wp-json\/wp\/v2\/product_tag?post=12236"}],"curies":[{"name":"wp","href":"https:\/\/api.w.org\/{rel}","templated":true}]}}