{"id":12261,"date":"2024-11-27T20:14:10","date_gmt":"2024-11-27T17:14:10","guid":{"rendered":"https:\/\/www.makitamarket.com.tr\/site\/urun\/gison-sartlandirici\/"},"modified":"2026-03-30T08:18:32","modified_gmt":"2026-03-30T05:18:32","slug":"gison-sartlandirici","status":"publish","type":"product","link":"https:\/\/www.makitamarket.com.tr\/site\/urun\/gison-sartlandirici\/","title":{"rendered":"Gison GP817H \u015eARTLANDIRICI"},"content":{"rendered":"<table>\n<tr>\n<td>Tipi<\/td>\n<td>\u015eartland\u0131r\u0131c\u0131.<\/td>\n<\/tr>\n<tr>\n<td>Ba\u011flant\u0131 \u00f6l\u00e7\u00fcs\u00fc<\/td>\n<td>1\/2&#8243; pt\/npt<\/td>\n<\/tr>\n<tr>\n<td>Ayarlanabilir Bas\u0131n\u00e7<\/td>\n<td><\/td>\n<\/tr>\n<tr>\n<td>En Y\u00fcksek<br \/>Sevis Bas\u0131nc\u0131<\/td>\n<td>9.9 kgf\/cm\u00b2.<\/td>\n<\/tr>\n<tr>\n<td>En Y\u00fcksek Debi<\/td>\n<td>3.00 m3\/dak.<\/td>\n<\/tr>\n<tr>\n<td>\u00c7al\u0131\u015fma S\u0131cakl\u0131\u011f\u0131<\/td>\n<td><\/td>\n<\/tr>\n<tr>\n<td>Kurutma Kapasitesi<\/td>\n<td>80 ml.<\/td>\n<\/tr>\n<tr>\n<td>Ya\u011f Kapasitesi<\/td>\n<td>125 ml.<\/td>\n<\/tr>\n<tr>\n<td>Filtre Eleman\u0131<\/td>\n<td>20<\/td>\n<\/tr>\n<tr>\n<td>K\u0131s\u0131mlar\u0131<\/td>\n<td>GP817 (HA,HB,HC)<\/td>\n<\/tr>\n<tr>\n<td>Koli Adedi<\/td>\n<td>10 adet<\/td>\n<\/tr>\n<\/table>\n","protected":false},"excerpt":{"rendered":"<p>Tipi \u015eartland\u0131r\u0131c\u0131. Ba\u011flant\u0131 \u00f6l\u00e7\u00fcs\u00fc 1\/2&#8243; pt\/npt Ayarlanabilir Bas\u0131n\u00e7 En Y\u00fcksekSevis Bas\u0131nc\u0131 9.9 kgf\/cm\u00b2. En Y\u00fcksek Debi 3.00 m3\/dak. \u00c7al\u0131\u015fma S\u0131cakl\u0131\u011f\u0131 Kurutma Kapasitesi 80 ml. Ya\u011f Kapasitesi 125 ml. Filtre Eleman\u0131<\/p>\n","protected":false},"featured_media":12347,"comment_status":"open","ping_status":"closed","template":"","meta":{"_acf_changed":false},"product_brand":[1512],"product_cat":[1565],"product_tag":[],"class_list":{"0":"post-12261","1":"product","2":"type-product","3":"status-publish","4":"has-post-thumbnail","6":"product_brand-gison","7":"product_cat-yok-yok","9":"first","10":"outofstock","11":"taxable","12":"shipping-taxable","13":"purchasable","14":"product-type-simple","15":"add-to-wishlist-after_add_to_cart"},"acf":[],"_links":{"self":[{"href":"https:\/\/www.makitamarket.com.tr\/site\/wp-json\/wp\/v2\/product\/12261","targetHints":{"allow":["GET"]}}],"collection":[{"href":"https:\/\/www.makitamarket.com.tr\/site\/wp-json\/wp\/v2\/product"}],"about":[{"href":"https:\/\/www.makitamarket.com.tr\/site\/wp-json\/wp\/v2\/types\/product"}],"replies":[{"embeddable":true,"href":"https:\/\/www.makitamarket.com.tr\/site\/wp-json\/wp\/v2\/comments?post=12261"}],"wp:featuredmedia":[{"embeddable":true,"href":"https:\/\/www.makitamarket.com.tr\/site\/wp-json\/wp\/v2\/media\/12347"}],"wp:attachment":[{"href":"https:\/\/www.makitamarket.com.tr\/site\/wp-json\/wp\/v2\/media?parent=12261"}],"wp:term":[{"taxonomy":"product_brand","embeddable":true,"href":"https:\/\/www.makitamarket.com.tr\/site\/wp-json\/wp\/v2\/product_brand?post=12261"},{"taxonomy":"product_cat","embeddable":true,"href":"https:\/\/www.makitamarket.com.tr\/site\/wp-json\/wp\/v2\/product_cat?post=12261"},{"taxonomy":"product_tag","embeddable":true,"href":"https:\/\/www.makitamarket.com.tr\/site\/wp-json\/wp\/v2\/product_tag?post=12261"}],"curies":[{"name":"wp","href":"https:\/\/api.w.org\/{rel}","templated":true}]}}