{"id":12271,"date":"2024-11-27T20:14:15","date_gmt":"2024-11-27T17:14:15","guid":{"rendered":"https:\/\/www.makitamarket.com.tr\/site\/urun\/proxxon-proxxon-28472-fbs240-e-matkap-taslama\/"},"modified":"2026-04-06T14:02:46","modified_gmt":"2026-04-06T11:02:46","slug":"proxxon-proxxon-28472-fbs240-e-matkap-taslama","status":"publish","type":"product","link":"https:\/\/www.makitamarket.com.tr\/site\/urun\/proxxon-proxxon-28472-fbs240-e-matkap-taslama\/","title":{"rendered":"Proxxon 28472 FBS240\/E PROXXON 28472 FBS240\/E MATKAP TA\u015eLAMA"},"content":{"rendered":"<div>\n\t<span style=\"font-size:12px;\"><span style=\"font-family:tahoma,geneva,sans-serif;\"><strong>Kullan\u0131m Alanlar\u0131 : <\/strong>Delme, frezeleme, ta\u015flama, z\u0131mparalama, polisaj, temizleme, oyuk a\u00e7ma ve grav\u00fcr i\u015flerinde kullan\u0131l\u0131r.<br \/>\n\t<\/span><\/span><\/div>\n<div>\n\t<strong>Sevkiyat Kapsam\u0131 <\/strong>: 43 par\u00e7a u\u00e7 ve kesici ile birlikte.<\/div>\n<div>\n\t<strong>Uyumlu Aksesuarlar :<\/strong> Aksesuarlar b\u00f6l\u00fcm\u00fcndeki delme, frezeleme, z\u0131mparalama, polisaj ve ta\u015flama u\u00e7lar\u0131 ile birlikte kullan\u0131labilir.<\/div>\n<div>\n\t<span style=\"font-family:tahoma,geneva,sans-serif;\"><br \/>\n\t<\/span><\/div>\n<table>\n<tr>\n<td>Devir<\/td>\n<td>5,000-20,000 d\/dak<\/td>\n<\/tr>\n<tr>\n<td>A\u011f\u0131rl\u0131k<\/td>\n<td>450g<\/td>\n<\/tr>\n<tr>\n<td>Mandren T\u00fcr\u00fc<\/td>\n<td>0,3mm-3,2mm anahtars\u0131z<\/td>\n<\/tr>\n<tr>\n<td>Uzunluk<\/td>\n<td>20 cm<\/td>\n<\/tr>\n<tr>\n<td>Muhafaza<\/td>\n<td>Dayan\u0131kl\u0131 Plastik Kutu<\/td>\n<\/tr>\n<tr>\n<td>Voltaj<\/td>\n<td>220-240V<\/td>\n<\/tr>\n<tr>\n<td>G\u00fc\u00e7<\/td>\n<td>100 W<\/td>\n<\/tr>\n<\/table>\n","protected":false},"excerpt":{"rendered":"<div>\n\t<span style=\"font-size:12px;\"><span style=\"font-family:tahoma,geneva,sans-serif;\"><strong>Kullan\u0131m Alanlar\u0131 : <\/strong>Delme, frezeleme, ta\u015flama, z\u0131mparalama, polisaj, temizleme, oyuk a\u00e7ma ve grav\u00fcr i\u015flerinde kullan\u0131l\u0131r.<br \/>\n\t<\/span><\/span><\/div>\n<div>\n\t<strong>Sevkiyat Kapsam\u0131 <\/strong>: 43 par\u00e7a u\u00e7 ve kesici ile birlikte.<\/div>\n<div>\n\t<strong>Uyumlu Aksesuarlar :<\/strong> Aksesuarlar b\u00f6l\u00fcm\u00fcndeki delme, frezeleme, z\u0131mparalama, polisaj ve ta\u015flama u\u00e7lar\u0131 ile birlikte kullan\u0131labilir.<\/div>\n<div>\n\t<span style=\"font-family:tahoma,geneva,sans-serif;\"><br \/>\n\t<\/span><\/div>\n","protected":false},"featured_media":12270,"comment_status":"open","ping_status":"closed","template":"","meta":{"_acf_changed":false},"product_brand":[1501],"product_cat":[1123],"product_tag":[],"class_list":{"0":"post-12271","1":"product","2":"type-product","3":"status-publish","4":"has-post-thumbnail","6":"product_brand-proxxon","7":"product_cat-matkap-taslama-makinalari","9":"first","10":"instock","11":"taxable","12":"shipping-taxable","13":"purchasable","14":"product-type-simple","15":"add-to-wishlist-after_add_to_cart"},"acf":[],"_links":{"self":[{"href":"https:\/\/www.makitamarket.com.tr\/site\/wp-json\/wp\/v2\/product\/12271","targetHints":{"allow":["GET"]}}],"collection":[{"href":"https:\/\/www.makitamarket.com.tr\/site\/wp-json\/wp\/v2\/product"}],"about":[{"href":"https:\/\/www.makitamarket.com.tr\/site\/wp-json\/wp\/v2\/types\/product"}],"replies":[{"embeddable":true,"href":"https:\/\/www.makitamarket.com.tr\/site\/wp-json\/wp\/v2\/comments?post=12271"}],"wp:featuredmedia":[{"embeddable":true,"href":"https:\/\/www.makitamarket.com.tr\/site\/wp-json\/wp\/v2\/media\/12270"}],"wp:attachment":[{"href":"https:\/\/www.makitamarket.com.tr\/site\/wp-json\/wp\/v2\/media?parent=12271"}],"wp:term":[{"taxonomy":"product_brand","embeddable":true,"href":"https:\/\/www.makitamarket.com.tr\/site\/wp-json\/wp\/v2\/product_brand?post=12271"},{"taxonomy":"product_cat","embeddable":true,"href":"https:\/\/www.makitamarket.com.tr\/site\/wp-json\/wp\/v2\/product_cat?post=12271"},{"taxonomy":"product_tag","embeddable":true,"href":"https:\/\/www.makitamarket.com.tr\/site\/wp-json\/wp\/v2\/product_tag?post=12271"}],"curies":[{"name":"wp","href":"https:\/\/api.w.org\/{rel}","templated":true}]}}