{"id":12277,"date":"2024-11-27T20:14:17","date_gmt":"2024-11-27T17:14:17","guid":{"rendered":"https:\/\/www.makitamarket.com.tr\/site\/urun\/probor-probor-karot-ucu-51x400-mm\/"},"modified":"2025-11-16T06:42:00","modified_gmt":"2025-11-16T03:42:00","slug":"probor-probor-karot-ucu-51x400-mm","status":"publish","type":"product","link":"https:\/\/www.makitamarket.com.tr\/site\/urun\/probor-probor-karot-ucu-51x400-mm\/","title":{"rendered":"Probor PROBOR51001 PROBOR KAROT UCU 51&#215;400 mm"},"content":{"rendered":"<p>Yumu\u015fak Beton \u0130\u00e7in Uygundur. Kullan\u0131\u015fl\u0131 boy:400mm Ba\u011flant\u0131 Tipi 1-1\/4&#8243;<\/p>\n<table>\n<tr>\n<td>\u00c7ap x Uzunluk (mm)<\/td>\n<td>51 x 400<\/td>\n<\/tr>\n<tr>\n<td>Ba\u011flant\u0131 Tipi<\/td>\n<td>1-1\/4\u201d<\/td>\n<\/tr>\n<\/table>\n","protected":false},"excerpt":{"rendered":"<p>Yumu\u015fak Beton \u0130\u00e7in Uygundur. Kullan\u0131\u015fl\u0131 boy:400mm Ba\u011flant\u0131 Tipi 1-1\/4&#8243;<\/p>\n","protected":false},"featured_media":12276,"comment_status":"open","ping_status":"closed","template":"","meta":{"_acf_changed":false},"product_brand":[1543],"product_cat":[1565],"product_tag":[],"class_list":{"0":"post-12277","1":"product","2":"type-product","3":"status-publish","4":"has-post-thumbnail","6":"product_brand-probor","7":"product_cat-yok-yok","9":"first","10":"outofstock","11":"taxable","12":"shipping-taxable","13":"purchasable","14":"product-type-simple","15":"add-to-wishlist-after_add_to_cart"},"acf":[],"_links":{"self":[{"href":"https:\/\/www.makitamarket.com.tr\/site\/wp-json\/wp\/v2\/product\/12277","targetHints":{"allow":["GET"]}}],"collection":[{"href":"https:\/\/www.makitamarket.com.tr\/site\/wp-json\/wp\/v2\/product"}],"about":[{"href":"https:\/\/www.makitamarket.com.tr\/site\/wp-json\/wp\/v2\/types\/product"}],"replies":[{"embeddable":true,"href":"https:\/\/www.makitamarket.com.tr\/site\/wp-json\/wp\/v2\/comments?post=12277"}],"wp:featuredmedia":[{"embeddable":true,"href":"https:\/\/www.makitamarket.com.tr\/site\/wp-json\/wp\/v2\/media\/12276"}],"wp:attachment":[{"href":"https:\/\/www.makitamarket.com.tr\/site\/wp-json\/wp\/v2\/media?parent=12277"}],"wp:term":[{"taxonomy":"product_brand","embeddable":true,"href":"https:\/\/www.makitamarket.com.tr\/site\/wp-json\/wp\/v2\/product_brand?post=12277"},{"taxonomy":"product_cat","embeddable":true,"href":"https:\/\/www.makitamarket.com.tr\/site\/wp-json\/wp\/v2\/product_cat?post=12277"},{"taxonomy":"product_tag","embeddable":true,"href":"https:\/\/www.makitamarket.com.tr\/site\/wp-json\/wp\/v2\/product_tag?post=12277"}],"curies":[{"name":"wp","href":"https:\/\/api.w.org\/{rel}","templated":true}]}}