{"id":12292,"date":"2024-11-27T20:14:20","date_gmt":"2024-11-27T17:14:20","guid":{"rendered":"https:\/\/www.makitamarket.com.tr\/site\/urun\/knisaw-vakumlu-sds-plus-panc-seti\/"},"modified":"2026-03-15T09:24:21","modified_gmt":"2026-03-15T06:24:21","slug":"knisaw-vakumlu-sds-plus-panc-seti","status":"publish","type":"product","link":"https:\/\/www.makitamarket.com.tr\/site\/urun\/knisaw-vakumlu-sds-plus-panc-seti\/","title":{"rendered":"Knisaw KS51905 VAKUMLU SDS &#8211; PLUS PAN\u00c7 SET\u0130"},"content":{"rendered":"<p>\n\tSET \u0130\u00c7ER\u0130\u011e\u0130<\/p>\n<p>\n\t\u2022 1 x Vakum Tablas\u0131<\/p>\n<p>\n\t\u2022 1 x Ayarl\u0131 Pan\u00e7 Seti (40-200mm)<\/p>\n<p>\n\t\u2022 5 x A\u011fa\u00e7 Matkap Ucu (4,5,6,8,10mm)<\/p>\n<p>\n\t\u2022 5 x Beton Matkap Ucu (4,5,6,8,10mm)<\/p>\n<p>\n\t\u2022 2 x HSS B\u0131\u00e7ak<\/p>\n<p>\n\t\u2022 Plastik \u00c7anta<\/p>\n<p>\n\t\u00a0<\/p>\n<p>\n\t* G\u00f6rseldeki matkap sete dahil de\u011fildir.<\/p>\n<table>\n<tr>\n<td>\u00c7ap<\/td>\n<td>40-200 mm.<\/td>\n<\/tr>\n<\/table>\n","protected":false},"excerpt":{"rendered":"<p>\n\tSET \u0130\u00c7ER\u0130\u011e\u0130<\/p>\n<p>\n\t\u2022 1 x Vakum Tablas\u0131<\/p>\n<p>\n\t\u2022 1 x Ayarl\u0131 Pan\u00e7 Seti (40-200mm)<\/p>\n<p>\n\t\u2022 5 x A\u011fa\u00e7 Matkap Ucu (4,5,6,8,10mm)<\/p>\n<p>\n\t\u2022 5 x Beton Matkap Ucu (4,5,6,8,10mm)<\/p>\n<p>\n\t\u2022 2 x HSS B\u0131\u00e7ak<\/p>\n<p>\n\t\u2022 Plastik \u00c7anta<\/p>\n<p>\n\t\u00a0<\/p>\n<p>\n\t* G\u00f6rseldeki matkap sete dahil de\u011fildir.<\/p>\n","protected":false},"featured_media":12585,"comment_status":"open","ping_status":"closed","template":"","meta":{"_acf_changed":false},"product_brand":[1550],"product_cat":[1124],"product_tag":[],"class_list":{"0":"post-12292","1":"product","2":"type-product","3":"status-publish","4":"has-post-thumbnail","6":"product_brand-knisaw","7":"product_cat-bi-metal-delik-testere-setleri","9":"first","10":"outofstock","11":"taxable","12":"shipping-taxable","13":"purchasable","14":"product-type-simple","15":"add-to-wishlist-after_add_to_cart"},"acf":[],"_links":{"self":[{"href":"https:\/\/www.makitamarket.com.tr\/site\/wp-json\/wp\/v2\/product\/12292","targetHints":{"allow":["GET"]}}],"collection":[{"href":"https:\/\/www.makitamarket.com.tr\/site\/wp-json\/wp\/v2\/product"}],"about":[{"href":"https:\/\/www.makitamarket.com.tr\/site\/wp-json\/wp\/v2\/types\/product"}],"replies":[{"embeddable":true,"href":"https:\/\/www.makitamarket.com.tr\/site\/wp-json\/wp\/v2\/comments?post=12292"}],"wp:featuredmedia":[{"embeddable":true,"href":"https:\/\/www.makitamarket.com.tr\/site\/wp-json\/wp\/v2\/media\/12585"}],"wp:attachment":[{"href":"https:\/\/www.makitamarket.com.tr\/site\/wp-json\/wp\/v2\/media?parent=12292"}],"wp:term":[{"taxonomy":"product_brand","embeddable":true,"href":"https:\/\/www.makitamarket.com.tr\/site\/wp-json\/wp\/v2\/product_brand?post=12292"},{"taxonomy":"product_cat","embeddable":true,"href":"https:\/\/www.makitamarket.com.tr\/site\/wp-json\/wp\/v2\/product_cat?post=12292"},{"taxonomy":"product_tag","embeddable":true,"href":"https:\/\/www.makitamarket.com.tr\/site\/wp-json\/wp\/v2\/product_tag?post=12292"}],"curies":[{"name":"wp","href":"https:\/\/api.w.org\/{rel}","templated":true}]}}