{"id":12322,"date":"2024-11-27T20:14:35","date_gmt":"2024-11-27T17:14:35","guid":{"rendered":"https:\/\/www.makitamarket.com.tr\/site\/urun\/prosaw-asfalt-testere-300-a\/"},"modified":"2026-03-30T08:18:26","modified_gmt":"2026-03-30T05:18:26","slug":"prosaw-asfalt-testere-300-a","status":"publish","type":"product","link":"https:\/\/www.makitamarket.com.tr\/site\/urun\/prosaw-asfalt-testere-300-a\/","title":{"rendered":"Prosaw PS56109 ASFALT TESTERE 300 A"},"content":{"rendered":"<table>\n<tr>\n<td>Model<\/td>\n<td>300 A<\/td>\n<\/tr>\n<tr>\n<td>D\u0131\u015f \u00c7ap (mm)<\/td>\n<td>300<\/td>\n<\/tr>\n<tr>\n<td>Kal\u0131nl\u0131k (mm)<\/td>\n<td>3.2<\/td>\n<\/tr>\n<tr>\n<td>Elmas Y\u00fcksekli\u011fi (mm)<\/td>\n<td>10.0<\/td>\n<\/tr>\n<tr>\n<td>G\u00f6bek \u00c7ap\u0131 (mm)<\/td>\n<td>25.40<\/td>\n<\/tr>\n<\/table>\n","protected":false},"excerpt":{"rendered":"<p>Model 300 A D\u0131\u015f \u00c7ap (mm) 300 Kal\u0131nl\u0131k (mm) 3.2 Elmas Y\u00fcksekli\u011fi (mm) 10.0 G\u00f6bek \u00c7ap\u0131 (mm) 25.40<\/p>\n","protected":false},"featured_media":12321,"comment_status":"open","ping_status":"closed","template":"","meta":{"_acf_changed":false},"product_brand":[1524],"product_cat":[897],"product_tag":[],"class_list":{"0":"post-12322","1":"product","2":"type-product","3":"status-publish","4":"has-post-thumbnail","6":"product_brand-prosaw","7":"product_cat-300-305mm-testereler","9":"first","10":"instock","11":"taxable","12":"shipping-taxable","13":"purchasable","14":"product-type-simple","15":"add-to-wishlist-after_add_to_cart"},"acf":[],"_links":{"self":[{"href":"https:\/\/www.makitamarket.com.tr\/site\/wp-json\/wp\/v2\/product\/12322","targetHints":{"allow":["GET"]}}],"collection":[{"href":"https:\/\/www.makitamarket.com.tr\/site\/wp-json\/wp\/v2\/product"}],"about":[{"href":"https:\/\/www.makitamarket.com.tr\/site\/wp-json\/wp\/v2\/types\/product"}],"replies":[{"embeddable":true,"href":"https:\/\/www.makitamarket.com.tr\/site\/wp-json\/wp\/v2\/comments?post=12322"}],"wp:featuredmedia":[{"embeddable":true,"href":"https:\/\/www.makitamarket.com.tr\/site\/wp-json\/wp\/v2\/media\/12321"}],"wp:attachment":[{"href":"https:\/\/www.makitamarket.com.tr\/site\/wp-json\/wp\/v2\/media?parent=12322"}],"wp:term":[{"taxonomy":"product_brand","embeddable":true,"href":"https:\/\/www.makitamarket.com.tr\/site\/wp-json\/wp\/v2\/product_brand?post=12322"},{"taxonomy":"product_cat","embeddable":true,"href":"https:\/\/www.makitamarket.com.tr\/site\/wp-json\/wp\/v2\/product_cat?post=12322"},{"taxonomy":"product_tag","embeddable":true,"href":"https:\/\/www.makitamarket.com.tr\/site\/wp-json\/wp\/v2\/product_tag?post=12322"}],"curies":[{"name":"wp","href":"https:\/\/api.w.org\/{rel}","templated":true}]}}