{"id":12324,"date":"2024-11-27T20:14:37","date_gmt":"2024-11-27T17:14:37","guid":{"rendered":"https:\/\/www.makitamarket.com.tr\/site\/urun\/bessey-agir-hizmet-dovme-demirci-iskencesi-300mm-8500n\/"},"modified":"2026-04-06T14:03:52","modified_gmt":"2026-04-06T11:03:52","slug":"bessey-agir-hizmet-dovme-demirci-iskencesi-300mm-8500n","status":"publish","type":"product","link":"https:\/\/www.makitamarket.com.tr\/site\/urun\/bessey-agir-hizmet-dovme-demirci-iskencesi-300mm-8500n\/","title":{"rendered":"Bessey BESGSL30 A\u011eIR H\u0130ZMET D\u00d6VME DEM\u0130RC\u0130 \u0130\u015eKENCES\u0130 300mm 8500N"},"content":{"rendered":"<table>\n<tr>\n<td>Uzunluk<\/td>\n<td>300<\/td>\n<\/tr>\n<tr>\n<td>Derinlik<\/td>\n<td>120<\/td>\n<\/tr>\n<tr>\n<td>Ray Kal\u0131nl\u0131\u011f\u0131<\/td>\n<td>27&#215;13<\/td>\n<\/tr>\n<tr>\n<td>A\u011f\u0131rl\u0131k<\/td>\n<td>2.11<\/td>\n<\/tr>\n<tr>\n<td>Max. S\u0131kma Kuvveti<\/td>\n<td>8.500N<\/td>\n<\/tr>\n<\/table>\n","protected":false},"excerpt":{"rendered":"<p>Uzunluk 300 Derinlik 120 Ray Kal\u0131nl\u0131\u011f\u0131 27&#215;13 A\u011f\u0131rl\u0131k 2.11 Max. S\u0131kma Kuvveti 8.500N<\/p>\n","protected":false},"featured_media":12323,"comment_status":"open","ping_status":"closed","template":"","meta":{"_acf_changed":false},"product_brand":[1534],"product_cat":[803],"product_tag":[],"class_list":{"0":"post-12324","1":"product","2":"type-product","3":"status-publish","4":"has-post-thumbnail","6":"product_brand-bessey","7":"product_cat-demirci-iskenceler","9":"first","10":"instock","11":"taxable","12":"shipping-taxable","13":"purchasable","14":"product-type-simple","15":"add-to-wishlist-after_add_to_cart"},"acf":[],"_links":{"self":[{"href":"https:\/\/www.makitamarket.com.tr\/site\/wp-json\/wp\/v2\/product\/12324","targetHints":{"allow":["GET"]}}],"collection":[{"href":"https:\/\/www.makitamarket.com.tr\/site\/wp-json\/wp\/v2\/product"}],"about":[{"href":"https:\/\/www.makitamarket.com.tr\/site\/wp-json\/wp\/v2\/types\/product"}],"replies":[{"embeddable":true,"href":"https:\/\/www.makitamarket.com.tr\/site\/wp-json\/wp\/v2\/comments?post=12324"}],"wp:featuredmedia":[{"embeddable":true,"href":"https:\/\/www.makitamarket.com.tr\/site\/wp-json\/wp\/v2\/media\/12323"}],"wp:attachment":[{"href":"https:\/\/www.makitamarket.com.tr\/site\/wp-json\/wp\/v2\/media?parent=12324"}],"wp:term":[{"taxonomy":"product_brand","embeddable":true,"href":"https:\/\/www.makitamarket.com.tr\/site\/wp-json\/wp\/v2\/product_brand?post=12324"},{"taxonomy":"product_cat","embeddable":true,"href":"https:\/\/www.makitamarket.com.tr\/site\/wp-json\/wp\/v2\/product_cat?post=12324"},{"taxonomy":"product_tag","embeddable":true,"href":"https:\/\/www.makitamarket.com.tr\/site\/wp-json\/wp\/v2\/product_tag?post=12324"}],"curies":[{"name":"wp","href":"https:\/\/api.w.org\/{rel}","templated":true}]}}