{"id":12334,"date":"2024-11-27T20:14:41","date_gmt":"2024-11-27T17:14:41","guid":{"rendered":"https:\/\/www.makitamarket.com.tr\/site\/urun\/virax-pafta-kafasi-1-8\/"},"modified":"2025-11-16T06:43:46","modified_gmt":"2025-11-16T03:43:46","slug":"virax-pafta-kafasi-1-8","status":"publish","type":"product","link":"https:\/\/www.makitamarket.com.tr\/site\/urun\/virax-pafta-kafasi-1-8\/","title":{"rendered":"Virax 136231 PAFTA KAFASI 1\/8&#8243;"},"content":{"rendered":"<p>\n\t<span dir=\"ltr\" role=\"presentation\" style=\"left: 554.33px; top: 1468.07px; font-size: 11.6667px; font-family: sans-serif; transform: scaleX(0.876094);\">\u2022 Phenix III elektrikli el tipi pafta makinalar\u0131nda kullan\u0131mda emniyet mandal\u0131 s\u00f6k\u00fclmelidir.<\/span><\/p>\n<table>\n<tr>\n<td>Pafta Tarak Tipi<\/td>\n<td>Sa\u011f BSPT<\/td>\n<\/tr>\n<tr>\n<td>Uygun Boru Tipi<\/td>\n<td>\u00c7elik<\/td>\n<\/tr>\n<tr>\n<td>Boru \u00d6l\u00e7\u00fcs\u00fc<\/td>\n<td>1\/8&#8243;<\/td>\n<\/tr>\n<tr>\n<td>Boru \u00d6l\u00e7\u00fcs\u00fc<\/td>\n<td>6\/10 mm<\/td>\n<\/tr>\n<\/table>\n","protected":false},"excerpt":{"rendered":"<p>\n\t<span dir=\"ltr\" role=\"presentation\" style=\"left: 554.33px; top: 1468.07px; font-size: 11.6667px; font-family: sans-serif; transform: scaleX(0.876094);\">\u2022 Phenix III elektrikli el tipi pafta makinalar\u0131nda kullan\u0131mda emniyet mandal\u0131 s\u00f6k\u00fclmelidir.<\/span><\/p>\n","protected":false},"featured_media":12333,"comment_status":"open","ping_status":"closed","template":"","meta":{"_acf_changed":false},"product_brand":[1495],"product_cat":[854],"product_tag":[],"class_list":{"0":"post-12334","1":"product","2":"type-product","3":"status-publish","4":"has-post-thumbnail","6":"product_brand-virax","7":"product_cat-pafta-taraklari","9":"first","10":"outofstock","11":"taxable","12":"shipping-taxable","13":"purchasable","14":"product-type-simple","15":"add-to-wishlist-after_add_to_cart"},"acf":[],"_links":{"self":[{"href":"https:\/\/www.makitamarket.com.tr\/site\/wp-json\/wp\/v2\/product\/12334","targetHints":{"allow":["GET"]}}],"collection":[{"href":"https:\/\/www.makitamarket.com.tr\/site\/wp-json\/wp\/v2\/product"}],"about":[{"href":"https:\/\/www.makitamarket.com.tr\/site\/wp-json\/wp\/v2\/types\/product"}],"replies":[{"embeddable":true,"href":"https:\/\/www.makitamarket.com.tr\/site\/wp-json\/wp\/v2\/comments?post=12334"}],"wp:featuredmedia":[{"embeddable":true,"href":"https:\/\/www.makitamarket.com.tr\/site\/wp-json\/wp\/v2\/media\/12333"}],"wp:attachment":[{"href":"https:\/\/www.makitamarket.com.tr\/site\/wp-json\/wp\/v2\/media?parent=12334"}],"wp:term":[{"taxonomy":"product_brand","embeddable":true,"href":"https:\/\/www.makitamarket.com.tr\/site\/wp-json\/wp\/v2\/product_brand?post=12334"},{"taxonomy":"product_cat","embeddable":true,"href":"https:\/\/www.makitamarket.com.tr\/site\/wp-json\/wp\/v2\/product_cat?post=12334"},{"taxonomy":"product_tag","embeddable":true,"href":"https:\/\/www.makitamarket.com.tr\/site\/wp-json\/wp\/v2\/product_tag?post=12334"}],"curies":[{"name":"wp","href":"https:\/\/api.w.org\/{rel}","templated":true}]}}