{"id":12340,"date":"2024-11-27T20:14:43","date_gmt":"2024-11-27T17:14:43","guid":{"rendered":"https:\/\/www.makitamarket.com.tr\/site\/urun\/gison-havali-agir-hizmet-kalipci-taslama\/"},"modified":"2026-04-06T14:16:10","modified_gmt":"2026-04-06T11:16:10","slug":"gison-havali-agir-hizmet-kalipci-taslama","status":"publish","type":"product","link":"https:\/\/www.makitamarket.com.tr\/site\/urun\/gison-havali-agir-hizmet-kalipci-taslama\/","title":{"rendered":"Gison GP824SF HAVALI A\u011eIR H\u0130ZMET KALIP\u00c7I TA\u015eLAMA"},"content":{"rendered":"<table>\n<tr>\n<td>Disk \u00d6l\u00e7\u00fcs\u00fc<\/td>\n<td>90 mm.<\/td>\n<\/tr>\n<tr>\n<td>En Y\u00fcksek H\u0131z<\/td>\n<td>3.600 rpm<\/td>\n<\/tr>\n<tr>\n<td>Net A\u011f\u0131rl\u0131k (kg)<\/td>\n<td>0.84<\/td>\n<\/tr>\n<tr>\n<td>Uzunluk (mm)<\/td>\n<td>225<\/td>\n<\/tr>\n<tr>\n<td>Hava T\u00fcketimi<\/td>\n<td>0.08 m\u00b3\/dak.<\/td>\n<\/tr>\n<tr>\n<td>Hava Giri\u015fi<\/td>\n<td>1\/4&#8243;<\/td>\n<\/tr>\n<tr>\n<td>Hortum \u00d6l\u00e7\u00fcs\u00fc <\/td>\n<td>6.5 mm.<\/td>\n<\/tr>\n<tr>\n<td>G\u00fcr\u00fclt\u00fc Seviyesi (dBA)<\/td>\n<td>84 dBA<\/td>\n<\/tr>\n<tr>\n<td>Sars\u0131nt\u0131 Seviyesi<\/td>\n<td><2.5 m\/S\u00b2.<\/td>\n<\/tr>\n<tr>\n<td>Koli Adedi<\/td>\n<td>12 ad.<\/td>\n<\/tr>\n<tr>\n<td>Hava Bas\u0131nc\u0131<\/td>\n<td>90 psi (6.3 kg.\/cm\u00b2)<\/td>\n<\/tr>\n<\/table>\n","protected":false},"excerpt":{"rendered":"<p>Disk \u00d6l\u00e7\u00fcs\u00fc 90 mm. En Y\u00fcksek H\u0131z 3.600 rpm Net A\u011f\u0131rl\u0131k (kg) 0.84 Uzunluk (mm) 225 Hava T\u00fcketimi 0.08 m\u00b3\/dak. Hava Giri\u015fi 1\/4&#8243; Hortum \u00d6l\u00e7\u00fcs\u00fc 6.5 mm. G\u00fcr\u00fclt\u00fc Seviyesi (dBA)<\/p>\n","protected":false},"featured_media":12923,"comment_status":"open","ping_status":"closed","template":"","meta":{"_acf_changed":false},"product_brand":[1512],"product_cat":[964],"product_tag":[],"class_list":{"0":"post-12340","1":"product","2":"type-product","3":"status-publish","4":"has-post-thumbnail","6":"product_brand-gison","7":"product_cat-taslamalar","9":"first","10":"instock","11":"taxable","12":"shipping-taxable","13":"purchasable","14":"product-type-simple","15":"add-to-wishlist-after_add_to_cart"},"acf":[],"_links":{"self":[{"href":"https:\/\/www.makitamarket.com.tr\/site\/wp-json\/wp\/v2\/product\/12340","targetHints":{"allow":["GET"]}}],"collection":[{"href":"https:\/\/www.makitamarket.com.tr\/site\/wp-json\/wp\/v2\/product"}],"about":[{"href":"https:\/\/www.makitamarket.com.tr\/site\/wp-json\/wp\/v2\/types\/product"}],"replies":[{"embeddable":true,"href":"https:\/\/www.makitamarket.com.tr\/site\/wp-json\/wp\/v2\/comments?post=12340"}],"wp:featuredmedia":[{"embeddable":true,"href":"https:\/\/www.makitamarket.com.tr\/site\/wp-json\/wp\/v2\/media\/12923"}],"wp:attachment":[{"href":"https:\/\/www.makitamarket.com.tr\/site\/wp-json\/wp\/v2\/media?parent=12340"}],"wp:term":[{"taxonomy":"product_brand","embeddable":true,"href":"https:\/\/www.makitamarket.com.tr\/site\/wp-json\/wp\/v2\/product_brand?post=12340"},{"taxonomy":"product_cat","embeddable":true,"href":"https:\/\/www.makitamarket.com.tr\/site\/wp-json\/wp\/v2\/product_cat?post=12340"},{"taxonomy":"product_tag","embeddable":true,"href":"https:\/\/www.makitamarket.com.tr\/site\/wp-json\/wp\/v2\/product_tag?post=12340"}],"curies":[{"name":"wp","href":"https:\/\/api.w.org\/{rel}","templated":true}]}}