{"id":12342,"date":"2024-11-27T20:14:43","date_gmt":"2024-11-27T17:14:43","guid":{"rendered":"https:\/\/www.makitamarket.com.tr\/site\/urun\/gison-tornavida-gp-866q-gison\/"},"modified":"2025-11-16T06:43:46","modified_gmt":"2025-11-16T03:43:46","slug":"gison-tornavida-gp-866q-gison","status":"publish","type":"product","link":"https:\/\/www.makitamarket.com.tr\/site\/urun\/gison-tornavida-gp-866q-gison\/","title":{"rendered":"Gison GP866Q TORNAV\u0130DA GP &#8211; 866Q GISON"},"content":{"rendered":"<p>Kalem Tip, Sa\u011f ve Sol Devir Y\u00f6n\u00fc, Kademeli Tork Ayar\u0131, Darbeli Tip (Impact Type)<\/p>\n<table>\n<tr>\n<td>Vida Kapasitesi<\/td>\n<td><\/td>\n<\/tr>\n<tr>\n<td>Apex \u00d6l\u00e7\u00fcs\u00fc<\/td>\n<td>1\/4&#8243;<\/td>\n<\/tr>\n<tr>\n<td>En Y\u00fcksek H\u0131z<\/td>\n<td>8.000 rpm.<\/td>\n<\/tr>\n<tr>\n<td>Net A\u011f\u0131rl\u0131k (kg)<\/td>\n<td>0.68<\/td>\n<\/tr>\n<tr>\n<td>Uzunluk (mm)<\/td>\n<td>190<\/td>\n<\/tr>\n<tr>\n<td>Hava T\u00fcketimi<\/td>\n<td>0.20 m\u00b3\/dak.<\/td>\n<\/tr>\n<tr>\n<td>Hava Giri\u015fi<\/td>\n<td>1\/4&#8243;<\/td>\n<\/tr>\n<tr>\n<td>Hortum \u00d6l\u00e7\u00fcs\u00fc (ID)<\/td>\n<td>6.5<\/td>\n<\/tr>\n<tr>\n<td>G\u00fcr\u00fclt\u00fc Seviyesi (dBA)<\/td>\n<td>86<\/td>\n<\/tr>\n<tr>\n<td>Sars\u0131nt\u0131 Seviyesi<\/td>\n<td><2.5 m\/S\u00b2.<\/td>\n<\/tr>\n<tr>\n<td>Koli Adedi<\/td>\n<td>20 ad.<\/td>\n<\/tr>\n<tr>\n<td>Tork G\u00fcc\u00fc (kg.m)(Nm).<\/td>\n<td>2.75 KG.M (27 nM)<\/td>\n<\/tr>\n<tr>\n<td>Hava Bas\u0131nc\u0131<\/td>\n<td>90 psi (6.3 kg.\/cm\u00b2)<\/td>\n<\/tr>\n<tr>\n<td>Mekanizma<\/td>\n<td>Impact<\/td>\n<\/tr>\n<\/table>\n","protected":false},"excerpt":{"rendered":"<p>Kalem Tip, Sa\u011f ve Sol Devir Y\u00f6n\u00fc, Kademeli Tork Ayar\u0131, Darbeli Tip (Impact Type)<\/p>\n","protected":false},"featured_media":12341,"comment_status":"open","ping_status":"closed","template":"","meta":{"_acf_changed":false},"product_brand":[1512],"product_cat":[1565],"product_tag":[],"class_list":{"0":"post-12342","1":"product","2":"type-product","3":"status-publish","4":"has-post-thumbnail","6":"product_brand-gison","7":"product_cat-yok-yok","9":"first","10":"outofstock","11":"taxable","12":"shipping-taxable","13":"purchasable","14":"product-type-simple","15":"add-to-wishlist-after_add_to_cart"},"acf":[],"_links":{"self":[{"href":"https:\/\/www.makitamarket.com.tr\/site\/wp-json\/wp\/v2\/product\/12342","targetHints":{"allow":["GET"]}}],"collection":[{"href":"https:\/\/www.makitamarket.com.tr\/site\/wp-json\/wp\/v2\/product"}],"about":[{"href":"https:\/\/www.makitamarket.com.tr\/site\/wp-json\/wp\/v2\/types\/product"}],"replies":[{"embeddable":true,"href":"https:\/\/www.makitamarket.com.tr\/site\/wp-json\/wp\/v2\/comments?post=12342"}],"wp:featuredmedia":[{"embeddable":true,"href":"https:\/\/www.makitamarket.com.tr\/site\/wp-json\/wp\/v2\/media\/12341"}],"wp:attachment":[{"href":"https:\/\/www.makitamarket.com.tr\/site\/wp-json\/wp\/v2\/media?parent=12342"}],"wp:term":[{"taxonomy":"product_brand","embeddable":true,"href":"https:\/\/www.makitamarket.com.tr\/site\/wp-json\/wp\/v2\/product_brand?post=12342"},{"taxonomy":"product_cat","embeddable":true,"href":"https:\/\/www.makitamarket.com.tr\/site\/wp-json\/wp\/v2\/product_cat?post=12342"},{"taxonomy":"product_tag","embeddable":true,"href":"https:\/\/www.makitamarket.com.tr\/site\/wp-json\/wp\/v2\/product_tag?post=12342"}],"curies":[{"name":"wp","href":"https:\/\/api.w.org\/{rel}","templated":true}]}}