{"id":12349,"date":"2024-11-27T20:14:46","date_gmt":"2024-11-27T17:14:46","guid":{"rendered":"https:\/\/www.makitamarket.com.tr\/site\/urun\/knipex-knipex-13-96-200-vde-kombine-elektrikci-pensesi\/"},"modified":"2026-04-06T14:04:06","modified_gmt":"2026-04-06T11:04:06","slug":"knipex-knipex-13-96-200-vde-kombine-elektrikci-pensesi","status":"publish","type":"product","link":"https:\/\/www.makitamarket.com.tr\/site\/urun\/knipex-knipex-13-96-200-vde-kombine-elektrikci-pensesi\/","title":{"rendered":"Knipex 1396200 KNIPEX 13 96 200 VDE KOMB\u0130NE ELEKTR\u0130K\u00c7\u0130 PENSES\u0130"},"content":{"rendered":"<p><b>13 96 200 \u00c7ok Fonksiyonlu Elektrik\u00e7i Pense<\/b><br \/>Tek pensede 6 fonksiyon. yass\u0131 ve yuvarlak malzemeri tutmak, k\u0131v\u0131rmak, \u00e7apak almak, kablo kesmek, izolasyon s\u0131y\u0131rmak ve kablo y\u00fcks\u00fcklerini s\u0131kmak i\u00e7in. Tek damar telleri hasar vermeden tutmak i\u00e7in u\u00e7 k\u0131s\u0131mda d\u00fcz a\u011f\u0131z y\u00fczeyleri; yass\u0131 ve yuvarlak malzemeleri tutmak i\u00e7in profilli a\u011f\u0131z y\u00fczeyleri ve pense a\u011fz\u0131. S\u0131va alt\u0131 buatlar\u0131n i\u015flenmesi, ve \u00e7apaklar\u0131n al\u0131nabilmesi i\u00e7in sivri kenarlar. 0,75 &#8211; 1,5 mm\u00b2 ve 2,5 mm\u00b2 kablo s\u0131y\u0131rma delikleri. 0,5 &#8211; 2,5 mm\u00b2 kablo y\u00fcks\u00fckleri i\u00e7in s\u0131kma yuvas\u0131. Hassas kesicileri olan kablo makas\u0131 (ind\u00fcksiyon y\u00f6ntemiyle sertle\u015ftirilmi\u015f), 5 x 2,5 mm\u00b2 \/ \u00d8 15 mm&#8217;ye kadar olan bak\u0131r ve al\u00fcminyum kablolar i\u00e7in. Dar alanlara eri\u015fim i\u00e7in ince yap\u0131. Civata ile ba\u011flanm\u0131\u015f mafsal: Kolayca, pensenin bo\u015fluksuz hareket etmesi sa\u011flan\u0131r. mafsal i\u00e7inde entegre edilmi\u015f a\u00e7ma yay\u0131 bulunan modellerde aktif duruma getirilen bloke mandal\u0131, di\u011fer fonksiyonlar devrede kal\u0131rken makas kesicisini kapal\u0131 tutar. Ak\u0131ll\u0131 kapal\u0131 tutma mekanizmas\u0131 ile penseyi a\u00e7madan &#8220;kavramak&#8221; m\u00fcmk\u00fcnd\u00fcr. Kesici kapal\u0131 kal\u0131r ve korunur <\/p>\n<li><b>Bak\u0131r kablo kesim de\u011feri, \u00e7ok telli: <\/b>\u00d8 15 mm<\/li>\n<li><b>Bak\u0131r kablo kesim de\u011feri, \u00e7ok telli: <\/b>50 mm\u00b2<\/li>\n<li><b>Tekli teller i\u00e7in kablo s\u0131y\u0131rma de\u011ferleri: <\/b>0,75 \u2014 1,5 mm\u00b2 \/ 2,5 mm\u00b2<\/li>\n<li><b>Kapasite milimetrekare: <\/b>0,5 \u2014 2,5 mm\u00b2<\/li>\n<li><b>AWG: <\/b>1 \/ 0 <\/li>\n<li><b>VDE onayl\u0131: <\/b>evet \u00a0<\/li>\n<table>\n<tr>\n<td>Uzunluk<\/td>\n<td>200<\/td>\n<\/tr>\n<tr>\n<td>Form<\/td>\n<td>1000V &#8211; Yayl\u0131<\/td>\n<\/tr>\n<tr>\n<td>Kafa<\/td>\n<td>Krom<\/td>\n<\/tr>\n<tr>\n<td>Sap<\/td>\n<td>Sos \u0130zole<\/td>\n<\/tr>\n<tr>\n<td>\u00c7ok \u0130letkenli Kablo<\/td>\n<td>15\u00f8mm, 50mm\u00b2<\/td>\n<\/tr>\n<tr>\n<td>A\u011f\u0131rl\u0131k<\/td>\n<td>280 gr<\/td>\n<\/tr>\n<\/table>\n","protected":false},"excerpt":{"rendered":"<p><b>13 96 200 \u00c7ok Fonksiyonlu Elektrik\u00e7i Pense<\/b><br \/>Tek pensede 6 fonksiyon. yass\u0131 ve yuvarlak malzemeri tutmak, k\u0131v\u0131rmak, \u00e7apak almak, kablo kesmek, izolasyon s\u0131y\u0131rmak ve kablo y\u00fcks\u00fcklerini s\u0131kmak i\u00e7in. Tek damar telleri hasar vermeden tutmak i\u00e7in u\u00e7 k\u0131s\u0131mda d\u00fcz a\u011f\u0131z y\u00fczeyleri; yass\u0131 ve yuvarlak malzemeleri tutmak i\u00e7in profilli a\u011f\u0131z y\u00fczeyleri ve pense a\u011fz\u0131. S\u0131va alt\u0131 buatlar\u0131n i\u015flenmesi, ve \u00e7apaklar\u0131n al\u0131nabilmesi i\u00e7in sivri kenarlar. 0,75 &#8211; 1,5 mm\u00b2 ve 2,5 mm\u00b2 kablo s\u0131y\u0131rma delikleri. 0,5 &#8211; 2,5 mm\u00b2 kablo y\u00fcks\u00fckleri i\u00e7in s\u0131kma yuvas\u0131. Hassas kesicileri olan kablo makas\u0131 (ind\u00fcksiyon y\u00f6ntemiyle sertle\u015ftirilmi\u015f), 5 x 2,5 mm\u00b2 \/ \u00d8 15 mm&#8217;ye kadar olan bak\u0131r ve al\u00fcminyum kablolar i\u00e7in. Dar alanlara eri\u015fim i\u00e7in ince yap\u0131. Civata ile ba\u011flanm\u0131\u015f mafsal: Kolayca, pensenin bo\u015fluksuz hareket etmesi sa\u011flan\u0131r. mafsal i\u00e7inde entegre edilmi\u015f a\u00e7ma yay\u0131 bulunan modellerde aktif duruma getirilen bloke mandal\u0131, di\u011fer fonksiyonlar devrede kal\u0131rken makas kesicisini kapal\u0131 tutar. Ak\u0131ll\u0131 kapal\u0131 tutma mekanizmas\u0131 ile penseyi a\u00e7madan &#8220;kavramak&#8221; m\u00fcmk\u00fcnd\u00fcr. Kesici kapal\u0131 kal\u0131r ve korunur <\/p>\n<li><b>Bak\u0131r kablo kesim de\u011feri, \u00e7ok telli: <\/b>\u00d8 15 mm<\/li>\n<li><b>Bak\u0131r kablo kesim de\u011feri, \u00e7ok telli: <\/b>50 mm\u00b2<\/li>\n<li><b>Tekli teller i\u00e7in kablo s\u0131y\u0131rma de\u011ferleri: <\/b>0,75 \u2014 1,5 mm\u00b2 \/ 2,5 mm\u00b2<\/li>\n<li><b>Kapasite milimetrekare: <\/b>0,5 \u2014 2,5 mm\u00b2<\/li>\n<li><b>AWG: <\/b>1 \/ 0 <\/li>\n<li><b>VDE onayl\u0131: <\/b>evet \u00a0<\/li>\n","protected":false},"featured_media":12348,"comment_status":"open","ping_status":"closed","template":"","meta":{"_acf_changed":false},"product_brand":[1486],"product_cat":[1179],"product_tag":[],"class_list":{"0":"post-12349","1":"product","2":"type-product","3":"status-publish","4":"has-post-thumbnail","6":"product_brand-knipex","7":"product_cat-elektrikci-penseleri","9":"first","10":"outofstock","11":"taxable","12":"shipping-taxable","13":"purchasable","14":"product-type-simple","15":"add-to-wishlist-after_add_to_cart"},"acf":[],"_links":{"self":[{"href":"https:\/\/www.makitamarket.com.tr\/site\/wp-json\/wp\/v2\/product\/12349","targetHints":{"allow":["GET"]}}],"collection":[{"href":"https:\/\/www.makitamarket.com.tr\/site\/wp-json\/wp\/v2\/product"}],"about":[{"href":"https:\/\/www.makitamarket.com.tr\/site\/wp-json\/wp\/v2\/types\/product"}],"replies":[{"embeddable":true,"href":"https:\/\/www.makitamarket.com.tr\/site\/wp-json\/wp\/v2\/comments?post=12349"}],"wp:featuredmedia":[{"embeddable":true,"href":"https:\/\/www.makitamarket.com.tr\/site\/wp-json\/wp\/v2\/media\/12348"}],"wp:attachment":[{"href":"https:\/\/www.makitamarket.com.tr\/site\/wp-json\/wp\/v2\/media?parent=12349"}],"wp:term":[{"taxonomy":"product_brand","embeddable":true,"href":"https:\/\/www.makitamarket.com.tr\/site\/wp-json\/wp\/v2\/product_brand?post=12349"},{"taxonomy":"product_cat","embeddable":true,"href":"https:\/\/www.makitamarket.com.tr\/site\/wp-json\/wp\/v2\/product_cat?post=12349"},{"taxonomy":"product_tag","embeddable":true,"href":"https:\/\/www.makitamarket.com.tr\/site\/wp-json\/wp\/v2\/product_tag?post=12349"}],"curies":[{"name":"wp","href":"https:\/\/api.w.org\/{rel}","templated":true}]}}