{"id":12353,"date":"2024-11-27T20:14:46","date_gmt":"2024-11-27T17:14:46","guid":{"rendered":"https:\/\/www.makitamarket.com.tr\/site\/urun\/makita-ahsap-daire-testere-260x70-dis\/"},"modified":"2026-04-06T14:04:08","modified_gmt":"2026-04-06T11:04:08","slug":"makita-ahsap-daire-testere-260x70-dis","status":"publish","type":"product","link":"https:\/\/www.makitamarket.com.tr\/site\/urun\/makita-ahsap-daire-testere-260x70-dis\/","title":{"rendered":"Makita B-04597 AH\u015eAP DA\u0130RE TESTERE 260&#215;70 D\u0130\u015e"},"content":{"rendered":"<div id=\"cke_pastebin\">\n\tMakita 260mm x 30mm x 70di\u015f karb\u00fcr u\u00e7lu ah\u015fap ta\u015f\u0131nabilir testere.<\/div>\n<p>\n\tTestere 70 di\u015f say\u0131s\u0131na sahiptir.<\/p>\n<p>\n\tTestere g\u00f6be\u011finden elmas\u0131n merkezine olan \u00e7izgi ile elmas\u0131n merkezi ile ucu aras\u0131ndaki \u00e7izgi aras\u0131ndaki a\u00e7\u0131 5\u00ba&#8217; dir.<\/p>\n<p>\n\tTestere kal\u0131nl\u0131\u011f\u0131 2.3 mm&#8217; dir.<\/p>\n<p>\n\tSessiz testere \u00f6zelli\u011fi olmas\u0131 sebebiyle i\u00e7 mekanda hem de \u015fantiye ortam\u0131nda rahatl\u0131kla kullab\u0131labilir.<\/p>\n<p>\n\tT\u00fcm elektrikli ve ak\u00fcl\u00fc daire testere makinalar\u0131na uyumludur.<\/p>\n<p>\n\tB\u0131\u00e7ak g\u00f6vdesi sertle\u015ftrilmi\u015f \u00e7elikten imal edilmi\u015ftir.<\/p>\n<p>\n\tTestere di\u015fleri hassas ta\u015flanarak temiz kesim yap\u0131lmas\u0131 sa\u011flanm\u0131\u015ft\u0131r.<\/p>\n<p>\n\tG\u00f6vde \u00fczerinde bulunan d\u00f6rt adet geni\u015f yar\u0131k, \u00fcr\u00fcn\u00fcn \u00e7al\u0131\u015fma esnas\u0131nda titre\u015fimini \u00f6nleyerek g\u00fcr\u00fclt\u00fc ve a\u015f\u0131r\u0131 \u0131s\u0131nmas\u0131n\u0131 azalt\u0131r.<\/p>\n<p>\n\t\u00dcr\u00fcn \u00fczerinde bulunan ok i\u015fareti \u00e7al\u0131\u015fma y\u00f6n\u00fcn\u00fc temsil etmektedir.<\/p>\n<p>\n\tTestereyi ta\u015f\u0131ma esnas\u0131nda eldiven kullan\u0131n\u0131z.<\/p>\n<table>\n<tr>\n<td>Testere \u00e7ap\u0131<\/td>\n<td>260 mm<\/td>\n<\/tr>\n<tr>\n<td>G\u00f6bek \u00e7ap\u0131<\/td>\n<td>30 mm<\/td>\n<\/tr>\n<tr>\n<td>Y\u00fcz\u00fck \u00c7ap\u0131<\/td>\n<td>15.88 mm<\/td>\n<\/tr>\n<tr>\n<td>Elmas Kal\u0131nl\u0131\u011f\u0131<\/td>\n<td>2.3 mm<\/td>\n<\/tr>\n<tr>\n<td>G\u00f6vde Kal\u0131nl\u0131\u011f\u0131<\/td>\n<td>1.8 mm<\/td>\n<\/tr>\n<tr>\n<td>Di\u015f Say\u0131s\u0131<\/td>\n<td>70<\/td>\n<\/tr>\n<tr>\n<td>Elmas A\u00e7\u0131s\u0131<\/td>\n<td>5\u02da<\/td>\n<\/tr>\n<tr>\n<td>Di\u015f Tipi<\/td>\n<td>ATAF<\/td>\n<\/tr>\n<tr>\n<td>Kullan\u0131m Alan\u0131<\/td>\n<td>Ah\u015fap<\/td>\n<\/tr>\n<\/table>\n","protected":false},"excerpt":{"rendered":"<div id=\"cke_pastebin\">\n\tMakita 260mm x 30mm x 70di\u015f karb\u00fcr u\u00e7lu ah\u015fap ta\u015f\u0131nabilir testere.<\/div>\n<p>\n\tTestere 70 di\u015f say\u0131s\u0131na sahiptir.<\/p>\n<p>\n\tTestere g\u00f6be\u011finden elmas\u0131n merkezine olan \u00e7izgi ile elmas\u0131n merkezi ile ucu aras\u0131ndaki \u00e7izgi aras\u0131ndaki a\u00e7\u0131 5\u00ba&#8217; dir.<\/p>\n<p>\n\tTestere kal\u0131nl\u0131\u011f\u0131 2.3 mm&#8217; dir.<\/p>\n<p>\n\tSessiz testere \u00f6zelli\u011fi olmas\u0131 sebebiyle i\u00e7 mekanda hem de \u015fantiye ortam\u0131nda rahatl\u0131kla kullab\u0131labilir.<\/p>\n<p>\n\tT\u00fcm elektrikli ve ak\u00fcl\u00fc daire testere makinalar\u0131na uyumludur.<\/p>\n<p>\n\tB\u0131\u00e7ak g\u00f6vdesi sertle\u015ftrilmi\u015f \u00e7elikten imal edilmi\u015ftir.<\/p>\n<p>\n\tTestere di\u015fleri hassas ta\u015flanarak temiz kesim yap\u0131lmas\u0131 sa\u011flanm\u0131\u015ft\u0131r.<\/p>\n<p>\n\tG\u00f6vde \u00fczerinde bulunan d\u00f6rt adet geni\u015f yar\u0131k, \u00fcr\u00fcn\u00fcn \u00e7al\u0131\u015fma esnas\u0131nda titre\u015fimini \u00f6nleyerek g\u00fcr\u00fclt\u00fc ve a\u015f\u0131r\u0131 \u0131s\u0131nmas\u0131n\u0131 azalt\u0131r.<\/p>\n<p>\n\t\u00dcr\u00fcn \u00fczerinde bulunan ok i\u015fareti \u00e7al\u0131\u015fma y\u00f6n\u00fcn\u00fc temsil etmektedir.<\/p>\n<p>\n\tTestereyi ta\u015f\u0131ma esnas\u0131nda eldiven kullan\u0131n\u0131z.<\/p>\n","protected":false},"featured_media":12352,"comment_status":"open","ping_status":"closed","template":"","meta":{"_acf_changed":false},"product_brand":[1485],"product_cat":[1050],"product_tag":[],"class_list":{"0":"post-12353","1":"product","2":"type-product","3":"status-publish","4":"has-post-thumbnail","6":"product_brand-makita","7":"product_cat-ahsap-daire-testereler","9":"first","10":"instock","11":"taxable","12":"shipping-taxable","13":"purchasable","14":"product-type-simple","15":"add-to-wishlist-after_add_to_cart"},"acf":[],"_links":{"self":[{"href":"https:\/\/www.makitamarket.com.tr\/site\/wp-json\/wp\/v2\/product\/12353","targetHints":{"allow":["GET"]}}],"collection":[{"href":"https:\/\/www.makitamarket.com.tr\/site\/wp-json\/wp\/v2\/product"}],"about":[{"href":"https:\/\/www.makitamarket.com.tr\/site\/wp-json\/wp\/v2\/types\/product"}],"replies":[{"embeddable":true,"href":"https:\/\/www.makitamarket.com.tr\/site\/wp-json\/wp\/v2\/comments?post=12353"}],"wp:featuredmedia":[{"embeddable":true,"href":"https:\/\/www.makitamarket.com.tr\/site\/wp-json\/wp\/v2\/media\/12352"}],"wp:attachment":[{"href":"https:\/\/www.makitamarket.com.tr\/site\/wp-json\/wp\/v2\/media?parent=12353"}],"wp:term":[{"taxonomy":"product_brand","embeddable":true,"href":"https:\/\/www.makitamarket.com.tr\/site\/wp-json\/wp\/v2\/product_brand?post=12353"},{"taxonomy":"product_cat","embeddable":true,"href":"https:\/\/www.makitamarket.com.tr\/site\/wp-json\/wp\/v2\/product_cat?post=12353"},{"taxonomy":"product_tag","embeddable":true,"href":"https:\/\/www.makitamarket.com.tr\/site\/wp-json\/wp\/v2\/product_tag?post=12353"}],"curies":[{"name":"wp","href":"https:\/\/api.w.org\/{rel}","templated":true}]}}