{"id":12362,"date":"2024-11-27T20:14:50","date_gmt":"2024-11-27T17:14:50","guid":{"rendered":"https:\/\/www.makitamarket.com.tr\/site\/urun\/rainpump-plastiik-govdeli-sifirdan-emisli-dalgic-pompa\/"},"modified":"2025-11-16T06:43:49","modified_gmt":"2025-11-16T03:43:49","slug":"rainpump-plastiik-govdeli-sifirdan-emisli-dalgic-pompa","status":"publish","type":"product","link":"https:\/\/www.makitamarket.com.tr\/site\/urun\/rainpump-plastiik-govdeli-sifirdan-emisli-dalgic-pompa\/","title":{"rendered":"Rainpump CSP750C PLAST\u0130\u0130K G\u00d6VDEL\u0130 SIFIRDAN EM\u0130\u015eL\u0130 DALGI\u00c7 POMPA"},"content":{"rendered":"<table>\n<tr>\n<td>G\u00fc\u00e7<\/td>\n<td>750 W<\/td>\n<\/tr>\n<tr>\n<td>Voltaj<\/td>\n<td>220V (Monofaze)<\/td>\n<\/tr>\n<tr>\n<td>Kapasite m3\/saat<\/td>\n<td>11<\/td>\n<\/tr>\n<tr>\n<td>Y\u00fckseklik (m)<\/td>\n<td>9<\/td>\n<\/tr>\n<tr>\n<td>Max. dalma derinli\u011fi (m)<\/td>\n<td>7<\/td>\n<\/tr>\n<tr>\n<td>\u00c7\u0131k\u0131\u015f \u00e7ap\u0131<\/td>\n<td>1&#8243;<\/td>\n<\/tr>\n<tr>\n<td>Kablo uzunlu\u011fu (m)<\/td>\n<td>10<\/td>\n<\/tr>\n<tr>\n<td>Su s\u0131cakl\u0131\u011f\u0131<\/td>\n<td>35\u00b0C<\/td>\n<\/tr>\n<tr>\n<td>Max. kat\u0131 par\u00e7a (mm)<\/td>\n<td>3<\/td>\n<\/tr>\n<tr>\n<td>Temiz \/ kirli su<\/td>\n<td>Temiz<\/td>\n<\/tr>\n<tr>\n<td>A\u011f\u0131rl\u0131k (Kg)<\/td>\n<td>5.5<\/td>\n<\/tr>\n<\/table>\n","protected":false},"excerpt":{"rendered":"<p>G\u00fc\u00e7 750 W Voltaj 220V (Monofaze) Kapasite m3\/saat 11 Y\u00fckseklik (m) 9 Max. dalma derinli\u011fi (m) 7 \u00c7\u0131k\u0131\u015f \u00e7ap\u0131 1&#8243; Kablo uzunlu\u011fu (m) 10 Su s\u0131cakl\u0131\u011f\u0131 35\u00b0C Max. kat\u0131 par\u00e7a<\/p>\n","protected":false},"featured_media":12361,"comment_status":"open","ping_status":"closed","template":"","meta":{"_acf_changed":false},"product_brand":[1517],"product_cat":[1016],"product_tag":[],"class_list":{"0":"post-12362","1":"product","2":"type-product","3":"status-publish","4":"has-post-thumbnail","6":"product_brand-rainpump","7":"product_cat-plastik-govdeli-pompalar","9":"first","10":"outofstock","11":"taxable","12":"shipping-taxable","13":"purchasable","14":"product-type-simple","15":"add-to-wishlist-after_add_to_cart"},"acf":[],"_links":{"self":[{"href":"https:\/\/www.makitamarket.com.tr\/site\/wp-json\/wp\/v2\/product\/12362","targetHints":{"allow":["GET"]}}],"collection":[{"href":"https:\/\/www.makitamarket.com.tr\/site\/wp-json\/wp\/v2\/product"}],"about":[{"href":"https:\/\/www.makitamarket.com.tr\/site\/wp-json\/wp\/v2\/types\/product"}],"replies":[{"embeddable":true,"href":"https:\/\/www.makitamarket.com.tr\/site\/wp-json\/wp\/v2\/comments?post=12362"}],"wp:featuredmedia":[{"embeddable":true,"href":"https:\/\/www.makitamarket.com.tr\/site\/wp-json\/wp\/v2\/media\/12361"}],"wp:attachment":[{"href":"https:\/\/www.makitamarket.com.tr\/site\/wp-json\/wp\/v2\/media?parent=12362"}],"wp:term":[{"taxonomy":"product_brand","embeddable":true,"href":"https:\/\/www.makitamarket.com.tr\/site\/wp-json\/wp\/v2\/product_brand?post=12362"},{"taxonomy":"product_cat","embeddable":true,"href":"https:\/\/www.makitamarket.com.tr\/site\/wp-json\/wp\/v2\/product_cat?post=12362"},{"taxonomy":"product_tag","embeddable":true,"href":"https:\/\/www.makitamarket.com.tr\/site\/wp-json\/wp\/v2\/product_tag?post=12362"}],"curies":[{"name":"wp","href":"https:\/\/api.w.org\/{rel}","templated":true}]}}