{"id":12377,"date":"2024-11-27T20:14:55","date_gmt":"2024-11-27T17:14:55","guid":{"rendered":"https:\/\/www.makitamarket.com.tr\/site\/urun\/edn-lwz-agac-testere-250x4-0x30mm-40-dis\/"},"modified":"2026-03-30T08:19:23","modified_gmt":"2026-03-30T05:19:23","slug":"edn-lwz-agac-testere-250x4-0x30mm-40-dis","status":"publish","type":"product","link":"https:\/\/www.makitamarket.com.tr\/site\/urun\/edn-lwz-agac-testere-250x4-0x30mm-40-dis\/","title":{"rendered":"Edn LWZ450 LWZ A\u011eA\u00c7 TESTERE 250&#215;4.0x30mm 40 D\u0130\u015e"},"content":{"rendered":"<div>\n\tEnlemesine ve boylamas\u0131na kesim i\u00e7in<\/div>\n<div>\n\t\u2022 De\u011fi\u015fken di\u015f e\u011fimi pozitif di\u015f a\u00e7\u0131s\u0131<\/div>\n<div>\n\t\u2022 Ses azalt\u0131lm\u0131\u015f<\/div>\n<div>\n\t\u2022 Do\u011fal ah\u015fap (yarma ve boyutland\u0131rma)<\/div>\n<div>\n\t\u2022 Tek y\u00fczey vernikli levhalar,plastik kaplama levhalar<\/div>\n<table>\n<tr>\n<td>\u00c7ap<\/td>\n<td>450<\/td>\n<\/tr>\n<tr>\n<td>Kal\u0131nl\u0131k<\/td>\n<td>4,0<\/td>\n<\/tr>\n<tr>\n<td>G\u00f6bek<\/td>\n<td>30<\/td>\n<\/tr>\n<tr>\n<td>Di\u015f<\/td>\n<td>40 di\u015f<\/td>\n<\/tr>\n<\/table>\n","protected":false},"excerpt":{"rendered":"<div>\n\tEnlemesine ve boylamas\u0131na kesim i\u00e7in<\/div>\n<div>\n\t\u2022 De\u011fi\u015fken di\u015f e\u011fimi pozitif di\u015f a\u00e7\u0131s\u0131<\/div>\n<div>\n\t\u2022 Ses azalt\u0131lm\u0131\u015f<\/div>\n<div>\n\t\u2022 Do\u011fal ah\u015fap (yarma ve boyutland\u0131rma)<\/div>\n<div>\n\t\u2022 Tek y\u00fczey vernikli levhalar,plastik kaplama levhalar<\/div>\n","protected":false},"featured_media":12376,"comment_status":"open","ping_status":"closed","template":"","meta":{"_acf_changed":false},"product_brand":[1542],"product_cat":[1050],"product_tag":[],"class_list":{"0":"post-12377","1":"product","2":"type-product","3":"status-publish","4":"has-post-thumbnail","6":"product_brand-edn","7":"product_cat-ahsap-daire-testereler","9":"first","10":"instock","11":"taxable","12":"shipping-taxable","13":"purchasable","14":"product-type-simple","15":"add-to-wishlist-after_add_to_cart"},"acf":[],"_links":{"self":[{"href":"https:\/\/www.makitamarket.com.tr\/site\/wp-json\/wp\/v2\/product\/12377","targetHints":{"allow":["GET"]}}],"collection":[{"href":"https:\/\/www.makitamarket.com.tr\/site\/wp-json\/wp\/v2\/product"}],"about":[{"href":"https:\/\/www.makitamarket.com.tr\/site\/wp-json\/wp\/v2\/types\/product"}],"replies":[{"embeddable":true,"href":"https:\/\/www.makitamarket.com.tr\/site\/wp-json\/wp\/v2\/comments?post=12377"}],"wp:featuredmedia":[{"embeddable":true,"href":"https:\/\/www.makitamarket.com.tr\/site\/wp-json\/wp\/v2\/media\/12376"}],"wp:attachment":[{"href":"https:\/\/www.makitamarket.com.tr\/site\/wp-json\/wp\/v2\/media?parent=12377"}],"wp:term":[{"taxonomy":"product_brand","embeddable":true,"href":"https:\/\/www.makitamarket.com.tr\/site\/wp-json\/wp\/v2\/product_brand?post=12377"},{"taxonomy":"product_cat","embeddable":true,"href":"https:\/\/www.makitamarket.com.tr\/site\/wp-json\/wp\/v2\/product_cat?post=12377"},{"taxonomy":"product_tag","embeddable":true,"href":"https:\/\/www.makitamarket.com.tr\/site\/wp-json\/wp\/v2\/product_tag?post=12377"}],"curies":[{"name":"wp","href":"https:\/\/api.w.org\/{rel}","templated":true}]}}