{"id":12420,"date":"2024-11-27T22:38:06","date_gmt":"2024-11-27T19:38:06","guid":{"rendered":"https:\/\/www.makitamarket.com.tr\/site\/urun\/knipex-gonyeli-yassi-kablo-makasi-215-mm\/"},"modified":"2026-04-06T14:05:57","modified_gmt":"2026-04-06T11:05:57","slug":"knipex-gonyeli-yassi-kablo-makasi-215-mm","status":"publish","type":"product","link":"https:\/\/www.makitamarket.com.tr\/site\/urun\/knipex-gonyeli-yassi-kablo-makasi-215-mm\/","title":{"rendered":"Knipex 9415215 G\u00d6NYEL\u0130 YASSI KABLO MAKASI 215 mm"},"content":{"rendered":"<p><b>94 15 215 Kesici<\/b><br \/>Geni\u015fli\u011fi 56 mm\u2019ye kadar olan yass\u0131 kablolar\u0131n ezilmeden kesilmesi i\u00e7in. Dik a\u00e7\u0131l\u0131 kesim i\u00e7in g\u00f6nyeli de\u011fi\u015ftirilebilir kesim k\u0131lavuzu. A\u00e7ma yay\u0131 ve blokaj mandal\u0131 ile. <\/p>\n<li><b>S\u00fcng\u00fc Uzunlu\u011fu: <\/b>56,0 mm<\/li>\n<table>\n<tr>\n<td>Uzunluk<\/td>\n<td>215<\/td>\n<\/tr>\n<tr>\n<td>A\u011f\u0131rl\u0131k<\/td>\n<td>346 mm<\/td>\n<\/tr>\n<\/table>\n","protected":false},"excerpt":{"rendered":"<p><b>94 15 215 Kesici<\/b><br \/>Geni\u015fli\u011fi 56 mm\u2019ye kadar olan yass\u0131 kablolar\u0131n ezilmeden kesilmesi i\u00e7in. Dik a\u00e7\u0131l\u0131 kesim i\u00e7in g\u00f6nyeli de\u011fi\u015ftirilebilir kesim k\u0131lavuzu. A\u00e7ma yay\u0131 ve blokaj mandal\u0131 ile. <\/p>\n<li><b>S\u00fcng\u00fc Uzunlu\u011fu: <\/b>56,0 mm<\/li>\n","protected":false},"featured_media":12419,"comment_status":"open","ping_status":"closed","template":"","meta":{"_acf_changed":false},"product_brand":[1486],"product_cat":[833],"product_tag":[],"class_list":{"0":"post-12420","1":"product","2":"type-product","3":"status-publish","4":"has-post-thumbnail","6":"product_brand-knipex","7":"product_cat-makaslar","9":"first","10":"instock","11":"taxable","12":"shipping-taxable","13":"purchasable","14":"product-type-simple","15":"add-to-wishlist-after_add_to_cart"},"acf":[],"_links":{"self":[{"href":"https:\/\/www.makitamarket.com.tr\/site\/wp-json\/wp\/v2\/product\/12420","targetHints":{"allow":["GET"]}}],"collection":[{"href":"https:\/\/www.makitamarket.com.tr\/site\/wp-json\/wp\/v2\/product"}],"about":[{"href":"https:\/\/www.makitamarket.com.tr\/site\/wp-json\/wp\/v2\/types\/product"}],"replies":[{"embeddable":true,"href":"https:\/\/www.makitamarket.com.tr\/site\/wp-json\/wp\/v2\/comments?post=12420"}],"wp:featuredmedia":[{"embeddable":true,"href":"https:\/\/www.makitamarket.com.tr\/site\/wp-json\/wp\/v2\/media\/12419"}],"wp:attachment":[{"href":"https:\/\/www.makitamarket.com.tr\/site\/wp-json\/wp\/v2\/media?parent=12420"}],"wp:term":[{"taxonomy":"product_brand","embeddable":true,"href":"https:\/\/www.makitamarket.com.tr\/site\/wp-json\/wp\/v2\/product_brand?post=12420"},{"taxonomy":"product_cat","embeddable":true,"href":"https:\/\/www.makitamarket.com.tr\/site\/wp-json\/wp\/v2\/product_cat?post=12420"},{"taxonomy":"product_tag","embeddable":true,"href":"https:\/\/www.makitamarket.com.tr\/site\/wp-json\/wp\/v2\/product_tag?post=12420"}],"curies":[{"name":"wp","href":"https:\/\/api.w.org\/{rel}","templated":true}]}}